{"id":1005,"date":"2011-01-13T14:17:07","date_gmt":"2011-01-13T11:17:07","guid":{"rendered":"http:\/\/dcd.uaic.ro\/?page_id=1005"},"modified":"2025-07-08T12:10:00","modified_gmt":"2025-07-08T10:10:00","slug":"pppoe","status":"publish","type":"page","link":"https:\/\/dcd.uaic.ro\/?page_id=1005","title":{"rendered":"PPPoE"},"content":{"rendered":"\t\t<div data-elementor-type=\"wp-page\" data-elementor-id=\"1005\" class=\"elementor elementor-1005\">\n\t\t\t\t\t\t<section class=\"elementor-section elementor-top-section elementor-element elementor-element-50732d5 elementor-section-boxed elementor-section-height-default elementor-section-height-default\" data-id=\"50732d5\" data-element_type=\"section\">\n\t\t\t\t\t\t<div class=\"elementor-container elementor-column-gap-default\">\n\t\t\t\t\t<div class=\"elementor-column elementor-col-33 elementor-top-column elementor-element elementor-element-3b1858f\" data-id=\"3b1858f\" data-element_type=\"column\">\n\t\t\t<div class=\"elementor-widget-wrap elementor-element-populated\">\n\t\t\t\t\t\t<div class=\"elementor-element elementor-element-73e7df5 elementor-mobile-align-center e-transform e-transform elementor-align-center elementor-invisible elementor-widget elementor-widget-button\" data-id=\"73e7df5\" data-element_type=\"widget\" data-settings=\"{&quot;_animation&quot;:&quot;fadeInLeft&quot;,&quot;_animation_mobile&quot;:&quot;fadeInLeft&quot;,&quot;_transform_rotateZ_effect_mobile&quot;:{&quot;unit&quot;:&quot;deg&quot;,&quot;size&quot;:0,&quot;sizes&quot;:[]},&quot;_transform_rotateZ_effect_hover_mobile&quot;:{&quot;unit&quot;:&quot;deg&quot;,&quot;size&quot;:0,&quot;sizes&quot;:[]},&quot;_transform_rotateZ_effect&quot;:{&quot;unit&quot;:&quot;px&quot;,&quot;size&quot;:&quot;&quot;,&quot;sizes&quot;:[]},&quot;_transform_rotateZ_effect_tablet&quot;:{&quot;unit&quot;:&quot;deg&quot;,&quot;size&quot;:&quot;&quot;,&quot;sizes&quot;:[]},&quot;_transform_rotateZ_effect_hover&quot;:{&quot;unit&quot;:&quot;px&quot;,&quot;size&quot;:&quot;&quot;,&quot;sizes&quot;:[]},&quot;_transform_rotateZ_effect_hover_tablet&quot;:{&quot;unit&quot;:&quot;deg&quot;,&quot;size&quot;:&quot;&quot;,&quot;sizes&quot;:[]}}\" data-widget_type=\"button.default\">\n\t\t\t\t<div class=\"elementor-widget-container\">\n\t\t\t\t\t\t\t\t\t<div class=\"elementor-button-wrapper\">\n\t\t\t\t\t<a class=\"elementor-button elementor-button-link elementor-size-sm\" href=\"https:\/\/dcd.uaic.ro\/?page_id=4332\">\n\t\t\t\t\t\t<span class=\"elementor-button-content-wrapper\">\n\t\t\t\t\t\t<span class=\"elementor-button-icon\">\n\t\t\t\t<i aria-hidden=\"true\" class=\"far fa-bell\"><\/i>\t\t\t<\/span>\n\t\t\t\t\t\t\t\t\t<span class=\"elementor-button-text\">Linux<\/span>\n\t\t\t\t\t<\/span>\n\t\t\t\t\t<\/a>\n\t\t\t\t<\/div>\n\t\t\t\t\t\t\t\t<\/div>\n\t\t\t\t<\/div>\n\t\t\t\t\t<\/div>\n\t\t<\/div>\n\t\t\t\t<div class=\"elementor-column elementor-col-33 elementor-top-column elementor-element elementor-element-83bb8ca\" data-id=\"83bb8ca\" data-element_type=\"column\">\n\t\t\t<div class=\"elementor-widget-wrap elementor-element-populated\">\n\t\t\t\t\t\t<div class=\"elementor-element elementor-element-59f0635 elementor-mobile-align-center e-transform e-transform elementor-align-center elementor-invisible elementor-widget elementor-widget-button\" data-id=\"59f0635\" data-element_type=\"widget\" data-settings=\"{&quot;_animation&quot;:&quot;fadeInLeft&quot;,&quot;_animation_mobile&quot;:&quot;fadeInLeft&quot;,&quot;_transform_rotateZ_effect_mobile&quot;:{&quot;unit&quot;:&quot;deg&quot;,&quot;size&quot;:0,&quot;sizes&quot;:[]},&quot;_transform_rotateZ_effect_hover_mobile&quot;:{&quot;unit&quot;:&quot;deg&quot;,&quot;size&quot;:0,&quot;sizes&quot;:[]},&quot;_transform_rotateZ_effect&quot;:{&quot;unit&quot;:&quot;px&quot;,&quot;size&quot;:&quot;&quot;,&quot;sizes&quot;:[]},&quot;_transform_rotateZ_effect_tablet&quot;:{&quot;unit&quot;:&quot;deg&quot;,&quot;size&quot;:&quot;&quot;,&quot;sizes&quot;:[]},&quot;_transform_rotateZ_effect_hover&quot;:{&quot;unit&quot;:&quot;px&quot;,&quot;size&quot;:&quot;&quot;,&quot;sizes&quot;:[]},&quot;_transform_rotateZ_effect_hover_tablet&quot;:{&quot;unit&quot;:&quot;deg&quot;,&quot;size&quot;:&quot;&quot;,&quot;sizes&quot;:[]}}\" data-widget_type=\"button.default\">\n\t\t\t\t<div class=\"elementor-widget-container\">\n\t\t\t\t\t\t\t\t\t<div class=\"elementor-button-wrapper\">\n\t\t\t\t\t<a class=\"elementor-button elementor-button-link elementor-size-sm\" href=\"https:\/\/dcd.uaic.ro\/?page_id=4157\">\n\t\t\t\t\t\t<span class=\"elementor-button-content-wrapper\">\n\t\t\t\t\t\t<span class=\"elementor-button-icon\">\n\t\t\t\t<i aria-hidden=\"true\" class=\"far fa-bell\"><\/i>\t\t\t<\/span>\n\t\t\t\t\t\t\t\t\t<span class=\"elementor-button-text\">macOS<\/span>\n\t\t\t\t\t<\/span>\n\t\t\t\t\t<\/a>\n\t\t\t\t<\/div>\n\t\t\t\t\t\t\t\t<\/div>\n\t\t\t\t<\/div>\n\t\t\t\t\t<\/div>\n\t\t<\/div>\n\t\t\t\t<div class=\"elementor-column elementor-col-33 elementor-top-column elementor-element elementor-element-5c0e2f1\" data-id=\"5c0e2f1\" data-element_type=\"column\">\n\t\t\t<div class=\"elementor-widget-wrap elementor-element-populated\">\n\t\t\t\t\t\t<div class=\"elementor-element elementor-element-7a134a7 elementor-mobile-align-center e-transform e-transform elementor-align-center elementor-invisible elementor-widget elementor-widget-button\" data-id=\"7a134a7\" data-element_type=\"widget\" data-settings=\"{&quot;_animation&quot;:&quot;fadeInLeft&quot;,&quot;_animation_mobile&quot;:&quot;fadeInLeft&quot;,&quot;_transform_rotateZ_effect_mobile&quot;:{&quot;unit&quot;:&quot;deg&quot;,&quot;size&quot;:0,&quot;sizes&quot;:[]},&quot;_transform_rotateZ_effect_hover_mobile&quot;:{&quot;unit&quot;:&quot;deg&quot;,&quot;size&quot;:0,&quot;sizes&quot;:[]},&quot;_transform_rotateZ_effect&quot;:{&quot;unit&quot;:&quot;px&quot;,&quot;size&quot;:&quot;&quot;,&quot;sizes&quot;:[]},&quot;_transform_rotateZ_effect_tablet&quot;:{&quot;unit&quot;:&quot;deg&quot;,&quot;size&quot;:&quot;&quot;,&quot;sizes&quot;:[]},&quot;_transform_rotateZ_effect_hover&quot;:{&quot;unit&quot;:&quot;px&quot;,&quot;size&quot;:&quot;&quot;,&quot;sizes&quot;:[]},&quot;_transform_rotateZ_effect_hover_tablet&quot;:{&quot;unit&quot;:&quot;deg&quot;,&quot;size&quot;:&quot;&quot;,&quot;sizes&quot;:[]}}\" data-widget_type=\"button.default\">\n\t\t\t\t<div class=\"elementor-widget-container\">\n\t\t\t\t\t\t\t\t\t<div class=\"elementor-button-wrapper\">\n\t\t\t\t\t<a class=\"elementor-button elementor-button-link elementor-size-sm\" href=\"https:\/\/dcd.uaic.ro\/?page_id=4116\">\n\t\t\t\t\t\t<span class=\"elementor-button-content-wrapper\">\n\t\t\t\t\t\t<span class=\"elementor-button-icon\">\n\t\t\t\t<i aria-hidden=\"true\" class=\"far fa-bell\"><\/i>\t\t\t<\/span>\n\t\t\t\t\t\t\t\t\t<span class=\"elementor-button-text\">Windows 11<\/span>\n\t\t\t\t\t<\/span>\n\t\t\t\t\t<\/a>\n\t\t\t\t<\/div>\n\t\t\t\t\t\t\t\t<\/div>\n\t\t\t\t<\/div>\n\t\t\t\t\t<\/div>\n\t\t<\/div>\n\t\t\t\t\t<\/div>\n\t\t<\/section>\n\t\t\t\t<section class=\"elementor-section elementor-top-section elementor-element elementor-element-4bae4011 elementor-section-boxed elementor-section-height-default elementor-section-height-default\" data-id=\"4bae4011\" data-element_type=\"section\">\n\t\t\t\t\t\t<div class=\"elementor-container elementor-column-gap-default\">\n\t\t\t\t\t<div class=\"elementor-column elementor-col-100 elementor-top-column elementor-element elementor-element-19aa5733\" data-id=\"19aa5733\" data-element_type=\"column\">\n\t\t\t<div class=\"elementor-widget-wrap elementor-element-populated\">\n\t\t\t\t\t\t<div class=\"elementor-element elementor-element-360ec4ab elementor-widget elementor-widget-text-editor\" data-id=\"360ec4ab\" data-element_type=\"widget\" data-widget_type=\"text-editor.default\">\n\t\t\t\t<div class=\"elementor-widget-container\">\n\t\t\t\t\t\t\t\t\t<blockquote style=\"text-align: justify;\"><span style=\"color: #000000;\"><strong>PPPoE<\/strong>, <strong>point-to-point protocol over <a style=\"color: #000000;\" title=\"Ethernet\" href=\"http:\/\/ro.wikipedia.org\/wiki\/Ethernet\">Ethernet<\/a><\/strong>, este un protocol de re\u021bea pentru \u00eencapsularea cadrelor <a style=\"color: #000000;\" title=\"Point-to-Point Protocol \u2014 pagin\u0103 inexistent\u0103\" href=\"http:\/\/ro.wikipedia.org\/w\/index.php?title=Point-to-Point_Protocol&amp;action=edit&amp;redlink=1\">PPP<\/a> \u00een cadre <a style=\"color: #000000;\" title=\"Ethernet\" href=\"http:\/\/ro.wikipedia.org\/wiki\/Ethernet\">Ethernet<\/a>. Este folosit mai ales pentru servicii broadband, cum ar fi <a style=\"color: #000000;\" title=\"Digital Subscriber Line\" href=\"http:\/\/ro.wikipedia.org\/wiki\/Digital_Subscriber_Line\">DSL<\/a> . Ofer\u0103 facilit\u0103\u021bile standard PPP, cum ar fi autentificare, criptare \u0219i compresie.<\/span>\n\n<span style=\"color: #000000;\"><strong>PPPoE <\/strong>este acronimul pentru Point to Point Protocol over Ethernet, ceea ce \u00eenseamn\u0103 o conexiune punct la punct, client-server, peste o conexiune Ethernet existent\u0103. Mai specific, PPPoE este un protocol ce permite simularea unei conexiuni tip Dial &#8211; Up peste o conexiune Ethernet. Serviciul PPPoE este folosit pentru autentificarea utilizatorilor re\u021belei \u0219i oferirea accesului la internet, serverele PPPoE sunt numite \u0219i concentratoare de acces.<\/span>\n\n<span style=\"color: #000000;\">O re\u021bea care folose\u0219te protocolul PPPoE ofer\u0103 urm\u0103toarele avantaje:<\/span>\n<ul>\n \t<li><span style=\"color: #000000;\">Accesul utilizatorilor la internet folosind utilizator \u0219i parol\u0103;<\/span><\/li>\n \t<li><span style=\"color: #000000;\">Alocarea dinamic\u0103 a adreselor IP de c\u0103tre serverele PPPoE;<\/span><\/li>\n \t<li><span style=\"color: #000000;\">\u00cenl\u0103turarea utiliz\u0103rii nelegitime a adreselor IP;<\/span><\/li>\n \t<li><span style=\"color: #000000;\">Contorizarea traficului f\u0103cut de c\u0103tre utilizatori;<\/span><\/li>\n \t<li><span style=\"color: #000000;\">Sistemele de operare suport pentru conectarea la re\u021beaua PPPoE;<\/span><\/li>\n \t<li><span style=\"color: #000000;\">Efort minim de configurare din partea clien\u021bilor.<\/span><\/li>\n \t<li><span style=\"color: #000000;\">Accesul se face centralizat prin intermediul concentratorului PPPoE, fapt ce permite controlul \u00eentregului trafic.<\/span><\/li>\n<\/ul>\n<span style=\"color: #000000;\">Exemplu configurare conexiune PPPoE pentru: <\/span><a title=\"Windows 8\" href=\"http:\/\/dcd.uaic.ro\/?page_id=1522\">Windows 11<\/a><\/blockquote>\t\t\t\t\t\t\t\t<\/div>\n\t\t\t\t<\/div>\n\t\t\t\t\t<\/div>\n\t\t<\/div>\n\t\t\t\t\t<\/div>\n\t\t<\/section>\n\t\t\t\t<\/div>\n\t\t<div class=\"gsp_post_data\" data-post_type=\"page\" data-cat=\"\" data-modified=\"120\" data-title=\"PPPoE\" data-home=\"https:\/\/dcd.uaic.ro\"><\/div>","protected":false},"excerpt":{"rendered":"<p>Linux macOS Windows 11 PPPoE, point-to-point protocol over Ethernet, este un protocol de re\u021bea pentru \u00eencapsularea cadrelor PPP \u00een cadre Ethernet. Este folosit mai ales pentru servicii broadband, cum ar fi DSL . Ofer\u0103 facilit\u0103\u021bile standard PPP, cum ar fi autentificare, criptare \u0219i compresie. PPPoE este acronimul pentru Point to Point Protocol over Ethernet, ceea [&hellip;]<\/p>\n","protected":false},"author":1,"featured_media":0,"parent":1000,"menu_order":2,"comment_status":"closed","ping_status":"closed","template":"","meta":{"footnotes":""},"class_list":["post-1005","page","type-page","status-publish","hentry"],"_links":{"self":[{"href":"https:\/\/dcd.uaic.ro\/index.php?rest_route=\/wp\/v2\/pages\/1005","targetHints":{"allow":["GET"]}}],"collection":[{"href":"https:\/\/dcd.uaic.ro\/index.php?rest_route=\/wp\/v2\/pages"}],"about":[{"href":"https:\/\/dcd.uaic.ro\/index.php?rest_route=\/wp\/v2\/types\/page"}],"author":[{"embeddable":true,"href":"https:\/\/dcd.uaic.ro\/index.php?rest_route=\/wp\/v2\/users\/1"}],"replies":[{"embeddable":true,"href":"https:\/\/dcd.uaic.ro\/index.php?rest_route=%2Fwp%2Fv2%2Fcomments&post=1005"}],"version-history":[{"count":3,"href":"https:\/\/dcd.uaic.ro\/index.php?rest_route=\/wp\/v2\/pages\/1005\/revisions"}],"predecessor-version":[{"id":5159,"href":"https:\/\/dcd.uaic.ro\/index.php?rest_route=\/wp\/v2\/pages\/1005\/revisions\/5159"}],"up":[{"embeddable":true,"href":"https:\/\/dcd.uaic.ro\/index.php?rest_route=\/wp\/v2\/pages\/1000"}],"wp:attachment":[{"href":"https:\/\/dcd.uaic.ro\/index.php?rest_route=%2Fwp%2Fv2%2Fmedia&parent=1005"}],"curies":[{"name":"wp","href":"https:\/\/api.w.org\/{rel}","templated":true}]}}