{"id":1080,"date":"2011-01-25T16:44:05","date_gmt":"2011-01-25T14:44:05","guid":{"rendered":"http:\/\/dcd.uaic.ro\/?page_id=1080"},"modified":"2025-11-13T11:22:59","modified_gmt":"2025-11-13T09:22:59","slug":"linux","status":"publish","type":"page","link":"https:\/\/dcd.uaic.ro\/?page_id=1080","title":{"rendered":"Linux"},"content":{"rendered":"\t\t<div data-elementor-type=\"wp-page\" data-elementor-id=\"1080\" class=\"elementor elementor-1080\">\n\t\t\t\t\t\t<section class=\"elementor-section elementor-top-section elementor-element elementor-element-1d555aa elementor-section-boxed elementor-section-height-default elementor-section-height-default\" data-id=\"1d555aa\" data-element_type=\"section\">\n\t\t\t\t\t\t<div class=\"elementor-container elementor-column-gap-default\">\n\t\t\t\t\t<div class=\"elementor-column elementor-col-100 elementor-top-column elementor-element elementor-element-7aaca91\" data-id=\"7aaca91\" data-element_type=\"column\">\n\t\t\t<div class=\"elementor-widget-wrap elementor-element-populated\">\n\t\t\t\t\t\t<div class=\"elementor-element elementor-element-89dc3ac elementor-widget elementor-widget-heading\" data-id=\"89dc3ac\" data-element_type=\"widget\" data-widget_type=\"heading.default\">\n\t\t\t\t<div class=\"elementor-widget-container\">\n\t\t\t\t\t<h2 class=\"elementor-heading-title elementor-size-default\">Procedura de conectare la re\u021beaua wireless a UAIC\nfolosind sistemul de operare\nUbuntu (Linux)<\/h2>\t\t\t\t<\/div>\n\t\t\t\t<\/div>\n\t\t\t\t\t<\/div>\n\t\t<\/div>\n\t\t\t\t\t<\/div>\n\t\t<\/section>\n\t\t\t\t<section class=\"elementor-section elementor-top-section elementor-element elementor-element-52676e65 elementor-section-boxed elementor-section-height-default elementor-section-height-default\" data-id=\"52676e65\" data-element_type=\"section\">\n\t\t\t\t\t\t<div class=\"elementor-container elementor-column-gap-default\">\n\t\t\t\t\t<div class=\"elementor-column elementor-col-100 elementor-top-column elementor-element elementor-element-41746d13\" data-id=\"41746d13\" data-element_type=\"column\">\n\t\t\t<div class=\"elementor-widget-wrap elementor-element-populated\">\n\t\t\t\t\t\t<div class=\"elementor-element elementor-element-3473a95b elementor-widget elementor-widget-text-editor\" data-id=\"3473a95b\" data-element_type=\"widget\" data-widget_type=\"text-editor.default\">\n\t\t\t\t<div class=\"elementor-widget-container\">\n\t\t\t\t\t\t\t\t\t<p>\u00a0<\/p>\n<blockquote class=\"wp-block-quote\">\n<p><strong>Tutorialul este realizat pentru Ubuntu 22.04, men\u021bion\u0103m c\u0103 pentru celelalte versiuni sau distribu\u021bii ale sistemului de operare pa\u0219ii vor fi urma\u021bi prin analogie.<\/strong><\/p>\n<p><!-- \/wp:paragraph --><\/p>\n<\/blockquote>\n<p><!-- \/wp:quote --><\/p>\n<p><!-- wp:paragraph --><\/p>\n<p style=\"text-align: justify;\">Pentru a putea seta conexiunea wireless, calculatorul dumneavoastr\u0103 trebuie s\u0103 fie dotat cu un adaptor wireless (&#8220;placa de re\u021bea&#8221;), driverele corespunz\u0103toare acestuia s\u0103 fie instalate corect, iar adresa IP sa fie ob\u021binut\u0103 folosind protocolul <a href=\"http:\/\/en.wikipedia.org\/wiki\/Dhcp\">DHCP<\/a>.<\/p>\n<p><!-- \/wp:paragraph --><\/p>\n<p><!-- wp:paragraph --><\/p>\n<p style=\"text-align: justify;\"><b>Dac\u0103 face\u0163i parte dintr-o institu\u0163ie afiliat\u0103 EDUROAM \u0219i ave\u0163i un cont \u00een cadrul acesteia, v\u0103 pute\u0163i conecta la re\u0163eaua wireless a Universit\u0103\u0163ii &#8220;Alexandru Ioan Cuza&#8221; sau v\u0103 pute\u0163i crea o conexiune PPPoE cu utilizatorul \u015fi parola de\u0163inute. <\/b><br \/><strong><br \/>Observa\u021bie:<\/strong> Utilizatorii care au deja un cont \u0219i o parol\u0103 de acces \u00een re\u021bea vor trece direct la <b>pasul II.<\/b><\/p>\n<p style=\"text-align: justify;\"><span style=\"color: #ff00ff;\"><strong>Pasul I<\/strong><\/span><\/p>\n<ul>\n<li>V\u0103 conecta\u021bi la re\u021beaua UAIC;<\/li>\n<li style=\"text-align: justify;\">\u00cen acest moment, la deschiderea oric\u0103rei pagini web, ve\u021bi fi redirec\u021biona\u021bi c\u0103tre <a href=\"https:\/\/register.uaic.ro\/\" target=\"_blank\" rel=\"noopener\">pagina de \u00eenregistrare<\/a> pentru crearea contului de acces la Internet;<\/li>\n<li>trebuie s\u0103 completa\u021bi formularul specific categoriei din care face\u021bi parte:\n<ul>\n<li style=\"list-style-type: none;\">\n<ul>\n<li style=\"list-style-type: none;\">\n<ul>\n<li><a href=\"https:\/\/register.uaic.ro\/prof-register\/index.php\">formular pentru angaja\u021bi;<\/a><\/li>\n<li><a href=\"https:\/\/register.uaic.ro\/stud-register\/index.php\">formular studen\u021bi;<\/a><\/li>\n<li><a href=\"https:\/\/register.uaic.ro\/guest-register\/index.php\">formular oaspe\u021bi.<\/a><\/li>\n<\/ul>\n<\/li>\n<\/ul>\n<\/li>\n<\/ul>\n<\/li>\n<\/ul>\n<p style=\"text-align: justify;\"><span style=\"color: #ff0000;\">Aten\u021bie !!! Complet\u00e2nd formularul de \u00eenregistrare, declara\u021bi c\u0103 sunte\u021bi de acord cu <a style=\"color: #ff0000;\" href=\"https:\/\/dcd.uaic.ro\/?page_id=3342\" target=\"_blank\" rel=\"noopener\">Politica de Securitate<\/a> \u0219i <a style=\"color: #ff0000;\" href=\"https:\/\/dcd.uaic.ro\/?page_id=3342\" target=\"_blank\" rel=\"noopener\">Planul de Securitate<\/a> ale Universit\u0103\u021bii &#8220;Alexandru Ioan Cuza&#8221;.<\/span><\/p>\n<ul>\n<li style=\"text-align: justify;\">Dup\u0103 completarea formularului, pute\u021bi verifica existen\u021ba \u0219i afla denumirea contului creat (\u00een general este de forma prenume.nume), acces\u00e2nd <a href=\"https:\/\/register.uaic.ro\/stare-cont\/\" target=\"_blank\" rel=\"noopener\">pagina de verificare a acestuia;<\/a><\/li>\n<li style=\"text-align: justify;\">Dac\u0103 la verificarea datelor au fost depistate discrepan\u021be \u00eentre datele introduse de dumneavoastr\u0103 \u00een formularul de \u00eenregistrare \u0219i cele din baza de date a Universit\u0103\u021bii &#8220;Alexandru Ioan Cuza&#8221;, contul dumneavoastr\u0103 nu va fi creat.<\/li>\n<\/ul>\n<blockquote>\n<p style=\"text-align: justify;\">Sistemul de autentificare face direfen\u021ba \u00eentre literele mari \u0219i cele mici.<br \/>Dac\u0103 la \u00eenregistrare a\u021bi completat formularul cu majuscule (folosind Shift sau Caps Lock) parola va fi introdus\u0103 \u00een acela\u0219i mod!!<\/p>\n<\/blockquote>\n<p><strong>Dup\u0103 ce datele au fost prelucrate \u0219i a\u021bi ob\u021binut numele de utilizator (\u00een general, acesta este de forma prenume.nume), pute\u021bi trece la setarea conexiunii Wireless, astfel:<\/strong><\/p>\n<p style=\"text-align: justify;\"><span style=\"color: #ff00ff;\"><strong>Pasul II<\/strong><\/span><\/p>\n<ul>\n<li>Scana\u021bi si instala\u021bi profilul din codul QR:<\/li>\n<\/ul>\n<p><img fetchpriority=\"high\" decoding=\"async\" class=\"alignnone size-medium wp-image-5039\" src=\"https:\/\/dcd.uaic.ro\/wp-content\/uploads\/2024\/10\/qr-eduroam-300x300.jpg\" alt=\"\" width=\"300\" height=\"300\" srcset=\"https:\/\/dcd.uaic.ro\/wp-content\/uploads\/2024\/10\/qr-eduroam-300x300.jpg 300w, https:\/\/dcd.uaic.ro\/wp-content\/uploads\/2024\/10\/qr-eduroam-150x150.jpg 150w, https:\/\/dcd.uaic.ro\/wp-content\/uploads\/2024\/10\/qr-eduroam.jpg 588w\" sizes=\"(max-width: 300px) 100vw, 300px\" \/><\/p>\n<ul>\n<li>sau accesa\u021bi \u0219i instala\u021bi profilul din urm\u0103torul link:<\/li>\n<\/ul>\n<p style=\"padding-left: 40px;\"><strong><a href=\"https:\/\/cat.eduroam.org\/?idp=7089&amp;profile=12920\">https:\/\/cat.eduroam.org\/?idp=7089&amp;profile=12920<\/a><\/strong><\/p>\n<p>Dac\u0103 nu pute\u021bi urma instruc\u021biunile din <strong><span style=\"color: #ff00ff;\">Pasul II<\/span><\/strong>, pute\u021bi configura manual:<\/p>\n<figure class=\"wp-block-embed is-type-rich is-provider-embed-handler wp-block-embed-embed-handler\"><\/figure>\n<p><!-- \/wp:embed --><\/p>\t\t\t\t\t\t\t\t<\/div>\n\t\t\t\t<\/div>\n\t\t\t\t\t<\/div>\n\t\t<\/div>\n\t\t\t\t\t<\/div>\n\t\t<\/section>\n\t\t\t\t<section class=\"elementor-section elementor-top-section elementor-element elementor-element-7ba88cd elementor-section-boxed elementor-section-height-default elementor-section-height-default\" data-id=\"7ba88cd\" data-element_type=\"section\">\n\t\t\t\t\t\t<div class=\"elementor-container elementor-column-gap-default\">\n\t\t\t\t\t<div class=\"elementor-column elementor-col-100 elementor-top-column elementor-element elementor-element-9c6a779\" data-id=\"9c6a779\" data-element_type=\"column\">\n\t\t\t<div class=\"elementor-widget-wrap elementor-element-populated\">\n\t\t\t\t\t\t<div class=\"elementor-element elementor-element-02c05ca elementor-widget elementor-widget-video\" data-id=\"02c05ca\" data-element_type=\"widget\" data-settings=\"{&quot;video_type&quot;:&quot;hosted&quot;,&quot;controls&quot;:&quot;yes&quot;}\" data-widget_type=\"video.default\">\n\t\t\t\t<div class=\"elementor-widget-container\">\n\t\t\t\t\t\t\t<div class=\"e-hosted-video elementor-wrapper elementor-open-inline\">\n\t\t\t\t\t<video class=\"elementor-video\" src=\"https:\/\/dcd.uaic.ro\/wp-content\/uploads\/2023\/01\/wireless-ubuntu-1.webm\" controls=\"\" preload=\"metadata\" controlsList=\"nodownload\"><\/video>\n\t\t\t\t<\/div>\n\t\t\t\t\t\t<\/div>\n\t\t\t\t<\/div>\n\t\t\t\t\t<\/div>\n\t\t<\/div>\n\t\t\t\t\t<\/div>\n\t\t<\/section>\n\t\t\t\t<section class=\"elementor-section elementor-top-section elementor-element elementor-element-adb323d elementor-section-boxed elementor-section-height-default elementor-section-height-default\" data-id=\"adb323d\" data-element_type=\"section\">\n\t\t\t\t\t\t<div class=\"elementor-container elementor-column-gap-default\">\n\t\t\t\t\t<div class=\"elementor-column elementor-col-100 elementor-top-column elementor-element elementor-element-feea7a9\" data-id=\"feea7a9\" data-element_type=\"column\">\n\t\t\t<div class=\"elementor-widget-wrap elementor-element-populated\">\n\t\t\t\t\t\t<div class=\"elementor-element elementor-element-7347dd4 elementor-widget elementor-widget-text-editor\" data-id=\"7347dd4\" data-element_type=\"widget\" data-widget_type=\"text-editor.default\">\n\t\t\t\t<div class=\"elementor-widget-container\">\n\t\t\t\t\t\t\t\t\t<p><span style=\"color: #0000ff;\">\u00cen cazul \u00een care nu ave\u021bi instalat certificatul solicitat, trebuie urma\u021bi pa\u0219ii:<\/span><\/p>\n<ol>\n<li>Se acceseaz\u0103 pagina <a class=\"moz-txt-link-freetext\" href=\"https:\/\/pki.cesnet.cz\/en\/ch-tcs-crt-crl.html\">https:\/\/pki.cesnet.cz\/en\/ch-tcs-crt-crl.html<\/a> <br \/>\u00een partea de jos, la \u201eGEANT OV RSA CA 4 (intermediate certificate)\u201d se descarc\u0103\u00a0 \u201eCertificate chain (full chain) Download (PEM)\u201d;<\/li>\n<li>se descarc\u0103 fi\u0219ierul <a class=\"moz-txt-link-freetext\" role=\"link\" href=\"https:\/\/pki.cesnet.cz\/_media\/certs\/chain_geant_ov_rsa_ca_4_full.pem\">https:\/\/pki.cesnet.cz\/_media\/certs\/chain_geant_ov_rsa_ca_4_full.pem<\/a> \u00een directorul \/usr\/share\/ca-certificates\/mozilla;<\/li>\n<li>ca root se lanseaz\u0103 comanda <strong>update-ca-certificates.<\/strong><\/li>\n<\/ol>\t\t\t\t\t\t\t\t<\/div>\n\t\t\t\t<\/div>\n\t\t\t\t\t<\/div>\n\t\t<\/div>\n\t\t\t\t\t<\/div>\n\t\t<\/section>\n\t\t\t\t<\/div>\n\t\t<div class=\"gsp_post_data\" data-post_type=\"page\" data-cat=\"\" data-modified=\"120\" data-title=\"Linux\" data-home=\"https:\/\/dcd.uaic.ro\"><\/div>","protected":false},"excerpt":{"rendered":"<p>Procedura de conectare la re\u021beaua wireless a UAIC folosind sistemul de operare Ubuntu (Linux) \u00a0 Tutorialul este realizat pentru Ubuntu 22.04, men\u021bion\u0103m c\u0103 pentru celelalte versiuni sau distribu\u021bii ale sistemului de operare pa\u0219ii vor fi urma\u021bi prin analogie. Pentru a putea seta conexiunea wireless, calculatorul dumneavoastr\u0103 trebuie s\u0103 fie dotat cu un adaptor wireless (&#8220;placa [&hellip;]<\/p>\n","protected":false},"author":1,"featured_media":0,"parent":1003,"menu_order":1,"comment_status":"closed","ping_status":"closed","template":"","meta":{"footnotes":""},"class_list":["post-1080","page","type-page","status-publish","hentry"],"_links":{"self":[{"href":"https:\/\/dcd.uaic.ro\/index.php?rest_route=\/wp\/v2\/pages\/1080","targetHints":{"allow":["GET"]}}],"collection":[{"href":"https:\/\/dcd.uaic.ro\/index.php?rest_route=\/wp\/v2\/pages"}],"about":[{"href":"https:\/\/dcd.uaic.ro\/index.php?rest_route=\/wp\/v2\/types\/page"}],"author":[{"embeddable":true,"href":"https:\/\/dcd.uaic.ro\/index.php?rest_route=\/wp\/v2\/users\/1"}],"replies":[{"embeddable":true,"href":"https:\/\/dcd.uaic.ro\/index.php?rest_route=%2Fwp%2Fv2%2Fcomments&post=1080"}],"version-history":[{"count":24,"href":"https:\/\/dcd.uaic.ro\/index.php?rest_route=\/wp\/v2\/pages\/1080\/revisions"}],"predecessor-version":[{"id":6272,"href":"https:\/\/dcd.uaic.ro\/index.php?rest_route=\/wp\/v2\/pages\/1080\/revisions\/6272"}],"up":[{"embeddable":true,"href":"https:\/\/dcd.uaic.ro\/index.php?rest_route=\/wp\/v2\/pages\/1003"}],"wp:attachment":[{"href":"https:\/\/dcd.uaic.ro\/index.php?rest_route=%2Fwp%2Fv2%2Fmedia&parent=1080"}],"curies":[{"name":"wp","href":"https:\/\/api.w.org\/{rel}","templated":true}]}}