{"id":111,"date":"2010-08-04T12:58:07","date_gmt":"2010-08-04T09:58:07","guid":{"rendered":"http:\/\/dcd.uaic.ro\/?page_id=111"},"modified":"2010-08-04T12:58:07","modified_gmt":"2010-08-04T09:58:07","slug":"servicii","status":"publish","type":"page","link":"https:\/\/dcd.uaic.ro\/?page_id=111","title":{"rendered":"Servicii"},"content":{"rendered":"<p style=\"text-align: justify;\">D.C.D. furnizeaz\u0103 o gam\u0103 larg\u0103 de servicii de comunica\u0163ii de date, \u00eemp\u0103r\u0163ite \u00een urm\u0103toarele categorii:<\/p>\n<ul style=\"text-align: justify;\">\n<li>\n<div style=\"text-align: justify;\"><a href=\"http:\/\/dcd.uaic.ro\/?page_id=113\" target=\"_blank\" rel=\"noopener\">Servicii de baz\u0103 (<\/a>conectivitate, DNS, MX, FTP, Proxy, g\u0103zduire pagini web, E-mail, liste de discu\u0163ii);<\/div>\n<\/li>\n<li>\n<div style=\"text-align: justify;\"><a href=\"http:\/\/dcd.uaic.ro\/?page_id=116\" target=\"_blank\" rel=\"noopener\">Servicii E-mail<\/a> (WebMail, schimbarea parolei);<\/div>\n<\/li>\n<li>\n<div style=\"text-align: justify;\"><a href=\"http:\/\/dcd.uaic.ro\/?page_id=118\" target=\"_blank\" rel=\"noopener\">Servicii de telefonie<\/a> ;<\/div>\n<\/li>\n<li>\n<div style=\"text-align: justify;\"><a href=\"http:\/\/dcd.uaic.ro\/?page_id=121\" target=\"_blank\" rel=\"noopener\">Servicii avansate<\/a> (IPv6, PKI, QoS, conferin\u0163e, firewall);<\/div>\n<\/li>\n<li>\n<div style=\"text-align: justify;\"><a href=\"http:\/\/dcd.uaic.ro\/?page_id=123\" target=\"_blank\" rel=\"noopener\">Servicii campus studen\u0163i<\/a><\/div>\n<\/li>\n<\/ul>\n<p style=\"text-align: justify;\">Sunt disponibile toate serviciile unei re\u0163ele TCP\/IP \u015fi a fost implementat noul <a href=\"http:\/\/dcd.uaic.ro\/?page_id=719\" target=\"_blank\" rel=\"noopener\">protocol IP versiunea 6<\/a>, \u00een premier\u0103 \u00eentr-o Universitate din Rom\u00e2nia.<\/p>\n<p style=\"text-align: justify;\">To\u0163i utilizatorii cu acces la re\u0163eaua de comunica\u0163ii trebuie s\u0103 respecte o serie de <a href=\"http:\/\/dcd.uaic.ro\/?page_id=32\" target=\"_blank\" rel=\"noopener\">Regulamente<\/a>.<\/p>\n<p style=\"text-align: justify;\"><!--- WEB-PROFESSIONAL-SITE-CONTENT:end ---><\/p>\n<div class=\"gsp_post_data\" data-post_type=\"page\" data-cat=\"\" data-modified=\"120\" data-title=\"Servicii\" data-home=\"https:\/\/dcd.uaic.ro\"><\/div>","protected":false},"excerpt":{"rendered":"<p>D.C.D. furnizeaz\u0103 o gam\u0103 larg\u0103 de servicii de comunica\u0163ii de date, \u00eemp\u0103r\u0163ite \u00een urm\u0103toarele categorii: Servicii de baz\u0103 (conectivitate, DNS, MX, FTP, Proxy, g\u0103zduire pagini web, E-mail, liste de discu\u0163ii); Servicii E-mail (WebMail, schimbarea parolei); Servicii de telefonie ; Servicii avansate (IPv6, PKI, QoS, conferin\u0163e, firewall); Servicii campus studen\u0163i Sunt disponibile toate serviciile unei re\u0163ele [&hellip;]<\/p>\n","protected":false},"author":1,"featured_media":0,"parent":0,"menu_order":3,"comment_status":"closed","ping_status":"closed","template":"","meta":{"footnotes":""},"class_list":["post-111","page","type-page","status-publish","hentry"],"_links":{"self":[{"href":"https:\/\/dcd.uaic.ro\/index.php?rest_route=\/wp\/v2\/pages\/111","targetHints":{"allow":["GET"]}}],"collection":[{"href":"https:\/\/dcd.uaic.ro\/index.php?rest_route=\/wp\/v2\/pages"}],"about":[{"href":"https:\/\/dcd.uaic.ro\/index.php?rest_route=\/wp\/v2\/types\/page"}],"author":[{"embeddable":true,"href":"https:\/\/dcd.uaic.ro\/index.php?rest_route=\/wp\/v2\/users\/1"}],"replies":[{"embeddable":true,"href":"https:\/\/dcd.uaic.ro\/index.php?rest_route=%2Fwp%2Fv2%2Fcomments&post=111"}],"version-history":[{"count":0,"href":"https:\/\/dcd.uaic.ro\/index.php?rest_route=\/wp\/v2\/pages\/111\/revisions"}],"wp:attachment":[{"href":"https:\/\/dcd.uaic.ro\/index.php?rest_route=%2Fwp%2Fv2%2Fmedia&parent=111"}],"curies":[{"name":"wp","href":"https:\/\/api.w.org\/{rel}","templated":true}]}}