{"id":113,"date":"2010-08-04T12:58:34","date_gmt":"2010-08-04T09:58:34","guid":{"rendered":"http:\/\/dcd.uaic.ro\/?page_id=113"},"modified":"2025-11-13T13:48:55","modified_gmt":"2025-11-13T11:48:55","slug":"servicii-de-baza","status":"publish","type":"page","link":"https:\/\/dcd.uaic.ro\/?page_id=113","title":{"rendered":"Servicii de baz\u0103"},"content":{"rendered":"<p style=\"text-align: justify;\">Direc\u021bia Comunica\u0163ii Digitale \u0219i Informatizare ofer\u0103 utilizatorilor din cadrul Universit\u0103\u0163ii &#8220;Alexandru Ioan Cuza&#8221;, Ia\u015fi, urm\u0103toarele <strong>servicii de baz\u0103:<\/strong><\/p>\n<ul>\n<li><a href=\"http:\/\/dcd.uaic.ro\/?page_id=582\">Conectivitate<\/a><\/li>\n<li><a href=\"http:\/\/dcd.uaic.ro\/?page_id=585\">DNS<\/a><\/li>\n<li><a href=\"http:\/\/dcd.uaic.ro\/?page_id=623\">MX<\/a><\/li>\n<li><a href=\"http:\/\/dcd.uaic.ro\/?page_id=633\">FTP<\/a><\/li>\n<li><a href=\"http:\/\/dcd.uaic.ro\/?page_id=659\">G\u0103zduire pagini web<\/a><\/li>\n<li><a title=\"Liste de discutii\" href=\"http:\/\/dcd.uaic.ro\/?page_id=666\">Liste de discu\u0163ii<\/a><\/li>\n<\/ul>\n<div class=\"gsp_post_data\" data-post_type=\"page\" data-cat=\"\" data-modified=\"120\" data-title=\"Servicii de baz\u0103\" data-home=\"https:\/\/dcd.uaic.ro\"><\/div>","protected":false},"excerpt":{"rendered":"<p>Direc\u021bia Comunica\u0163ii Digitale \u0219i Informatizare ofer\u0103 utilizatorilor din cadrul Universit\u0103\u0163ii &#8220;Alexandru Ioan Cuza&#8221;, Ia\u015fi, urm\u0103toarele servicii de baz\u0103: Conectivitate DNS MX FTP G\u0103zduire pagini web Liste de discu\u0163ii<\/p>\n","protected":false},"author":1,"featured_media":0,"parent":111,"menu_order":1,"comment_status":"closed","ping_status":"closed","template":"","meta":{"footnotes":""},"class_list":["post-113","page","type-page","status-publish","hentry"],"_links":{"self":[{"href":"https:\/\/dcd.uaic.ro\/index.php?rest_route=\/wp\/v2\/pages\/113","targetHints":{"allow":["GET"]}}],"collection":[{"href":"https:\/\/dcd.uaic.ro\/index.php?rest_route=\/wp\/v2\/pages"}],"about":[{"href":"https:\/\/dcd.uaic.ro\/index.php?rest_route=\/wp\/v2\/types\/page"}],"author":[{"embeddable":true,"href":"https:\/\/dcd.uaic.ro\/index.php?rest_route=\/wp\/v2\/users\/1"}],"replies":[{"embeddable":true,"href":"https:\/\/dcd.uaic.ro\/index.php?rest_route=%2Fwp%2Fv2%2Fcomments&post=113"}],"version-history":[{"count":2,"href":"https:\/\/dcd.uaic.ro\/index.php?rest_route=\/wp\/v2\/pages\/113\/revisions"}],"predecessor-version":[{"id":6362,"href":"https:\/\/dcd.uaic.ro\/index.php?rest_route=\/wp\/v2\/pages\/113\/revisions\/6362"}],"up":[{"embeddable":true,"href":"https:\/\/dcd.uaic.ro\/index.php?rest_route=\/wp\/v2\/pages\/111"}],"wp:attachment":[{"href":"https:\/\/dcd.uaic.ro\/index.php?rest_route=%2Fwp%2Fv2%2Fmedia&parent=113"}],"curies":[{"name":"wp","href":"https:\/\/api.w.org\/{rel}","templated":true}]}}