{"id":116,"date":"2010-08-04T12:59:16","date_gmt":"2010-08-04T09:59:16","guid":{"rendered":"http:\/\/dcd.uaic.ro\/?page_id=116"},"modified":"2025-11-13T11:44:10","modified_gmt":"2025-11-13T09:44:10","slug":"servicii-e-mail","status":"publish","type":"page","link":"https:\/\/dcd.uaic.ro\/?page_id=116","title":{"rendered":"Servicii E-mail"},"content":{"rendered":"\t\t<div data-elementor-type=\"wp-page\" data-elementor-id=\"116\" class=\"elementor elementor-116\">\n\t\t\t\t\t\t<section class=\"elementor-section elementor-top-section elementor-element elementor-element-7d62604d elementor-section-boxed elementor-section-height-default elementor-section-height-default\" data-id=\"7d62604d\" data-element_type=\"section\">\n\t\t\t\t\t\t<div class=\"elementor-container elementor-column-gap-default\">\n\t\t\t\t\t<div class=\"elementor-column elementor-col-100 elementor-top-column elementor-element elementor-element-40cb8215\" data-id=\"40cb8215\" data-element_type=\"column\">\n\t\t\t<div class=\"elementor-widget-wrap elementor-element-populated\">\n\t\t\t\t\t\t<div class=\"elementor-element elementor-element-9de9048 elementor-button-warning elementor-align-center elementor-widget elementor-widget-button\" data-id=\"9de9048\" data-element_type=\"widget\" data-widget_type=\"button.default\">\n\t\t\t\t<div class=\"elementor-widget-container\">\n\t\t\t\t\t\t\t\t\t<div class=\"elementor-button-wrapper\">\n\t\t\t\t\t<a class=\"elementor-button elementor-button-link elementor-size-md\" href=\"https:\/\/dcd.uaic.ro\/?page_id=992\">\n\t\t\t\t\t\t<span class=\"elementor-button-content-wrapper\">\n\t\t\t\t\t\t<span class=\"elementor-button-icon\">\n\t\t\t\t<i aria-hidden=\"true\" class=\"fas fa-at\"><\/i>\t\t\t<\/span>\n\t\t\t\t\t\t\t\t\t<span class=\"elementor-button-text\">Acces Thunderbird<\/span>\n\t\t\t\t\t<\/span>\n\t\t\t\t\t<\/a>\n\t\t\t\t<\/div>\n\t\t\t\t\t\t\t\t<\/div>\n\t\t\t\t<\/div>\n\t\t\t\t<div class=\"elementor-element elementor-element-33d5e399 elementor-widget elementor-widget-text-editor\" data-id=\"33d5e399\" data-element_type=\"widget\" data-widget_type=\"text-editor.default\">\n\t\t\t\t<div class=\"elementor-widget-container\">\n\t\t\t\t\t\t\t\t\t<table border=\"1\" width=\"100%\" cellspacing=\"0\" cellpadding=\"0\"><tbody><tr><td style=\"text-align: justify; font-size: 11.5px;\"><p><span style=\"color: #a30000;\"><strong><span style=\"color: #000000;\">Direc\u021bia Comunica\u021bii Digitale \u0219i Informatizare<\/span> <span style=\"color: #ff0000;\">nu solicit\u0103 niciodat\u0103 utilizatorilor parolele folosite pentru accesarea serviciului de email<\/span><\/strong><span style=\"color: #ff0000;\"><span style=\"color: #000000;\">. <\/span><\/span><\/span>\u00a0\u00cen cazul \u00een care primiti astfel de email-uri (sau ave\u021bi orice fel de dubii fa\u021b\u0103 de email-urile primite sau trafic suspect) v\u0103 rug\u0103m s\u0103 ne anunta\u021bi la telefon 1002 (pe interior), +40 232 201 002 (num\u0103r RomTelecom) sau prin email la adresa support@uaic.ro.<\/p><ul><li><a href=\"http:\/\/ro.wikipedia.org\/wiki\/Phishing\">http:\/\/ro.wikipedia.org\/wiki\/Phishing<\/a><\/li><li><a href=\"..\/?page_id=74\" target=\"_blank\" rel=\"noopener noreferrer\">Politica de Securitate privind Sistemul Resurselor Informatice \u015fi de Comunica\u0163ii<\/a><\/li><li><a href=\"..\/?page_id=90\" target=\"_blank\" rel=\"noopener noreferrer\">Planul de Securitate privind Utilizarea Resurselor Informatice \u015fi de Comunica\u0163ii <\/a><\/li><\/ul><\/td><\/tr><\/tbody><\/table><blockquote><p><span style=\"color: #000000; font-size: 17px;\"><strong>WebMail &#8211; Conectare email UAIC<\/strong><\/span><\/p><p style=\"text-align: justify; color: #000000;\"><span style=\"color: #a30000;\"><strong>Contul dvs. de mail<\/strong> <\/span>&#8211; Pute\u0163i citi, scrie, transmite mesaje direct din <b><i>browser<\/i><\/b>-ul dvs. de <b><i>&gt;web<\/i><\/b> (Internet Explorer, Mozilla Firefox, Google Chrome, Opera etc.) folosind programul de tip <b><i>webMail<\/i><\/b> instalat pe acest server,\u00a0<strong><a href=\"https:\/\/rainmail.uaic.ro\/\">RainMail<\/a><\/strong><b>.<\/b><\/p><\/blockquote>\t\t\t\t\t\t\t\t<\/div>\n\t\t\t\t<\/div>\n\t\t\t\t\t<\/div>\n\t\t<\/div>\n\t\t\t\t\t<\/div>\n\t\t<\/section>\n\t\t\t\t<section class=\"elementor-section elementor-top-section elementor-element elementor-element-97f713e elementor-section-boxed elementor-section-height-default elementor-section-height-default\" data-id=\"97f713e\" data-element_type=\"section\">\n\t\t\t\t\t\t<div class=\"elementor-container elementor-column-gap-default\">\n\t\t\t\t\t<div class=\"elementor-column elementor-col-100 elementor-top-column elementor-element elementor-element-f712aef\" data-id=\"f712aef\" data-element_type=\"column\">\n\t\t\t<div class=\"elementor-widget-wrap elementor-element-populated\">\n\t\t\t\t\t\t<div class=\"elementor-element elementor-element-1fb7036 elementor-widget elementor-widget-read-more\" data-id=\"1fb7036\" data-element_type=\"widget\" data-widget_type=\"read-more.default\">\n\t\t\t\t<div class=\"elementor-widget-container\">\n\t\t\t\t\t<\/div><\/div><\/div><\/div><\/div><\/section><\/div> <a href=\"https:\/\/dcd.uaic.ro\/?page_id=116#more-116\" class=\"more-link elementor-more-link\"><span aria-label=\"Continue reading Servicii E-mail\">Mai multe detalii<\/span><\/a><div class=\"gsp_post_data\" data-post_type=\"page\" data-cat=\"\" data-modified=\"120\" data-title=\"Servicii E-mail\" data-home=\"https:\/\/dcd.uaic.ro\"><\/div>","protected":false},"excerpt":{"rendered":"<p>Acces Thunderbird Direc\u021bia Comunica\u021bii Digitale \u0219i Informatizare nu solicit\u0103 niciodat\u0103 utilizatorilor parolele folosite pentru accesarea serviciului de email. \u00a0\u00cen cazul \u00een care primiti astfel de email-uri (sau ave\u021bi orice fel de dubii fa\u021b\u0103 de email-urile primite sau trafic suspect) v\u0103 rug\u0103m s\u0103 ne anunta\u021bi la telefon 1002 (pe interior), +40 232 201 002 (num\u0103r RomTelecom) [&hellip;]<\/p>\n","protected":false},"author":1,"featured_media":0,"parent":111,"menu_order":2,"comment_status":"closed","ping_status":"closed","template":"","meta":{"footnotes":""},"class_list":["post-116","page","type-page","status-publish","hentry"],"_links":{"self":[{"href":"https:\/\/dcd.uaic.ro\/index.php?rest_route=\/wp\/v2\/pages\/116","targetHints":{"allow":["GET"]}}],"collection":[{"href":"https:\/\/dcd.uaic.ro\/index.php?rest_route=\/wp\/v2\/pages"}],"about":[{"href":"https:\/\/dcd.uaic.ro\/index.php?rest_route=\/wp\/v2\/types\/page"}],"author":[{"embeddable":true,"href":"https:\/\/dcd.uaic.ro\/index.php?rest_route=\/wp\/v2\/users\/1"}],"replies":[{"embeddable":true,"href":"https:\/\/dcd.uaic.ro\/index.php?rest_route=%2Fwp%2Fv2%2Fcomments&post=116"}],"version-history":[{"count":18,"href":"https:\/\/dcd.uaic.ro\/index.php?rest_route=\/wp\/v2\/pages\/116\/revisions"}],"predecessor-version":[{"id":6293,"href":"https:\/\/dcd.uaic.ro\/index.php?rest_route=\/wp\/v2\/pages\/116\/revisions\/6293"}],"up":[{"embeddable":true,"href":"https:\/\/dcd.uaic.ro\/index.php?rest_route=\/wp\/v2\/pages\/111"}],"wp:attachment":[{"href":"https:\/\/dcd.uaic.ro\/index.php?rest_route=%2Fwp%2Fv2%2Fmedia&parent=116"}],"curies":[{"name":"wp","href":"https:\/\/api.w.org\/{rel}","templated":true}]}}