{"id":118,"date":"2010-08-04T12:59:30","date_gmt":"2010-08-04T09:59:30","guid":{"rendered":"http:\/\/dcd.uaic.ro\/?page_id=118"},"modified":"2025-11-13T13:20:09","modified_gmt":"2025-11-13T11:20:09","slug":"servicii-telefonie","status":"publish","type":"page","link":"https:\/\/dcd.uaic.ro\/?page_id=118","title":{"rendered":"Servicii Telefonie"},"content":{"rendered":"<p><strong>Sistemul de Telefonie<\/strong> ce deserve\u015fte Universitatea \u201cAlexandru Ioan Cuza\u201d din Ia\u015fi este divizat \u00een dou\u0103 ramuri:<\/p>\n<ol>\n<li><strong>Sistem de Telefonie comutat\u0103<\/strong> (clasic)<\/li>\n<li><strong>Sistem de Telefonie VoIP <\/strong>(Voice Over IP)<\/li>\n<\/ol>\n<p>\u00centregul sistem este interoperabil, realiz\u00e2ndu-se astfel comunicarea direct\u0103 \u00eentre cele dou\u0103 ramuri. Numerota\u0163ia ce deserve\u015fte sistemul de telefonie este \u00eemp\u0103r\u0163it\u0103 \u00een dou\u0103 categorii:<\/p>\n<ol>\n<li><strong>Numerota\u0163ie de tip DID<\/strong> (Direct In Dialing), care permite ca num\u0103rul de telefon s\u0103 fie reprezentat direct \u00een re\u0163eaua de telefonie public\u0103 (Romtelecom). Astfel, pentru acest tip de cifra\u0163ie, un num\u0103r de interior poate fi apelat din exterior form\u00e2nd direct 0232201xxx.<\/li>\n<li><strong>Numerota\u0163ie de tip DISA<\/strong> (Direct Inward System Access) ce permite apelarea unui num\u0103r de telefon de interior care nu are reprezentare \u00een re\u0163eaua de telefonie public\u0103, \u015fi, prin urmare, nu se poate realiza accesul direct la acesta. Pentru efectuarea unui astfel de apel se formeaz\u0103 num\u0103rul de telefon de tip <strong>DISA 0232201102<\/strong>. Acest apel este \u00eenso\u0163it de un mesaj de \u00eent\u00e2mpinare ce permite apelantului s\u0103 fie mai u\u015for redirec\u0163ionat.\n<ul>\n<li>Astfel, dac\u0103 apelantul cunoa\u015fte num\u0103rul de interior, \u00eel poate forma \u00een continuare pe acesta.<\/li>\n<li>Dac\u0103 num\u0103rul de interior nu este cunoscut, dup\u0103 15 secunde de la terminarea mesajului, apelul este direc\u0163ionat c\u0103tre serviciul de operatoare al universit\u0103\u0163ii (num\u0103r de interior 1000).<br \/>\n<em> Preciz\u0103m c\u0103 serviciul de operatoare este func\u0163ional \u00een intervalul orar 8.00 &#8211; 16.00, de Luni p\u00e2n\u0103 Vineri.<\/em><\/li>\n<\/ul>\n<\/li>\n<\/ol>\n<p>Numerele de interior din cadrul Sistemului de Telefonie a Universit\u0103\u0163ii cu reprezentare \u00een re\u0163eaua de telefonie public\u0103 sunt cuprinse \u00een intervalul <strong>0232201000 &#8211; 0232201899<\/strong>, adic\u0103 numere de interior din intervalul 1000 &#8211; 1899. Aceste numere sunt, de regul\u0103, distribuite \u00een cadrul serviciilor ce deservesc Universitatea (rectorat, facult\u0103\u0163i, departamente, compartimente etc.).<\/p>\n<p>Numerele de interior f\u0103r\u0103 reprezentare \u00een re\u0163eaua de telefonie public\u0103 sunt distribuite astfel:<\/p>\n<ol>\n<li><strong>intervalul 2000 &#8211; 2699<\/strong> suplimenteaz\u0103 numerele de telefon ce deservesc serviciile Universit\u0103\u0163ii;<\/li>\n<li><strong>intervalul 2701 &#8211; 2892<\/strong> este utilizat \u00een c\u0103minul Akademos;<\/li>\n<li><strong>intervalul 3601 &#8211; 3792<\/strong> este utilizat \u00een c\u0103minul Gaudeamus.<\/li>\n<\/ol>\n<p>Pentru realizarea convorbirilor din exterior spre camerele din c\u0103minele Gaudeamus \u015fi Akademos, pot fi folosite \u015fi telefoanele de la cele dou\u0103 recep\u021bii:<\/p>\n<ul>\n<li><strong>0232201700<\/strong> \u2013 recep\u0163ie Gaudeamus;<\/li>\n<li><strong>0232201102\/2873<\/strong> \u2013 recep\u0163ie Akademos.<\/li>\n<\/ul>\n<p><strong>Serviciile de telefonie furnizate de c\u0103tre D.C.D. <\/strong>includ facilit\u0103\u0163i moderne de telefonie: numerota\u0163ie abreviat\u0103, rutare alternativ\u0103, cod de autorizare, call-back automat, redirec\u0163ionarea apelurilor \u015fi <em>follow<\/em>-me, preluarea apelurilor, apel \u00een a\u015fteptare, programarea categoriei, teleconferin\u0163\u0103, nu deranja\u0163i, grupuri de hunting, distribuirea apelurilor etc.<\/p>\n<div class=\"gsp_post_data\" data-post_type=\"page\" data-cat=\"\" data-modified=\"120\" data-title=\"Servicii Telefonie\" data-home=\"https:\/\/dcd.uaic.ro\"><\/div>","protected":false},"excerpt":{"rendered":"<p>Sistemul de Telefonie ce deserve\u015fte Universitatea \u201cAlexandru Ioan Cuza\u201d din Ia\u015fi este divizat \u00een dou\u0103 ramuri: Sistem de Telefonie comutat\u0103 (clasic) Sistem de Telefonie VoIP (Voice Over IP) \u00centregul sistem este interoperabil, realiz\u00e2ndu-se astfel comunicarea direct\u0103 \u00eentre cele dou\u0103 ramuri. Numerota\u0163ia ce deserve\u015fte sistemul de telefonie este \u00eemp\u0103r\u0163it\u0103 \u00een dou\u0103 categorii: Numerota\u0163ie de tip DID [&hellip;]<\/p>\n","protected":false},"author":1,"featured_media":0,"parent":111,"menu_order":3,"comment_status":"closed","ping_status":"closed","template":"","meta":{"footnotes":""},"class_list":["post-118","page","type-page","status-publish","hentry"],"_links":{"self":[{"href":"https:\/\/dcd.uaic.ro\/index.php?rest_route=\/wp\/v2\/pages\/118","targetHints":{"allow":["GET"]}}],"collection":[{"href":"https:\/\/dcd.uaic.ro\/index.php?rest_route=\/wp\/v2\/pages"}],"about":[{"href":"https:\/\/dcd.uaic.ro\/index.php?rest_route=\/wp\/v2\/types\/page"}],"author":[{"embeddable":true,"href":"https:\/\/dcd.uaic.ro\/index.php?rest_route=\/wp\/v2\/users\/1"}],"replies":[{"embeddable":true,"href":"https:\/\/dcd.uaic.ro\/index.php?rest_route=%2Fwp%2Fv2%2Fcomments&post=118"}],"version-history":[{"count":1,"href":"https:\/\/dcd.uaic.ro\/index.php?rest_route=\/wp\/v2\/pages\/118\/revisions"}],"predecessor-version":[{"id":6342,"href":"https:\/\/dcd.uaic.ro\/index.php?rest_route=\/wp\/v2\/pages\/118\/revisions\/6342"}],"up":[{"embeddable":true,"href":"https:\/\/dcd.uaic.ro\/index.php?rest_route=\/wp\/v2\/pages\/111"}],"wp:attachment":[{"href":"https:\/\/dcd.uaic.ro\/index.php?rest_route=%2Fwp%2Fv2%2Fmedia&parent=118"}],"curies":[{"name":"wp","href":"https:\/\/api.w.org\/{rel}","templated":true}]}}