{"id":121,"date":"2010-08-04T13:02:48","date_gmt":"2010-08-04T10:02:48","guid":{"rendered":"http:\/\/dcd.uaic.ro\/?page_id=121"},"modified":"2010-08-04T13:02:48","modified_gmt":"2010-08-04T10:02:48","slug":"servicii-avansate","status":"publish","type":"page","link":"https:\/\/dcd.uaic.ro\/?page_id=121","title":{"rendered":"Servicii avansate"},"content":{"rendered":"<p>\t\t\t\tDepartamentul de Comunica\u0163ii Digitale ofer\u0103 utilizatorilor din cadrul Universit\u0103\u0163ii &#8220;Alexandru Ioan Cuza&#8221;, Ia\u015fi, urm\u0103toarele servicii avansate:<\/p>\n<ul>\n<li><a href=\"http:\/\/dcd.uaic.ro\/?page_id=719\">IPv6<\/a><\/li>\n<li><a href=\"http:\/\/dcd.uaic.ro\/?page_id=722\">PKI<\/a><\/li>\n<li><span style=\"color: #0000ff;\">QoS<\/span><\/li>\n<li><a href=\"http:\/\/dcd.uaic.ro\/?page_id=729\">Conferin\u0163e<\/a><\/li>\n<li><a href=\"http:\/\/dcd.uaic.ro\/?page_id=732\">Firewall<\/a><\/li>\n<\/ul>\n<div class=\"gsp_post_data\" data-post_type=\"page\" data-cat=\"\" data-modified=\"120\" data-title=\"Servicii avansate\" data-home=\"https:\/\/dcd.uaic.ro\"><\/div>","protected":false},"excerpt":{"rendered":"<p>Departamentul de Comunica\u0163ii Digitale ofer\u0103 utilizatorilor din cadrul Universit\u0103\u0163ii &#8220;Alexandru Ioan Cuza&#8221;, Ia\u015fi, urm\u0103toarele servicii avansate: IPv6 PKI QoS Conferin\u0163e Firewall<\/p>\n","protected":false},"author":1,"featured_media":0,"parent":111,"menu_order":4,"comment_status":"closed","ping_status":"closed","template":"","meta":{"footnotes":""},"class_list":["post-121","page","type-page","status-publish","hentry"],"_links":{"self":[{"href":"https:\/\/dcd.uaic.ro\/index.php?rest_route=\/wp\/v2\/pages\/121","targetHints":{"allow":["GET"]}}],"collection":[{"href":"https:\/\/dcd.uaic.ro\/index.php?rest_route=\/wp\/v2\/pages"}],"about":[{"href":"https:\/\/dcd.uaic.ro\/index.php?rest_route=\/wp\/v2\/types\/page"}],"author":[{"embeddable":true,"href":"https:\/\/dcd.uaic.ro\/index.php?rest_route=\/wp\/v2\/users\/1"}],"replies":[{"embeddable":true,"href":"https:\/\/dcd.uaic.ro\/index.php?rest_route=%2Fwp%2Fv2%2Fcomments&post=121"}],"version-history":[{"count":0,"href":"https:\/\/dcd.uaic.ro\/index.php?rest_route=\/wp\/v2\/pages\/121\/revisions"}],"up":[{"embeddable":true,"href":"https:\/\/dcd.uaic.ro\/index.php?rest_route=\/wp\/v2\/pages\/111"}],"wp:attachment":[{"href":"https:\/\/dcd.uaic.ro\/index.php?rest_route=%2Fwp%2Fv2%2Fmedia&parent=121"}],"curies":[{"name":"wp","href":"https:\/\/api.w.org\/{rel}","templated":true}]}}