{"id":123,"date":"2010-08-04T13:03:08","date_gmt":"2010-08-04T10:03:08","guid":{"rendered":"http:\/\/dcd.uaic.ro\/?page_id=123"},"modified":"2025-11-13T13:28:25","modified_gmt":"2025-11-13T11:28:25","slug":"servicii-campus-studenti","status":"publish","type":"page","link":"https:\/\/dcd.uaic.ro\/?page_id=123","title":{"rendered":"Servicii campus studen\u0163i"},"content":{"rendered":"<blockquote><p><span style=\"color: #0000ff; text-align: justify;\"><strong>Direc\u021bia Comunica\u0163ii Digitale \u0219i Informatizare<\/strong> ofer\u0103 studen\u0163ilor acces la re\u0163eaua de comunica\u021bii de date a Universit\u0103\u0163ii &#8220;Alexandru Ioan Cuza&#8221; din Ia\u0219i.<\/span><\/p>\n<p><span style=\"color: #0000ff;\">Pentru a putea beneficia de acces trebuie s\u0103 fi\u021bi \u00eenregistrat \u00een directorul LDAP. \u00cen cazul \u00een care nu sunte\u021bi \u00eenregistrat, pute\u021bi face acest lucru <a style=\"color: #0000ff;\" href=\"https:\/\/register.uaic.ro\/\"><strong>aici<\/strong><\/a><strong>.<\/strong><\/span><\/p><\/blockquote>\n<p style=\"text-align: justify;\">Studen\u021bii se conecteaz\u0103 la internet folosind contul ob\u021binut \u00een urma complet\u0103rii formularului de \u00eenregistrare.<\/p>\n<p style=\"text-align: justify;\">C\u0103minul C6, precum si tronsoanele de oaspe\u021bi din c\u0103minele C5, C17 (Gaudeamus) \u0219i C18 (Akademos) sunt dotate cu puncte de acces wireless.<\/p>\n<p>Celelalte c\u0103mine sunt dotate cu puncte de acces wireless \u00een s\u0103lile de lectur\u0103.<\/p>\n<p>Pentru acces la internet prin cablu \u00een toate c\u0103minele C1-C4, C5-C8, C10-C13, C17-C19 (Buna Vestire), studen\u021bii trebuie s\u0103 se conecteze folosind o conexiune de tip PPPoE (Broadband connection).<\/p>\n<div class=\"gsp_post_data\" data-post_type=\"page\" data-cat=\"\" data-modified=\"120\" data-title=\"Servicii campus studen\u0163i\" data-home=\"https:\/\/dcd.uaic.ro\"><\/div>","protected":false},"excerpt":{"rendered":"<p>Direc\u021bia Comunica\u0163ii Digitale \u0219i Informatizare ofer\u0103 studen\u0163ilor acces la re\u0163eaua de comunica\u021bii de date a Universit\u0103\u0163ii &#8220;Alexandru Ioan Cuza&#8221; din Ia\u0219i. Pentru a putea beneficia de acces trebuie s\u0103 fi\u021bi \u00eenregistrat \u00een directorul LDAP. \u00cen cazul \u00een care nu sunte\u021bi \u00eenregistrat, pute\u021bi face acest lucru aici. Studen\u021bii se conecteaz\u0103 la internet folosind contul ob\u021binut \u00een [&hellip;]<\/p>\n","protected":false},"author":1,"featured_media":0,"parent":111,"menu_order":5,"comment_status":"closed","ping_status":"closed","template":"","meta":{"footnotes":""},"class_list":["post-123","page","type-page","status-publish","hentry"],"_links":{"self":[{"href":"https:\/\/dcd.uaic.ro\/index.php?rest_route=\/wp\/v2\/pages\/123","targetHints":{"allow":["GET"]}}],"collection":[{"href":"https:\/\/dcd.uaic.ro\/index.php?rest_route=\/wp\/v2\/pages"}],"about":[{"href":"https:\/\/dcd.uaic.ro\/index.php?rest_route=\/wp\/v2\/types\/page"}],"author":[{"embeddable":true,"href":"https:\/\/dcd.uaic.ro\/index.php?rest_route=\/wp\/v2\/users\/1"}],"replies":[{"embeddable":true,"href":"https:\/\/dcd.uaic.ro\/index.php?rest_route=%2Fwp%2Fv2%2Fcomments&post=123"}],"version-history":[{"count":3,"href":"https:\/\/dcd.uaic.ro\/index.php?rest_route=\/wp\/v2\/pages\/123\/revisions"}],"predecessor-version":[{"id":6348,"href":"https:\/\/dcd.uaic.ro\/index.php?rest_route=\/wp\/v2\/pages\/123\/revisions\/6348"}],"up":[{"embeddable":true,"href":"https:\/\/dcd.uaic.ro\/index.php?rest_route=\/wp\/v2\/pages\/111"}],"wp:attachment":[{"href":"https:\/\/dcd.uaic.ro\/index.php?rest_route=%2Fwp%2Fv2%2Fmedia&parent=123"}],"curies":[{"name":"wp","href":"https:\/\/api.w.org\/{rel}","templated":true}]}}