{"id":126,"date":"2010-08-04T13:04:08","date_gmt":"2010-08-04T10:04:08","guid":{"rendered":"http:\/\/dcd.uaic.ro\/?page_id=126"},"modified":"2010-08-04T13:04:08","modified_gmt":"2010-08-04T10:04:08","slug":"proceduri","status":"publish","type":"page","link":"https:\/\/dcd.uaic.ro\/?page_id=126","title":{"rendered":"Proceduri"},"content":{"rendered":"<p style=\"text-align: justify;\">Dac\u0103        sunte\u0163i angajat al Universit\u0103\u0163ii &#8220;Alexandru Ioan Cuza&#8221;, Ia\u015fi \u015fi dori\u0163i s\u0103 deveni\u0163i beneficiarul<a href=\"http:\/\/dcd.uaic.ro\/?page_id=111\"> serviciilor        de comunica\u0163ii <\/a>oferite de c\u0103tre Departamentul de Comunica\u0163ii Digitale, v\u0103 rug\u0103m s\u0103 urma\u0163i        procedura (procedurile) de mai jos, \u00een func\u0163ie de solicitarea        (solicit\u0103rile) dvs.:<\/p>\n<ul style=\"text-align: justify;\">\n<li><a href=\"http:\/\/dcd.uaic.ro\/?page_id=128\">Procedura Opera\u0163ional\u0103 Lucr\u0103ri Re\u0163ea Date<\/a> (pentru           conectare la re\u0163eaua de Comunica\u0163ii a <a href=\"http:\/\/uaic.ro\/\" target=\"_blank\" rel=\"noopener\">Universit\u0103\u0163ii &#8220;Alexandru Ioan Cuza&#8221;, Ia\u015fi<\/a> sau pentru          modific\u0103ri\/desfiin\u0163\u0103ri privind calculatoarele ce sunt conectate la          aceast\u0103 re\u0163ea);<\/li>\n<li><a href=\"http:\/\/dcd.uaic.ro\/?page_id=130\">Procedura Opera\u0163ional\u0103 Lucr\u0103ri Telefonie<\/a> (pentru          \u00eenfiin\u0163are\/modificare\/desfiin\u0163are post telefonic).<\/li>\n<\/ul>\n<p style=\"text-align: justify;\">Dac\u0103        sunte\u0163i deja un utilizator cu acces la re\u0163eaua de comunica\u0163ii a        Universit\u0103\u0163ii &#8220;Alexandru Ioan Cuza&#8221;, Ia\u015fi \u015fi dori\u0163i s\u0103 semnala\u0163i        un <a href=\"http:\/\/dcd.uaic.ro\/?page_id=132\">deranjament<\/a>, trebuie s\u0103 urma\u0163i <a href=\"http:\/\/dcd.uaic.ro\/?page_id=132\">Procedura        Deranjament Re\u0163ea  Internet-Telefonie<\/a>.<\/p>\n<div class=\"gsp_post_data\" data-post_type=\"page\" data-cat=\"\" data-modified=\"120\" data-title=\"Proceduri\" data-home=\"https:\/\/dcd.uaic.ro\"><\/div>","protected":false},"excerpt":{"rendered":"<p>Dac\u0103 sunte\u0163i angajat al Universit\u0103\u0163ii &#8220;Alexandru Ioan Cuza&#8221;, Ia\u015fi \u015fi dori\u0163i s\u0103 deveni\u0163i beneficiarul serviciilor de comunica\u0163ii oferite de c\u0103tre Departamentul de Comunica\u0163ii Digitale, v\u0103 rug\u0103m s\u0103 urma\u0163i procedura (procedurile) de mai jos, \u00een func\u0163ie de solicitarea (solicit\u0103rile) dvs.: Procedura Opera\u0163ional\u0103 Lucr\u0103ri Re\u0163ea Date (pentru conectare la re\u0163eaua de Comunica\u0163ii a Universit\u0103\u0163ii &#8220;Alexandru Ioan Cuza&#8221;, [&hellip;]<\/p>\n","protected":false},"author":1,"featured_media":0,"parent":0,"menu_order":4,"comment_status":"closed","ping_status":"closed","template":"","meta":{"footnotes":""},"class_list":["post-126","page","type-page","status-publish","hentry"],"_links":{"self":[{"href":"https:\/\/dcd.uaic.ro\/index.php?rest_route=\/wp\/v2\/pages\/126","targetHints":{"allow":["GET"]}}],"collection":[{"href":"https:\/\/dcd.uaic.ro\/index.php?rest_route=\/wp\/v2\/pages"}],"about":[{"href":"https:\/\/dcd.uaic.ro\/index.php?rest_route=\/wp\/v2\/types\/page"}],"author":[{"embeddable":true,"href":"https:\/\/dcd.uaic.ro\/index.php?rest_route=\/wp\/v2\/users\/1"}],"replies":[{"embeddable":true,"href":"https:\/\/dcd.uaic.ro\/index.php?rest_route=%2Fwp%2Fv2%2Fcomments&post=126"}],"version-history":[{"count":0,"href":"https:\/\/dcd.uaic.ro\/index.php?rest_route=\/wp\/v2\/pages\/126\/revisions"}],"wp:attachment":[{"href":"https:\/\/dcd.uaic.ro\/index.php?rest_route=%2Fwp%2Fv2%2Fmedia&parent=126"}],"curies":[{"name":"wp","href":"https:\/\/api.w.org\/{rel}","templated":true}]}}