{"id":130,"date":"2010-08-04T13:04:50","date_gmt":"2010-08-04T10:04:50","guid":{"rendered":"http:\/\/dcd.uaic.ro\/?page_id=130"},"modified":"2023-01-11T14:06:39","modified_gmt":"2023-01-11T12:06:39","slug":"lucrari-telefonie","status":"publish","type":"page","link":"https:\/\/dcd.uaic.ro\/?page_id=130","title":{"rendered":"Lucr\u0103ri Telefonie"},"content":{"rendered":"\t\t<div data-elementor-type=\"wp-page\" data-elementor-id=\"130\" class=\"elementor elementor-130\">\n\t\t\t\t\t\t<section class=\"elementor-section elementor-top-section elementor-element elementor-element-7b3258a3 elementor-section-boxed elementor-section-height-default elementor-section-height-default\" data-id=\"7b3258a3\" data-element_type=\"section\">\n\t\t\t\t\t\t<div class=\"elementor-container elementor-column-gap-default\">\n\t\t\t\t\t<div class=\"elementor-column elementor-col-100 elementor-top-column elementor-element elementor-element-55fd6442\" data-id=\"55fd6442\" data-element_type=\"column\">\n\t\t\t<div class=\"elementor-widget-wrap elementor-element-populated\">\n\t\t\t\t\t\t<div class=\"elementor-element elementor-element-12281194 elementor-widget elementor-widget-text-editor\" data-id=\"12281194\" data-element_type=\"widget\" data-widget_type=\"text-editor.default\">\n\t\t\t\t<div class=\"elementor-widget-container\">\n\t\t\t\t\t\t\t\t\t<div>\u00a0<\/div><div style=\"text-align: center;\"><span style=\"color: #000080;\"><strong>PROCEDUR\u0102 OPERA\u0162IONAL\u0102 \u2013 LUCR\u0102RI TELEFONIE<\/strong><\/span><\/div><div>\u00a0<\/div><div style=\"text-align: justify;\"><span style=\"color: #000000;\"><strong><br \/>I. GENERALIT\u0102\u0162I<\/strong><\/span><p><span style=\"color: #000000;\">Procedura este reglementarea prin care se stabilesc etapele ce trebuie parcurse succesiv \u015fi obligatoriu, \u00een mod nediscriminatoriu, de c\u0103tre \u00eentreg personalul Universit\u0103\u0163ii &#8220;Alexandru Ioan Cuza&#8221; Ia\u015fi, pentru executarea lucr\u0103rilor de extindere a re\u0163elei de comunica\u0163ii la nivel de utilizator.<\/span><\/p><p><span style=\"color: #000000;\">Procedura va fi \u00eenso\u0163it\u0103 de o serie de formulare adi\u0163ionale, prin care se transmit \u015fi se recep\u0163ioneaz\u0103 interactiv de c\u0103tre solicitant, executan\u0163i, \u015fefii ierarhici implica\u0163i, precum \u015fi de organele abilitate de supraveghere \u015fi control, informa\u0163iile \u015fi datele necesare situa\u0163iei \u00een cauz\u0103.<\/span><\/p><p><span style=\"color: #000000;\">Procedura define\u015fte circula\u0163ia exact\u0103 a acestor formulare \u015fi termenii de execu\u0163ie a lucr\u0103rilor, care trebuie respectat\u0103 \u00eentocmai.<\/span><\/p><p><span style=\"color: #000000;\"><strong> II. DEFINI\u0162II<\/strong><\/span><\/p><p><span style=\"color: #000000;\">Prin <em>Lucrare Telefonie<\/em> se \u00een\u0163elege \u00eenfiin\u0163area, modificarea sau desfiin\u0163area unui post telefonic. Lucrarea presupune, cel pu\u0163in, urm\u0103toarele etape din punct de vedere tehnic:<\/span><\/p><ol type=\"a\"><li><span style=\"color: #000000;\">\u00eentocmire\/consultare proiect lucrare;<\/span><\/li><li><span style=\"color: #000000;\">instalare canal de cablu;<\/span><\/li><li><span style=\"color: #000000;\">instalare cablu;<\/span><\/li><li><span style=\"color: #000000;\">instalare priz\u0103 telecomunica\u0163ii;<\/span><\/li><li><span style=\"color: #000000;\">instalare circuit telefonic \u00een centrala telefonic\u0103;<\/span><\/li><li><span style=\"color: #000000;\">setarea circuitului \u00een centrala telefonic\u0103;<\/span><\/li><li><span style=\"color: #000000;\">verificarea parametrilor tehnici \u015fi predarea la beneficiar.<\/span><\/li><\/ol><p><span style=\"color: #000000;\">Prin <em>Operator de Serviciu<\/em> se \u00een\u0163elege angajatul din cadrul D.C.D. care are ca atribu\u0163ie de serviciu preluarea \u015fi \u00eenregistrarea documentelor.<\/span><br \/><span style=\"color: #000000;\"> Prin <em>Responsabil de Lucrare<\/em> se \u00een\u0163elege angajatul din cadrul D.C.D. care are ca atribu\u0163ie de serviciu coordonarea execu\u0163iei unei lucr\u0103ri \u015fi predarea c\u0103tre Solicitant.<\/span><br \/><span style=\"color: #000000;\"> Prin <em>Solicitant<\/em> se \u00een\u0163elege persoana, angajat al Universit\u0103\u0163ii &#8220;Alexandru Ioan Cuza&#8221; Ia\u015fi care solicit\u0103 executarea unei Lucr\u0103ri de c\u0103tre D.C.D.<\/span><\/p><p><span style=\"color: #000000;\"><strong> III. ETAPE<\/strong><\/span><\/p><p><span style=\"color: #000000;\">Toate lucr\u0103rile vor fi efectuate numai dup\u0103 \u00eendeplinirea tuturor etapelor precizate \u00een capitolul curent.<\/span><br \/><span style=\"color: #000000;\"> Aceste etape sunt:<\/span><\/p><ol><li><span style=\"color: #000000;\">Cerere \u2013 Aprobare: pentru execu\u0163ia unei lucr\u0103ri sunt necesare aprob\u0103rile din partea conducerii Facult\u0103\u0163ii\/Departamentului, Viza tehnica a D.C.D., Viza Serviciului Contabilitate cu precizarea sursei de finan\u0163are \u015fi aprobarea conducerii Universit\u0103\u0163ii &#8220;Alexandru Ioan Cuza&#8221; Ia\u015fi.<\/span><\/li><li><span style=\"color: #000000;\">Achizi\u0163ia echipamentelor\/materialelor se face de c\u0103tre Serviciul Aprovizionare pe baza referatelor depuse lunar de c\u0103tre D.C.D. conform cu solicit\u0103rile.<\/span><\/li><li><span style=\"color: #000000;\">Planificarea lucr\u0103rii se va face de c\u0103tre D.C.D. \u015fi se va aduce la cuno\u015ftin\u0163a Solicitantului prin e-mail.<\/span><\/li><li><span style=\"color: #000000;\">Executarea lucr\u0103rii se va face \u00een termen de maxim 30 zile lucr\u0103toare de la data la care au fost recep\u0163ionate materialele.<\/span><\/li><li><span style=\"color: #000000;\">\u00cenchiderea lucr\u0103rii se va face prin Bon de Lucru semnat de D.C.D., Solicitant \u015fi conducerea Facult\u0103\u0163ii\/Departamentului.<\/span><\/li><\/ol><p><span style=\"color: #000000;\"><strong> III.1. CERERE \u2013 APROB\u0102RI<\/strong><\/span><\/p><p><span style=\"color: #000000;\"><strong>Obligatiile beneficiarului<\/strong><\/span><\/p><ol><li><span style=\"color: #000000;\">Ob\u0163inerea formularului<\/span><br \/><ol type=\"a\"><li><span style=\"color: #000000;\">de pe serverul web al DCD (<a style=\"color: #000000;\" href=\"http:\/\/www.dcd.uaic.ro\/\">www.dcd.uaic.ro<\/a>) sec\u0163iunea <a style=\"color: #000000;\" title=\"Open with Google Docs Viewer.\" href=\"http:\/\/dcd.uaic.ro\/doc\/Formular_Lucrare_Telefonie_final.pdf\"><em><em>Documente<\/em><\/em><\/a> (\u00een format pdf)<\/span><\/li><\/ol><\/li><li><span style=\"color: #000000;\">Completarea formularului<\/span><br \/><ol type=\"a\"><li><span style=\"color: #000000;\">formularul se va tip\u0103ri pe o singur\u0103 foaie format A4 (fa\u0163\u0103\/verso)<\/span><\/li><li><span style=\"color: #000000;\">va completa sec\u0163iunea I \u015fi se va semna de c\u0103tre solicitant<\/span><\/li><li><span style=\"color: #000000;\">va depune formularul par\u0163ial completat la D.C.D. pentru analiz\u0103 \u00een timpul programului de lucru cu publicul (D.C.D. va completa sec\u0163iunile III, IV \u015fi V). Solicitantul va re\u0163ine num\u0103rul de tichet asociat.<\/span><\/li><li><span style=\"color: #000000;\">va ridica de la D.C.D. formularul completat (dup\u0103 minim 3 zile lucr\u0103toare)<\/span><\/li><li><span style=\"color: #000000;\">va ob\u0163ine toate vizele\/semn\u0103turile\/\u015ftampilele necesare<\/span><\/li><li><span style=\"color: #000000;\">va depune formularul complet la D.C.D.<\/span><\/li><\/ol><\/li><\/ol><p><span style=\"color: #000000;\"><strong>Obliga\u0163iile D.C.D.<\/strong><\/span><\/p><ol><li><span style=\"color: #000000;\">Preluarea formularului par\u0163ial completat<\/span><br \/><ol type=\"a\"><li><span style=\"color: #000000;\">D.C.D. va prelua prin Operatorul de Serviciu \u00een intervalul orar 10:30-12:30 formularele \u015fi va deschide un tichet al c\u0103rui num\u0103r va fi comunicat solicitantului \u015fi completat pe formular.<\/span><\/li><li><span style=\"color: #000000;\">Se va completa adresa de e-mail a solicitantului \u00een c\u00e2mpul <em>Requestor<\/em> al sistemului de tichete.<\/span><\/li><li><span style=\"color: #000000;\">Tichetul se va asigna conduc\u0103torului echipei de lucru pentru lucr\u0103ri de telefonie care va r\u0103spunde de prelucrarea ulterioar\u0103 a acestuia \u015fi de execu\u0163ia lucr\u0103rii dac\u0103 aceasta se va aproba.<\/span><\/li><\/ol><\/li><li><span style=\"color: #000000;\">Se va \u00eentocmi devizul estimativ \u015fi se va completa sec\u0163iunea V de c\u0103tre responsabilul de lucrare.<\/span><\/li><li><span style=\"color: #000000;\">Formularul completat se va semna de c\u0103tre Responsabilul de Lucrare \u015fi de c\u0103tre Directorul D.C.D. astfel \u00eenc\u00e2t formularul s\u0103 poat\u0103 fi preluat de c\u0103tre Solicitant pentru ob\u0163inerea vizelor\/semn\u0103turilor\/\u015ftampilelelor necesare \u00een termen de 3 zile lucr\u0103toare de la data depunerii acestuia.<\/span><\/li><li><span style=\"color: #000000;\">Lucr\u0103rile care, din punct de vedere tehnic, nu pot fi efectuate se vor motiva \u00een sec\u0163iunea IV \u015fi se vor lua \u00een considerare pentru proiectele de dezvoltare ulterioar\u0103 a sistemului de comunica\u0163ii de date.<\/span><\/li><\/ol><p><span style=\"color: #000000;\"><strong> III.2. ACHIZI\u0162IA MATERIALELOR<\/strong><\/span><\/p><p><span style=\"color: #000000;\">Toate echipamentele \u015fi materialele necesare se vor achizi\u0163iona de c\u0103tre D.C.D. care va \u00eentocmi lunar referate pentru achizi\u0163ie.<\/span><br \/><span style=\"color: #000000;\"> \u00cen conformitate cu legile \u00een vigoare se va crea un stoc de materiale care s\u0103 poat\u0103 fi folosite pentru realizarea lucr\u0103rilor curente.<\/span><br \/><span style=\"color: #000000;\"> Pentru situa\u0163iile \u00een care nu exist\u0103 materiale pe stoc procedura de realizare a lucr\u0103rii va fi am\u00e2nat\u0103 cu timpul necesar procedurilor de achizi\u0163ie.<\/span><\/p><p><span style=\"color: #000000;\"><strong> III.3. PLANIFICAREA LUCR\u0102RII<\/strong><\/span><\/p><p><span style=\"color: #000000;\">Lucrarea se va planifica de c\u0103tre Responsabilul de lucrare care va completa sec\u0163iunea VI. Intervalul de timp prev\u0103zut \u00een planificare se va aduce la cuno\u015ftin\u0163a beneficiarului prin sistemul de tichete (acesta va primi un e-mail).<\/span><br \/><span style=\"color: #000000;\"> Planificarea unei lucr\u0103ri trebuie s\u0103 se fac\u0103 \u00een a\u015fa fel \u00eenc\u00e2t aceasta s\u0103 se execute \u00een maxim 30 zile lucr\u0103toare dup\u0103 \u00eendeplinirea procedurii de achizi\u0163ie.<\/span><br \/><span style=\"color: #000000;\"> Solicitantul are obliga\u0163ia s\u0103 asigure accesul \u00een spa\u0163iile de lucru la data \u015fi ora specificat\u0103, \u00een caz contrar lucrarea va fi am\u00e2nat\u0103 \u015fi va primi o prioritate mai mic\u0103.<\/span><\/p><p><span style=\"color: #000000;\"><strong> III.4. EXECUTAREA LUCR\u0102RII<\/strong><\/span><\/p><p><span style=\"color: #000000;\">La data planificat\u0103 Responsabilul de Lucrare, \u00eempreun\u0103 cu echipa desemnat\u0103, va executa lucrarea conform planului intern \u00eentocmit de Responsabilul de Lucrare. Lucrarea se consider\u0103 \u00eencheiat\u0103 dup\u0103 efectuarea m\u0103sur\u0103torilor \u015fi testelor specifice.<\/span><\/p><p><span style=\"color: #000000;\"><strong> III.5. \u00ceNCHIDERE LUCRARE<\/strong><\/span><\/p><p><span style=\"color: #000000;\">Dup\u0103 executarea lucr\u0103rii, Responsabilul de Lucrare completeaz\u0103 Bonul de lucru pentru decontarea materialelor. Acesta se semneaz\u0103 de c\u0103tre Solicitant \u015fi de c\u0103tre Conducerea Facult\u0103\u0163ii\/Departamentului.<\/span><br \/><span style=\"color: #000000;\"> Responsabilul de Lucrare va proceda la \u00eenchiderea tichetului prin notificarea Solicitantului \u015fi a Directorului D.C.D.<\/span><\/p><p><span style=\"color: #000000;\"><strong>IV. DISPOZI\u0162II FINALE<\/strong><\/span><\/p><p><span style=\"color: #000000;\">Termenul de execu\u0163ie a unei lucr\u0103ri poate fi extins \u00een urm\u0103toarele condi\u0163ii:<\/span><\/p><div><ol><li><span style=\"color: #000000;\">Aprobarea conducerii Universit\u0103\u0163ii &#8220;Alexandru Ioan Cuza&#8221; Ia\u015fi<\/span><\/li><li><span style=\"color: #000000;\">Cazuri de for\u0163\u0103 major\u0103<\/span><\/li><li><span style=\"color: #000000;\">Situa\u0163iile \u00een care Solicitantul nu asigur\u0103 accesul echipei de lucru \u00een spa\u0163iile destinate la data \u015fi ora prev\u0103zute \u00een formular\/tichet.<em> \u00cen acest caz termenul se prelunge\u015fte cu \u00eenc\u0103 30 de zile.<\/em><\/span><\/li><\/ol><\/div><p><span style=\"color: #000000;\">Nerespectarea termenului de execu\u0163ie atrage sanc\u0163ionarea Responsabilului de Lucrare.<\/span><\/p><p><span style=\"color: #000000;\">Toate deplas\u0103rile echipei de lucru care nu se finalizeaz\u0103, din vina solicitantului (nu se asigur\u0103 accesul \u00een spa\u0163iile de lucru) se vor imputa Facult\u0103\u0163ii\/Departamentului.<\/span><\/p><\/div>\t\t\t\t\t\t\t\t<\/div>\n\t\t\t\t<\/div>\n\t\t\t\t\t<\/div>\n\t\t<\/div>\n\t\t\t\t\t<\/div>\n\t\t<\/section>\n\t\t\t\t<\/div>\n\t\t<div class=\"gsp_post_data\" data-post_type=\"page\" data-cat=\"\" data-modified=\"120\" data-title=\"Lucr\u0103ri Telefonie\" data-home=\"https:\/\/dcd.uaic.ro\"><\/div>","protected":false},"excerpt":{"rendered":"<p>\u00a0PROCEDUR\u0102 OPERA\u0162IONAL\u0102 \u2013 LUCR\u0102RI TELEFONIE\u00a0I. GENERALIT\u0102\u0162I Procedura este reglementarea prin care se stabilesc etapele ce trebuie parcurse succesiv \u015fi obligatoriu, \u00een mod nediscriminatoriu, de c\u0103tre \u00eentreg personalul Universit\u0103\u0163ii &#8220;Alexandru Ioan Cuza&#8221; Ia\u015fi, pentru executarea lucr\u0103rilor de extindere a re\u0163elei de comunica\u0163ii la nivel de utilizator. Procedura va fi \u00eenso\u0163it\u0103 de o serie de formulare adi\u0163ionale, [&hellip;]<\/p>\n","protected":false},"author":1,"featured_media":0,"parent":126,"menu_order":2,"comment_status":"closed","ping_status":"closed","template":"","meta":{"footnotes":""},"class_list":["post-130","page","type-page","status-publish","hentry"],"_links":{"self":[{"href":"https:\/\/dcd.uaic.ro\/index.php?rest_route=\/wp\/v2\/pages\/130","targetHints":{"allow":["GET"]}}],"collection":[{"href":"https:\/\/dcd.uaic.ro\/index.php?rest_route=\/wp\/v2\/pages"}],"about":[{"href":"https:\/\/dcd.uaic.ro\/index.php?rest_route=\/wp\/v2\/types\/page"}],"author":[{"embeddable":true,"href":"https:\/\/dcd.uaic.ro\/index.php?rest_route=\/wp\/v2\/users\/1"}],"replies":[{"embeddable":true,"href":"https:\/\/dcd.uaic.ro\/index.php?rest_route=%2Fwp%2Fv2%2Fcomments&post=130"}],"version-history":[{"count":0,"href":"https:\/\/dcd.uaic.ro\/index.php?rest_route=\/wp\/v2\/pages\/130\/revisions"}],"up":[{"embeddable":true,"href":"https:\/\/dcd.uaic.ro\/index.php?rest_route=\/wp\/v2\/pages\/126"}],"wp:attachment":[{"href":"https:\/\/dcd.uaic.ro\/index.php?rest_route=%2Fwp%2Fv2%2Fmedia&parent=130"}],"curies":[{"name":"wp","href":"https:\/\/api.w.org\/{rel}","templated":true}]}}