{"id":1522,"date":"2013-09-18T10:21:47","date_gmt":"2013-09-18T08:21:47","guid":{"rendered":"http:\/\/dcd.uaic.ro\/?page_id=1522"},"modified":"2025-11-13T13:03:31","modified_gmt":"2025-11-13T11:03:31","slug":"windows-11","status":"publish","type":"page","link":"https:\/\/dcd.uaic.ro\/?page_id=1522","title":{"rendered":"Windows 11"},"content":{"rendered":"\t\t<div data-elementor-type=\"wp-page\" data-elementor-id=\"1522\" class=\"elementor elementor-1522\">\n\t\t\t\t\t\t<section class=\"elementor-section elementor-top-section elementor-element elementor-element-647323e0 elementor-section-boxed elementor-section-height-default elementor-section-height-default\" data-id=\"647323e0\" data-element_type=\"section\">\n\t\t\t\t\t\t<div class=\"elementor-container elementor-column-gap-default\">\n\t\t\t\t\t<div class=\"elementor-column elementor-col-100 elementor-top-column elementor-element elementor-element-55750f59\" data-id=\"55750f59\" data-element_type=\"column\">\n\t\t\t<div class=\"elementor-widget-wrap elementor-element-populated\">\n\t\t\t\t\t\t<div class=\"elementor-element elementor-element-120231a7 elementor-widget elementor-widget-text-editor\" data-id=\"120231a7\" data-element_type=\"widget\" data-widget_type=\"text-editor.default\">\n\t\t\t\t<div class=\"elementor-widget-container\">\n\t\t\t\t\t\t\t\t\t<blockquote><p><strong>Tutorialul este realizat pentru Windows 11, men\u021bion\u0103m c\u0103 pentru celelalte versiuni ale sistemului de operare Windows, pa\u0219ii vor fi urma\u021bi prin analogie.<\/strong><\/p><\/blockquote><p>Pentru a putea seta conexiunea PPPoE, calculatorul dumneavoastr\u0103 trebuie s\u0103 fie dotat cu un adaptor ethernet (&#8220;placa de re\u021bea&#8221;), driverele corespunz\u0103toare acestuia s\u0103 fie instalate corect, \u00een Control Panel -&gt; Network Connections interfa\u021ba s\u0103 fie enable, iar adresa IP sa fie ob\u021binut\u0103 folosind protocolul <a href=\"http:\/\/en.wikipedia.org\/wiki\/Dhcp\">DHCP<\/a>.<\/p><p style=\"text-align: justify;\"><b>Dac\u0103 face\u0163i parte dintr-o institu\u0163ie afiliat\u0103 EDUROAM \u0219i ave\u0163i un cont \u00een cadrul acesteia, v\u0103 pute\u0163i conecta la re\u0163eaua wireless a Universit\u0103\u0163ii &#8220;Alexandru Ioan Cuza&#8221;. <\/b><br \/><strong><br \/>Observa\u021bie:<\/strong> Utilizatorii care au deja un cont \u0219i o parol\u0103 de acces \u00een re\u021bea vor trece direct la <b>pasul II.<\/b><\/p><p style=\"text-align: justify;\"><span style=\"color: #ff00ff;\"><strong>Pasul I<\/strong><\/span><\/p><ul><li style=\"text-align: justify;\">\u00cen acest moment, la deschiderea oric\u0103rei pagini web, ve\u021bi fi redirec\u021biona\u021bi c\u0103tre <a href=\"https:\/\/register.uaic.ro\/\" target=\"_blank\" rel=\"noopener\">pagina de \u00eenregistrare<\/a> pentru crearea contului de acces la Internet;<\/li><li>trebuie s\u0103 completa\u021bi formularul specific categoriei din care face\u021bi parte:<ul><li><a href=\"https:\/\/register.uaic.ro\/prof-register\/index.php\">formular pentru angaja\u021bi;<\/a><\/li><li><a href=\"https:\/\/register.uaic.ro\/stud-register\/index.php\">formular studen\u021bi;<\/a><\/li><li><a href=\"https:\/\/register.uaic.ro\/guest-register\/index.php\">formular guest.<\/a><\/li><\/ul><\/li><\/ul><p style=\"text-align: justify;\"><span style=\"color: #ff0000;\">Aten\u021bie !!! Complet\u00e2nd formularul de \u00eenregistrare, declara\u021bi c\u0103 sunte\u021bi de acord cu <a style=\"color: #ff0000;\" href=\"https:\/\/dcd.uaic.ro\/?page_id=3342\" target=\"_blank\" rel=\"noopener\">Politica de Securitate<\/a> \u0219i <a style=\"color: #ff0000;\" href=\"https:\/\/dcd.uaic.ro\/?page_id=3342\" target=\"_blank\" rel=\"noopener\">Planul de Securitate<\/a> ale Universit\u0103\u021bii &#8220;Alexandru Ioan Cuza&#8221;.<\/span><\/p><ul><li style=\"text-align: justify;\">Dup\u0103 completarea formularului, pute\u021bi verifica existen\u021ba \u0219i afla denumirea contului creat (\u00een general este de forma prenume.nume), acces\u00e2nd <a href=\"https:\/\/register.uaic.ro\/stare-cont\/\" target=\"_blank\" rel=\"noopener\">pagina de verificare a acestuia;<\/a><\/li><li style=\"text-align: justify;\">Dac\u0103 la verificarea datelor au fost depistate discrepan\u021be \u00eentre datele introduse de dumneavoastr\u0103 \u00een formularul de \u00eenregistrare \u0219i cele din baza de date a Universit\u0103\u021bii &#8220;Alexandru Ioan Cuza&#8221;, contul dumneavoastr\u0103 nu va fi creat.<\/li><\/ul><p><strong>Dup\u0103 ce datele au fost prelucrate \u0219i a\u021bi ob\u021binut numele de utilizator (\u00een general, acesta este de forma prenume.nume), pute\u021bi trece la setarea conexiunii PPPoE, astfel:<\/strong><\/p><p><strong><span style=\"color: #ff00ff;\">Pasul II<\/span><\/strong><\/p>\t\t\t\t\t\t\t\t<\/div>\n\t\t\t\t<\/div>\n\t\t\t\t<div class=\"elementor-element elementor-element-fddf98b elementor-widget elementor-widget-video\" data-id=\"fddf98b\" data-element_type=\"widget\" data-settings=\"{&quot;video_type&quot;:&quot;hosted&quot;,&quot;loop&quot;:&quot;yes&quot;,&quot;controls&quot;:&quot;yes&quot;}\" data-widget_type=\"video.default\">\n\t\t\t\t<div class=\"elementor-widget-container\">\n\t\t\t\t\t\t\t<div class=\"e-hosted-video elementor-wrapper elementor-open-inline\">\n\t\t\t\t\t<video class=\"elementor-video\" src=\"https:\/\/dcd.uaic.ro\/wp-content\/uploads\/2022\/11\/PPPoE-studenti.mp4\" loop=\"\" controls=\"\" preload=\"metadata\" controlsList=\"nodownload\"><\/video>\n\t\t\t\t<\/div>\n\t\t\t\t\t\t<\/div>\n\t\t\t\t<\/div>\n\t\t\t\t\t<\/div>\n\t\t<\/div>\n\t\t\t\t\t<\/div>\n\t\t<\/section>\n\t\t\t\t<\/div>\n\t\t<div class=\"gsp_post_data\" data-post_type=\"page\" data-cat=\"\" data-modified=\"120\" data-title=\"Windows 11\" data-home=\"https:\/\/dcd.uaic.ro\"><\/div>","protected":false},"excerpt":{"rendered":"<p>Tutorialul este realizat pentru Windows 11, men\u021bion\u0103m c\u0103 pentru celelalte versiuni ale sistemului de operare Windows, pa\u0219ii vor fi urma\u021bi prin analogie. Pentru a putea seta conexiunea PPPoE, calculatorul dumneavoastr\u0103 trebuie s\u0103 fie dotat cu un adaptor ethernet (&#8220;placa de re\u021bea&#8221;), driverele corespunz\u0103toare acestuia s\u0103 fie instalate corect, \u00een Control Panel -&gt; Network Connections interfa\u021ba [&hellip;]<\/p>\n","protected":false},"author":1,"featured_media":0,"parent":1005,"menu_order":4,"comment_status":"closed","ping_status":"closed","template":"","meta":{"footnotes":""},"class_list":["post-1522","page","type-page","status-publish","hentry"],"_links":{"self":[{"href":"https:\/\/dcd.uaic.ro\/index.php?rest_route=\/wp\/v2\/pages\/1522","targetHints":{"allow":["GET"]}}],"collection":[{"href":"https:\/\/dcd.uaic.ro\/index.php?rest_route=\/wp\/v2\/pages"}],"about":[{"href":"https:\/\/dcd.uaic.ro\/index.php?rest_route=\/wp\/v2\/types\/page"}],"author":[{"embeddable":true,"href":"https:\/\/dcd.uaic.ro\/index.php?rest_route=\/wp\/v2\/users\/1"}],"replies":[{"embeddable":true,"href":"https:\/\/dcd.uaic.ro\/index.php?rest_route=%2Fwp%2Fv2%2Fcomments&post=1522"}],"version-history":[{"count":15,"href":"https:\/\/dcd.uaic.ro\/index.php?rest_route=\/wp\/v2\/pages\/1522\/revisions"}],"predecessor-version":[{"id":6333,"href":"https:\/\/dcd.uaic.ro\/index.php?rest_route=\/wp\/v2\/pages\/1522\/revisions\/6333"}],"up":[{"embeddable":true,"href":"https:\/\/dcd.uaic.ro\/index.php?rest_route=\/wp\/v2\/pages\/1005"}],"wp:attachment":[{"href":"https:\/\/dcd.uaic.ro\/index.php?rest_route=%2Fwp%2Fv2%2Fmedia&parent=1522"}],"curies":[{"name":"wp","href":"https:\/\/api.w.org\/{rel}","templated":true}]}}