{"id":158,"date":"2010-08-04T15:14:19","date_gmt":"2010-08-04T12:14:19","guid":{"rendered":"http:\/\/dcd.uaic.ro\/?page_id=158"},"modified":"2010-08-04T15:14:19","modified_gmt":"2010-08-04T12:14:19","slug":"deranjament-retea-date","status":"publish","type":"page","link":"https:\/\/dcd.uaic.ro\/?page_id=158","title":{"rendered":"Deranjament Re\u0163ea Date"},"content":{"rendered":"<ol>\n<li style=\"text-align: justify;\"><strong>calculatorul nu func\u0163ioneaz\u0103<\/strong>\n<ul>\n<li>se verific\u0103 cu aten\u0163ie dac\u0103 calculatorul este conectat la priza de alimentare cu tensiune electric\u0103 \u015fi dac\u0103 butoanele &#8220;Pornit \/ Oprit&#8221; sunt ac\u0163ionate corespunz\u0103tor<\/li>\n<li>daca defectul persist\u0103, se anun\u0163\u0103 acest lucru administratorului de re\u021bea\/ inginerului de sistem din facultate\/departament\/serviciu.<\/li>\n<\/ul>\n<\/li>\n<li><strong>calculatorul aparent functioneaz\u0103, dar nu apare imaginea caracteristic\u0103 a desktop-ului <\/strong>\n<ul>\n<li>a e\u015fuat procesul de \u00eenc\u0103rcare a sistemului de operare, se comunic\u0103 operatorului de serviciu mesajele ap\u0103rute pe ecran<\/li>\n<li>se anun\u0163\u0103 acest lucru administratorului de re\u021bea\/ inginerului de sistem din facultate\/departament\/serviciu.<\/li>\n<\/ul>\n<\/li>\n<li><strong>calculatorul functioneaz\u0103, dar nu se conecteaz\u0103 la re\u0163eaua de comunica\u0163ii de date <\/strong>\n<ul>\n<li>se verific\u0103 cu aten\u0163ie cablul de legatur\u0103 \u00eentre placa de re\u0163ea a calculatorului \u015fi priza de re\u0163ea internet aflat\u0103 \u00een camer\u0103. Acest cablu trebuie s\u0103 prezinte integritate fizic\u0103 (f\u0103r\u0103 \u00eentreruperi, t\u0103ieturi, striviri), mufele de la ambele capete s\u0103 fie intacte \u015fi corect introduse \u00een mufele de conexiune. Pozi\u0163ia corect\u0103 a acestui cablu \u00een prizele duble de telecomunica\u0163ii este cea marcat\u0103 cu litera N (network), de regul\u0103 \u00een partea st\u00e2ng\u0103 a prizei duble. Prezen\u0163a conexiunii fizice este marcat\u0103 de aprinderea unui LED de culoare verde aflat \u00een spatele calculatorului, pe placa de re\u0163ea, \u00een imediata apropiere a cablului de conectare la re\u0163eaua internet. Se comunic\u0103 rezultatul acestor verific\u0103ri <a href=\"http:\/\/dcd.uaic.ro\/?page_id=132\" target=\"_blank\" rel=\"noopener\">Operatorului de Serviciu<\/a> (corp B, parter, camera 333, telefon 1002).<\/li>\n<li>Din bara de Start, meniul Run se va tasta: &#8220;Command&#8221;, ob\u0163in\u00e2nd un prompter MsDOS. Tast\u00e2nd \u00een continuare &#8220;winipcfg\/all&#8221; pentru sistemele de operare Win 95, 98, Millenium \u2013 respectiv: &#8220;ipconfig\/all&#8221; pentru sistemele de operare Win NT, XP, 2000, Windows 7 se vor ob\u0163ine <strong>set\u0103rile de re\u0163ea<\/strong>, care se comunic\u0103 <a href=\"http:\/\/dcd.uaic.ro\/?page_id=132\" target=\"_blank\" rel=\"noopener\">Operatorului de Serviciu<\/a> (corp B, parter, camera 333,\u00a0 telefon 1002).<\/li>\n<li>se deschide browser-ul implicit (InternetExplorer, Netscape, etc.) \u00eencerc\u00e2nd o conectare la site-ul de web: <a href=\"http:\/\/dcd.uaic.ro\/\" target=\"_blank\" rel=\"noopener\">http:\/\/www.dcd.uaic.ro<\/a>. Eventuala conectare va certifica conectivitatea \u00een LAN-ul propriu, exist\u00e2nd probabilitatea limit\u0103rii accesului \u00een re\u0163eaua internet a calculatorului \u00een cauz\u0103. Se comunic\u0103 acest lucru <a href=\"http:\/\/dcd.uaic.ro\/?page_id=132\" target=\"_blank\" rel=\"noopener\">Operatorului de Serviciu<\/a> (corp B, parter, camera 333,\u00a0 telefon 1002).<\/li>\n<\/ul>\n<\/li>\n<li><strong>calculatorul functioneaz\u0103, se conecteaz\u0103 \u00een re\u0163ea, dar nu se poate folosi serviciul de e-mail<\/strong>\n<ul>\n<li>se verific\u0103 telefonic (int.1002) situa\u0163ia contului propriu de e-mail din re\u0163eaua Universit\u0103\u0163ii &#8220;Alexandru Ioan Cuza&#8221; (existen\u0163a \u015fi validitatea acestuia, posibila expirare a parolei de acces)<\/li>\n<li>dac\u0103 parola de acces a expirat \u015fi s-a introdus o parol\u0103 temporar\u0103 de c\u0103tre administratorul de sistem, se \u00eencearc\u0103 o reconectare la serverul de mail \u015fi schimbarea parolei temporare \u00een termen de 12 de ore de la introducerea acesteia, folosind <a href=\"http:\/\/mail.uaic.ro\/password\" target=\"_blank\" rel=\"noopener\">programul pentru schimbarea parolei pe serverul mail.uaic.ro<\/a>.<\/li>\n<li>se verific\u0103 set\u0103rile programului client de e-mail utilizat (<a href=\"https:\/\/mail.uaic.ro\/pgid6_site_RO.html\">Outlook Express<\/a>, etc.).<\/li>\n<\/ul>\n<\/li>\n<li><strong>clientul de mail refuz\u0103 s\u0103 descarce mail-ul de pe server-ul Universit\u0103\u0163ii &#8220;Alexandru Ioan Cuza&#8221;, comunic\u00e2nd utilizatorului c\u0103 certificatul de securitate folosit de server nu este valid<\/strong><\/li>\n<li style=\"text-align: justify;\"><strong>calculatorul func\u0163ioneaz\u0103, dar dup\u0103 conectarea la re\u0163ea se observ\u0103 c\u0103 aceasta func\u0163ioneaz\u0103 din ce \u00een ce mai greu.<\/strong>\n<ul>\n<li>se scaneaz\u0103 calculatorul cu un program antivirus.<\/li>\n<\/ul>\n<\/li>\n<li><strong>conexiunea la server-ul de mail func\u0163ioneaz\u0103 la parametrii optimi, dar nu se pot accesa site-uri din afara re\u0163elei Universit\u0103\u0163ii &#8220;Alexandru Ioan Cuza&#8221;.<\/strong>\n<ul>\n<li>se verific\u0103 la num\u0103rul de telefon 1002, dac\u0103 adresa IP a calculatorului a fost filtrat\u0103.<\/li>\n<\/ul>\n<\/li>\n<li style=\"text-align: justify;\"><strong>imposibilitatea conect\u0103rii la re\u0163eaua internet a mai multor calculatoare din acela\u015fi grup de utilizatori<\/strong>\n<ul>\n<li>se verific\u0103 eventuala existen\u0163\u0103 a unui comunicat al D.C.D. privind \u00eentreruperea temporar\u0103 a acestui serviciu.<\/li>\n<li>simptomul denot\u0103 un defect la nivel de echipament acces, se va anun\u0163a acest lucru <a href=\"http:\/\/dcd.uaic.ro\/?page_id=132\" target=\"_blank\" rel=\"noopener\">Operatorului de Serviciu<\/a> (corp B, parter, camera 333, telefon 1002).<\/li>\n<\/ul>\n<\/li>\n<\/ol>\n<div class=\"gsp_post_data\" data-post_type=\"page\" data-cat=\"\" data-modified=\"120\" data-title=\"Deranjament Re\u0163ea Date\" data-home=\"https:\/\/dcd.uaic.ro\"><\/div>","protected":false},"excerpt":{"rendered":"<p>calculatorul nu func\u0163ioneaz\u0103 se verific\u0103 cu aten\u0163ie dac\u0103 calculatorul este conectat la priza de alimentare cu tensiune electric\u0103 \u015fi dac\u0103 butoanele &#8220;Pornit \/ Oprit&#8221; sunt ac\u0163ionate corespunz\u0103tor daca defectul persist\u0103, se anun\u0163\u0103 acest lucru administratorului de re\u021bea\/ inginerului de sistem din facultate\/departament\/serviciu. calculatorul aparent functioneaz\u0103, dar nu apare imaginea caracteristic\u0103 a desktop-ului a e\u015fuat procesul [&hellip;]<\/p>\n","protected":false},"author":1,"featured_media":0,"parent":147,"menu_order":1,"comment_status":"closed","ping_status":"closed","template":"","meta":{"footnotes":""},"class_list":["post-158","page","type-page","status-publish","hentry"],"_links":{"self":[{"href":"https:\/\/dcd.uaic.ro\/index.php?rest_route=\/wp\/v2\/pages\/158","targetHints":{"allow":["GET"]}}],"collection":[{"href":"https:\/\/dcd.uaic.ro\/index.php?rest_route=\/wp\/v2\/pages"}],"about":[{"href":"https:\/\/dcd.uaic.ro\/index.php?rest_route=\/wp\/v2\/types\/page"}],"author":[{"embeddable":true,"href":"https:\/\/dcd.uaic.ro\/index.php?rest_route=\/wp\/v2\/users\/1"}],"replies":[{"embeddable":true,"href":"https:\/\/dcd.uaic.ro\/index.php?rest_route=%2Fwp%2Fv2%2Fcomments&post=158"}],"version-history":[{"count":0,"href":"https:\/\/dcd.uaic.ro\/index.php?rest_route=\/wp\/v2\/pages\/158\/revisions"}],"up":[{"embeddable":true,"href":"https:\/\/dcd.uaic.ro\/index.php?rest_route=\/wp\/v2\/pages\/147"}],"wp:attachment":[{"href":"https:\/\/dcd.uaic.ro\/index.php?rest_route=%2Fwp%2Fv2%2Fmedia&parent=158"}],"curies":[{"name":"wp","href":"https:\/\/api.w.org\/{rel}","templated":true}]}}