{"id":160,"date":"2010-08-04T15:14:47","date_gmt":"2010-08-04T12:14:47","guid":{"rendered":"http:\/\/dcd.uaic.ro\/?page_id=160"},"modified":"2010-08-04T15:14:47","modified_gmt":"2010-08-04T12:14:47","slug":"deranjament-telefonie","status":"publish","type":"page","link":"https:\/\/dcd.uaic.ro\/?page_id=160","title":{"rendered":"Deranjament Telefonie"},"content":{"rendered":"<ol>\n<li> <strong>aparatul nu are ton: <\/strong>\n<ul type=\"circle\">\n<li>circuit telefonic defect<\/li>\n<li> aparat defect<\/li>\n<li> s-a \u00eenlocuit aparatul<\/li>\n<li> neconcordan\u0163\u0103 cu standardul de mufare<\/li>\n<li> se verific\u0103 de c\u0103tre posesor dac\u0103 toate mufele \u015fi cablurile sunt               corect conectate:\n<ul type=\"square\">\n<li> firul de la aparat la receptor<\/li>\n<li> firul de la aparat la priz\u0103 s\u0103 fie introdus \u00een partea                   marcat\u0103 cu \u00eensemn\/simbol de telefon.<\/li>\n<\/ul>\n<\/li>\n<\/ul>\n<\/li>\n<li><strong> aparatul prezint\u0103 zgomote \u015fi \u00eentreruperi:<\/strong><\/li>\n<ul>\n<li>cablu prelungitor deteriorat<\/li>\n<li> cablu receptor deteriorat<\/li>\n<li>linie telefonic\u0103 necorespunz\u0103toare<\/li>\n<\/ul>\n<\/li>\n<li><strong> aparatul sun\u0103 slab<\/strong><\/li>\n<ul>\n<li> sonerie defect\u0103<\/li>\n<li> sonerie reglat\u0103 pe volum mic (se verific\u0103 treptele de reglare               a comutatorului de sonerie: LOW\/MED\/HIGH)<\/li>\n<\/ul>\n<\/li>\n<li><strong> aparatul nu sun\u0103<\/strong><\/li>\n<ul>\n<li> sonerie defect\u0103<\/li>\n<li> comutator sonerie \u00een pozi\u0163ia OFF. Se comut\u0103 pe ON.<\/li>\n<\/ul>\n<\/li>\n<li><strong> aparatul prezint\u0103 audi\u0163ie slab\u0103<\/strong><\/li>\n<ul>\n<li>casc\u0103 difuzor defect\u0103<\/li>\n<\/ul>\n<\/li>\n<li><strong> apelatul nu va aude<\/strong><\/li>\n<ul>\n<li>microfonul apelantului este defect<\/li>\n<li> microfon trecut pe pozi\u0163ia MUTE (la aparate care au aceast\u0103 func\u0163ie)<\/li>\n<\/ul>\n<\/li>\n<li><strong> nu pute\u0163i apela o anumit\u0103 categorie de numere:<\/strong><\/li>\n<ul>\n<li> opera\u0163iune nepermis\u0103 de central\u0103<\/li>\n<li> num\u0103r nealocat<\/li>\n<li> nu a\u0163i format cifra\u0163ia corect\u0103<\/li>\n<li> nu ave\u0163i alocat\u0103 categoria corespunz\u0103toare (intraurban, interurban,               mobil, interna\u0163ional).<\/li>\n<\/ul>\n<\/li>\n<li><strong> Codul de blocare a aparatului telefonic nu func\u0163ioneaz\u0103:<\/strong><\/li>\n<ul>\n<li> aparatul nu este setat \u00een ton<\/li>\n<li> telefonul este deja parolat<\/li>\n<li> parola neini\u0163ializat\u0103 \u00een central\u0103<\/li>\n<\/ul>\n<\/li>\n<\/ol>\n<p><strong>Procedura de blocare\/deblocare aparat telefonic.<\/strong><\/p>\n<ol>\n<li>blocare (parolare). Se formeaz\u0103 urm\u0103toarea cifra\u0163ie: * 73 * [parol\u0103] #<\/li>\n<li> deblocare (deparolare). Se formeaz\u0103 urm\u0103toarea cifra\u0163ie: # 73 * [parol\u0103] #<\/li>\n<\/ol>\n<p>Execu\u0163ia acestei proceduri presupune existen\u0163a unui <strong>cod de blocare<\/strong> ini\u0163ializat pe centrala telefonic\u0103.<\/p>\n<p><strong>Procedura de setare a aparatului telefonic \u00een ton (tip         de cifra\u0163ie DTMF \u2013 Dual Tone Multi Frequency).<\/strong><\/p>\n<ul>\n<li>\n<div>la telefoanele echipate cu comutator TONE\/PULSE             se verific\u0103 dac\u0103 acesta este setat pe pozi\u0163ia TONE.<\/div>\n<\/li>\n<li>\n<div>la telefoanele la care aceast\u0103 setare se face prin programare descriem mai jos procedura de setare pentru telefoanele de tip SIGMA \u015fi ACTRON-B.<\/div>\n<\/li>\n<\/ul>\n<ol type=\"a\">\n<li>Telefon SIGMA:\n<ul>\n<li> se ridic\u0103 receptorul<\/li>\n<li>se apas\u0103 tasta SET <img decoding=\"async\" src=\"http:\/\/www.dcd.uaic.ro\/site\/wwwdcd\/helpdesk_telefonie_1.gif\" border=\"0\" alt=\"\" \/><\/li>\n<li> se apas\u0103 tasta 1<\/li>\n<li> se formeaz\u0103 num\u0103rul 1590<\/li>\n<li>se apas\u0103 tasta <img decoding=\"async\" src=\"http:\/\/www.dcd.uaic.ro\/site\/wwwdcd\/helpdesk_telefonie_2.gif\" border=\"0\" alt=\"\" \/><\/li>\n<li> se formeaz\u0103: &#8211; 037 \u2013 pentru TON \u015fi buton de flash (R) cu impuls pe linie  (100ms)<\/li>\n<\/ul>\n<ul>\n<li> se apas\u0103 din nou tasta SET <img decoding=\"async\" src=\"http:\/\/www.dcd.uaic.ro\/site\/wwwdcd\/helpdesk_telefonie_1.gif\" border=\"0\" alt=\"\" \/> \u015fi se \u00eenchide receptorul.<\/li>\n<\/ul>\n<\/li>\n<li>Telefon ACTRON B<\/li>\n<ul>\n<li> se ridic\u0103 receptorul<\/li>\n<li> se apas\u0103 tasta P (program)<\/li>\n<li> se apas\u0103 tasta 1<\/li>\n<li> se apas\u0103 tasta Redial<\/li>\n<li> se formeaz\u0103: &#8211; 037 pentru TON \u015fi tasta R cu func\u0163ie FLASH<\/li>\n<\/ul>\n<\/ol>\n<\/li>\n<\/ul>\n<p>Not\u0103: Tasta FLASH poate fi folosit\u0103 pentru reob\u0163inerea tonului de linie, f\u0103r\u0103 s\u0103 fie necesar\u0103 punerea microreceptorului \u00een furc\u0103.<\/p>\n<p><strong>Procedura de setare a aparatelor telefonice digitale         Ericsson (DBC 212, 213) <\/strong><\/p>\n<ul>\n<li> se           execut\u0103 conform manualului tehnic a acestor aparate telefonice.<\/li>\n<\/ul>\n<div class=\"gsp_post_data\" data-post_type=\"page\" data-cat=\"\" data-modified=\"120\" data-title=\"Deranjament Telefonie\" data-home=\"https:\/\/dcd.uaic.ro\"><\/div>","protected":false},"excerpt":{"rendered":"<p>aparatul nu are ton: circuit telefonic defect aparat defect s-a \u00eenlocuit aparatul neconcordan\u0163\u0103 cu standardul de mufare se verific\u0103 de c\u0103tre posesor dac\u0103 toate mufele \u015fi cablurile sunt corect conectate: firul de la aparat la receptor firul de la aparat la priz\u0103 s\u0103 fie introdus \u00een partea marcat\u0103 cu \u00eensemn\/simbol de telefon. aparatul prezint\u0103 zgomote [&hellip;]<\/p>\n","protected":false},"author":1,"featured_media":0,"parent":147,"menu_order":2,"comment_status":"closed","ping_status":"closed","template":"","meta":{"footnotes":""},"class_list":["post-160","page","type-page","status-publish","hentry"],"_links":{"self":[{"href":"https:\/\/dcd.uaic.ro\/index.php?rest_route=\/wp\/v2\/pages\/160","targetHints":{"allow":["GET"]}}],"collection":[{"href":"https:\/\/dcd.uaic.ro\/index.php?rest_route=\/wp\/v2\/pages"}],"about":[{"href":"https:\/\/dcd.uaic.ro\/index.php?rest_route=\/wp\/v2\/types\/page"}],"author":[{"embeddable":true,"href":"https:\/\/dcd.uaic.ro\/index.php?rest_route=\/wp\/v2\/users\/1"}],"replies":[{"embeddable":true,"href":"https:\/\/dcd.uaic.ro\/index.php?rest_route=%2Fwp%2Fv2%2Fcomments&post=160"}],"version-history":[{"count":0,"href":"https:\/\/dcd.uaic.ro\/index.php?rest_route=\/wp\/v2\/pages\/160\/revisions"}],"up":[{"embeddable":true,"href":"https:\/\/dcd.uaic.ro\/index.php?rest_route=\/wp\/v2\/pages\/147"}],"wp:attachment":[{"href":"https:\/\/dcd.uaic.ro\/index.php?rest_route=%2Fwp%2Fv2%2Fmedia&parent=160"}],"curies":[{"name":"wp","href":"https:\/\/api.w.org\/{rel}","templated":true}]}}