{"id":1937,"date":"2015-04-28T13:36:16","date_gmt":"2015-04-28T10:36:16","guid":{"rendered":"http:\/\/dcd.uaic.ro\/?page_id=1743"},"modified":"2025-11-13T12:11:50","modified_gmt":"2025-11-13T10:11:50","slug":"out-of-office","status":"publish","type":"page","link":"https:\/\/dcd.uaic.ro\/?page_id=1937","title":{"rendered":"Out of office"},"content":{"rendered":"\t\t<div data-elementor-type=\"wp-page\" data-elementor-id=\"1937\" class=\"elementor elementor-1937\">\n\t\t\t\t\t\t<section class=\"elementor-section elementor-top-section elementor-element elementor-element-61ecb52f elementor-section-boxed elementor-section-height-default elementor-section-height-default\" data-id=\"61ecb52f\" data-element_type=\"section\">\n\t\t\t\t\t\t<div class=\"elementor-container elementor-column-gap-default\">\n\t\t\t\t\t<div class=\"elementor-column elementor-col-100 elementor-top-column elementor-element elementor-element-2e8dc279\" data-id=\"2e8dc279\" data-element_type=\"column\">\n\t\t\t<div class=\"elementor-widget-wrap elementor-element-populated\">\n\t\t\t\t\t\t<div class=\"elementor-element elementor-element-51fc604f elementor-widget elementor-widget-text-editor\" data-id=\"51fc604f\" data-element_type=\"widget\" data-widget_type=\"text-editor.default\">\n\t\t\t\t<div class=\"elementor-widget-container\">\n\t\t\t\t\t\t\t\t\t<p><span style=\"color: #800080; text-align: justify;\"><strong>Dac\u0103 dori\u021bi ca \u00een perioada \u00een care nu ave\u021bi acces la e-mail (de exemplu, \u00een concediu) s\u0103 fie trimise automat r\u0103spunsuri la mesajele pe care le primi\u021bi pe serverul de mail al universit\u0103\u021bii mail.uaic.ro, v\u0103 rug\u0103m s\u0103 folosi\u021bi procedura descris\u0103 mai jos. <\/strong><\/span><\/p><p><span style=\"color: #000000; text-align: justify;\"><em>Preciz\u0103m c\u0103 r\u0103spunsul automat va fi trimis pentru orice mesaj e-mail pe care-l primi\u021bi, inclusiv SPAM.<\/em><\/span><\/p><ol><li>Pentru activarea acestei facilit\u0103\u021bi, trebuie s\u0103 trimite\u021bi din contul dumneavoastr\u0103 de @uaic.ro un mesaj la o adresa e-mail ob\u021binut\u0103 prin ad\u0103ugarea la numele de utilizator a sufixului &#8220;<span style=\"color: #0000ff;\"><strong>+autoresponse@uaic.ro<\/strong><\/span>&#8220;, adresa destina\u021bie va fi de forma urm\u0103toare: <em><span style=\"color: #0000ff;\"><strong>numecont+autoresponse@uaic.ro<img fetchpriority=\"high\" decoding=\"async\" class=\"alignnone size-large wp-image-5142\" src=\"https:\/\/dcd-new.uaic.ro\/wp-content\/uploads\/2025\/04\/screenshot-1024x758.png\" alt=\"\" width=\"1024\" height=\"758\" srcset=\"https:\/\/dcd.uaic.ro\/wp-content\/uploads\/2025\/04\/screenshot-1024x758.png 1024w, https:\/\/dcd.uaic.ro\/wp-content\/uploads\/2025\/04\/screenshot-300x222.png 300w, https:\/\/dcd.uaic.ro\/wp-content\/uploads\/2025\/04\/screenshot-768x569.png 768w, https:\/\/dcd.uaic.ro\/wp-content\/uploads\/2025\/04\/screenshot.png 1110w\" sizes=\"(max-width: 1024px) 100vw, 1024px\" \/><\/strong><\/span><\/em><\/li><\/ol><ol><li>Subiectul \u0219i con\u021binutul acestui mesaj va fi exact ce vor primi, \u00een mod automat, cei care v\u0103 vor trimite mesaje p\u00e2n\u0103 c\u00e2nd va fi\u00a0 dezactivat\u0103 op\u021biunea.\u00a0<\/li><li>\u00cen cont se va primi un e-mail de confirmare c\u0103 \u201eout of office\u201d a fost activat.<\/li><\/ol><blockquote><h6>Pentru dezactivare trebuie s\u0103 trimite\u021bi un mesaj tot din contul dumneavoastr\u0103 c\u0103tre aceea\u0219i adres\u0103 e-mail, nu conteaz\u0103 subiectul sau con\u021binutul mesajului. De asemenea, ve\u021bi primi o confirmare a dezactiv\u0103rii sistemului.\u00a0<\/h6><\/blockquote>\t\t\t\t\t\t\t\t<\/div>\n\t\t\t\t<\/div>\n\t\t\t\t\t<\/div>\n\t\t<\/div>\n\t\t\t\t\t<\/div>\n\t\t<\/section>\n\t\t\t\t<\/div>\n\t\t<div class=\"gsp_post_data\" data-post_type=\"page\" data-cat=\"\" data-modified=\"120\" data-title=\"Out of office\" data-home=\"https:\/\/dcd.uaic.ro\"><\/div>","protected":false},"excerpt":{"rendered":"<p>Dac\u0103 dori\u021bi ca \u00een perioada \u00een care nu ave\u021bi acces la e-mail (de exemplu, \u00een concediu) s\u0103 fie trimise automat r\u0103spunsuri la mesajele pe care le primi\u021bi pe serverul de mail al universit\u0103\u021bii mail.uaic.ro, v\u0103 rug\u0103m s\u0103 folosi\u021bi procedura descris\u0103 mai jos. Preciz\u0103m c\u0103 r\u0103spunsul automat va fi trimis pentru orice mesaj e-mail pe care-l [&hellip;]<\/p>\n","protected":false},"author":1,"featured_media":0,"parent":162,"menu_order":0,"comment_status":"closed","ping_status":"closed","template":"","meta":{"footnotes":""},"class_list":["post-1937","page","type-page","status-publish","hentry"],"_links":{"self":[{"href":"https:\/\/dcd.uaic.ro\/index.php?rest_route=\/wp\/v2\/pages\/1937","targetHints":{"allow":["GET"]}}],"collection":[{"href":"https:\/\/dcd.uaic.ro\/index.php?rest_route=\/wp\/v2\/pages"}],"about":[{"href":"https:\/\/dcd.uaic.ro\/index.php?rest_route=\/wp\/v2\/types\/page"}],"author":[{"embeddable":true,"href":"https:\/\/dcd.uaic.ro\/index.php?rest_route=\/wp\/v2\/users\/1"}],"replies":[{"embeddable":true,"href":"https:\/\/dcd.uaic.ro\/index.php?rest_route=%2Fwp%2Fv2%2Fcomments&post=1937"}],"version-history":[{"count":21,"href":"https:\/\/dcd.uaic.ro\/index.php?rest_route=\/wp\/v2\/pages\/1937\/revisions"}],"predecessor-version":[{"id":6316,"href":"https:\/\/dcd.uaic.ro\/index.php?rest_route=\/wp\/v2\/pages\/1937\/revisions\/6316"}],"up":[{"embeddable":true,"href":"https:\/\/dcd.uaic.ro\/index.php?rest_route=\/wp\/v2\/pages\/162"}],"wp:attachment":[{"href":"https:\/\/dcd.uaic.ro\/index.php?rest_route=%2Fwp%2Fv2%2Fmedia&parent=1937"}],"curies":[{"name":"wp","href":"https:\/\/api.w.org\/{rel}","templated":true}]}}