{"id":2718,"date":"2022-02-24T14:50:15","date_gmt":"2022-02-24T12:50:15","guid":{"rendered":"http:\/\/dcd.uaic.ro\/?page_id=2718"},"modified":"2025-07-21T09:27:50","modified_gmt":"2025-07-21T07:27:50","slug":"identitate-de-tip-alias","status":"publish","type":"page","link":"https:\/\/dcd.uaic.ro\/?page_id=2718","title":{"rendered":"Alias (email)"},"content":{"rendered":"\t\t<div data-elementor-type=\"wp-page\" data-elementor-id=\"2718\" class=\"elementor elementor-2718\">\n\t\t\t\t\t\t<section class=\"elementor-section elementor-top-section elementor-element elementor-element-7bec293d elementor-section-boxed elementor-section-height-default elementor-section-height-default\" data-id=\"7bec293d\" data-element_type=\"section\">\n\t\t\t\t\t\t<div class=\"elementor-container elementor-column-gap-default\">\n\t\t\t\t\t<div class=\"elementor-column elementor-col-100 elementor-top-column elementor-element elementor-element-30d3e52\" data-id=\"30d3e52\" data-element_type=\"column\">\n\t\t\t<div class=\"elementor-widget-wrap elementor-element-populated\">\n\t\t\t\t\t\t<div class=\"elementor-element elementor-element-303d44e8 elementor-widget elementor-widget-text-editor\" data-id=\"303d44e8\" data-element_type=\"widget\" data-widget_type=\"text-editor.default\">\n\t\t\t\t<div class=\"elementor-widget-container\">\n\t\t\t\t\t\t\t\t\t<p><\/p>\n<p><\/p>\n<p style=\"text-align: justify;\">\u00cen aceast\u0103 pagin\u0103 se descrie modul \u00een care se pot crea mai multe identit\u0103\u0163i, informa\u0163iile prezentate le pute\u0163i folosi la transmiterea mesajelor folosind conturile de tip alias.<\/p>\n<p style=\"text-align: justify;\">Se deschide una din aplica\u021biile folosite pentru accesarea contului de email. Presupunem c\u0103 ave\u0163i deja ave\u021bi un cont de email \u00eenregistrat \u00een directorul LDAP al Universit\u0103\u0163ii \u201eAl. I. Cuza\u201d. \u00cen cazul \u00een care nu de\u0163ine\u0163i o adresa de email, v\u0103 pute\u0163i \u00eenregistra <a href=\"https:\/\/register.uaic.ro\/prof-register\/index.php\">aici<\/a>.<\/p>\n<p><span style=\"color: #000080;\"><strong>Tutorial creare cont de tip <span style=\"color: #ff00ff;\">alias<\/span> folosind Thunderbird:<\/strong><\/span><\/p>\t\t\t\t\t\t\t\t<\/div>\n\t\t\t\t<\/div>\n\t\t\t\t<div class=\"elementor-element elementor-element-b84ff54 elementor-widget elementor-widget-video\" data-id=\"b84ff54\" data-element_type=\"widget\" data-settings=\"{&quot;video_type&quot;:&quot;hosted&quot;,&quot;controls&quot;:&quot;yes&quot;}\" data-widget_type=\"video.default\">\n\t\t\t\t<div class=\"elementor-widget-container\">\n\t\t\t\t\t\t\t<div class=\"e-hosted-video elementor-wrapper elementor-open-inline\">\n\t\t\t\t\t<video class=\"elementor-video\" src=\"https:\/\/dcd.uaic.ro\/wp-content\/uploads\/2022\/11\/alias-thunderbird.mp4\" controls=\"\" preload=\"metadata\" controlsList=\"nodownload\" poster=\"https:\/\/dcd-new.uaic.ro\/wp-content\/uploads\/2022\/11\/alias-thunderbird.png\"><\/video>\n\t\t\t\t<\/div>\n\t\t\t\t\t\t<\/div>\n\t\t\t\t<\/div>\n\t\t\t\t<div class=\"elementor-element elementor-element-b834e3d elementor-widget elementor-widget-text-editor\" data-id=\"b834e3d\" data-element_type=\"widget\" data-widget_type=\"text-editor.default\">\n\t\t\t\t<div class=\"elementor-widget-container\">\n\t\t\t\t\t\t\t\t\t<p><strong style=\"color: #000080; text-align: justify;\">Tutorial creare cont de tip <span style=\"color: #ff00ff;\">alias<\/span> folosind Windows Mail:<\/strong><\/p>\t\t\t\t\t\t\t\t<\/div>\n\t\t\t\t<\/div>\n\t\t\t\t<div class=\"elementor-element elementor-element-b9b9ada elementor-widget elementor-widget-video\" data-id=\"b9b9ada\" data-element_type=\"widget\" data-settings=\"{&quot;video_type&quot;:&quot;hosted&quot;,&quot;loop&quot;:&quot;yes&quot;,&quot;controls&quot;:&quot;yes&quot;}\" data-widget_type=\"video.default\">\n\t\t\t\t<div class=\"elementor-widget-container\">\n\t\t\t\t\t\t\t<div class=\"e-hosted-video elementor-wrapper elementor-open-inline\">\n\t\t\t\t\t<video class=\"elementor-video\" src=\"https:\/\/dcd.uaic.ro\/wp-content\/uploads\/2022\/11\/alias-Windows-Mail.mp4\" loop=\"\" controls=\"\" preload=\"metadata\" controlsList=\"nodownload\" poster=\"https:\/\/dcd-new.uaic.ro\/wp-content\/uploads\/2022\/11\/alias-windowsM.png\"><\/video>\n\t\t\t\t<\/div>\n\t\t\t\t\t\t<\/div>\n\t\t\t\t<\/div>\n\t\t\t\t\t<\/div>\n\t\t<\/div>\n\t\t\t\t\t<\/div>\n\t\t<\/section>\n\t\t\t\t<\/div>\n\t\t<div class=\"gsp_post_data\" data-post_type=\"page\" data-cat=\"\" data-modified=\"120\" data-title=\"Alias (email)\" data-home=\"https:\/\/dcd.uaic.ro\"><\/div>","protected":false},"excerpt":{"rendered":"<p>\u00cen aceast\u0103 pagin\u0103 se descrie modul \u00een care se pot crea mai multe identit\u0103\u0163i, informa\u0163iile prezentate le pute\u0163i folosi la transmiterea mesajelor folosind conturile de tip alias. Se deschide una din aplica\u021biile folosite pentru accesarea contului de email. Presupunem c\u0103 ave\u0163i deja ave\u021bi un cont de email \u00eenregistrat \u00een directorul LDAP al Universit\u0103\u0163ii \u201eAl. I. [&hellip;]<\/p>\n","protected":false},"author":1,"featured_media":0,"parent":162,"menu_order":0,"comment_status":"closed","ping_status":"closed","template":"","meta":{"footnotes":""},"class_list":["post-2718","page","type-page","status-publish","hentry"],"_links":{"self":[{"href":"https:\/\/dcd.uaic.ro\/index.php?rest_route=\/wp\/v2\/pages\/2718","targetHints":{"allow":["GET"]}}],"collection":[{"href":"https:\/\/dcd.uaic.ro\/index.php?rest_route=\/wp\/v2\/pages"}],"about":[{"href":"https:\/\/dcd.uaic.ro\/index.php?rest_route=\/wp\/v2\/types\/page"}],"author":[{"embeddable":true,"href":"https:\/\/dcd.uaic.ro\/index.php?rest_route=\/wp\/v2\/users\/1"}],"replies":[{"embeddable":true,"href":"https:\/\/dcd.uaic.ro\/index.php?rest_route=%2Fwp%2Fv2%2Fcomments&post=2718"}],"version-history":[{"count":6,"href":"https:\/\/dcd.uaic.ro\/index.php?rest_route=\/wp\/v2\/pages\/2718\/revisions"}],"predecessor-version":[{"id":5292,"href":"https:\/\/dcd.uaic.ro\/index.php?rest_route=\/wp\/v2\/pages\/2718\/revisions\/5292"}],"up":[{"embeddable":true,"href":"https:\/\/dcd.uaic.ro\/index.php?rest_route=\/wp\/v2\/pages\/162"}],"wp:attachment":[{"href":"https:\/\/dcd.uaic.ro\/index.php?rest_route=%2Fwp%2Fv2%2Fmedia&parent=2718"}],"curies":[{"name":"wp","href":"https:\/\/api.w.org\/{rel}","templated":true}]}}