{"id":4116,"date":"2022-11-10T14:06:00","date_gmt":"2022-11-10T12:06:00","guid":{"rendered":"https:\/\/dcd.uaic.ro\/?page_id=4116"},"modified":"2025-11-13T11:00:28","modified_gmt":"2025-11-13T09:00:28","slug":"windows-11-studenti","status":"publish","type":"page","link":"https:\/\/dcd.uaic.ro\/?page_id=4116","title":{"rendered":"Windows 11"},"content":{"rendered":"\t\t<div data-elementor-type=\"wp-page\" data-elementor-id=\"4116\" class=\"elementor elementor-4116\">\n\t\t\t\t\t\t<section class=\"elementor-section elementor-top-section elementor-element elementor-element-6d356a11 elementor-section-boxed elementor-section-height-default elementor-section-height-default\" data-id=\"6d356a11\" data-element_type=\"section\">\n\t\t\t\t\t\t<div class=\"elementor-container elementor-column-gap-default\">\n\t\t\t\t\t<div class=\"elementor-column elementor-col-100 elementor-top-column elementor-element elementor-element-614b886a\" data-id=\"614b886a\" data-element_type=\"column\">\n\t\t\t<div class=\"elementor-widget-wrap elementor-element-populated\">\n\t\t\t\t\t\t<div class=\"elementor-element elementor-element-3bc70dc8 elementor-widget elementor-widget-text-editor\" data-id=\"3bc70dc8\" data-element_type=\"widget\" data-widget_type=\"text-editor.default\">\n\t\t\t\t<div class=\"elementor-widget-container\">\n\t\t\t\t\t\t\t\t\t<blockquote class=\"wp-block-quote\">\n<p><\/p>\n<p><strong>Tutorialul este realizat pentru Windows 11, men\u021bion\u0103m c\u0103 pentru celelalte versiuni ale sistemului de operare Windows, pa\u0219ii vor fi urma\u021bi prin analogie.<\/strong><\/p>\n<p><\/p>\n<\/blockquote>\n<p><!-- \/wp:quote --><\/p>\n<p><!-- wp:paragraph --><\/p>\n<p style=\"text-align: justify;\">Pentru a putea seta conexiunea PPPoE, calculatorul dumneavoastr\u0103 trebuie s\u0103 fie dotat cu un adaptor ethernet (&#8220;placa de re\u021bea&#8221;), driverele corespunz\u0103toare acestuia s\u0103 fie instalate corect, \u00een Control Panel -&gt; Network Connections interfa\u021ba s\u0103 fie enable, iar adresa IP sa fie ob\u021binut\u0103 folosind protocolul <a href=\"http:\/\/en.wikipedia.org\/wiki\/Dhcp\">DHCP<\/a>.<\/p>\n<p><!-- \/wp:paragraph --><\/p>\n<p><!-- wp:paragraph --><\/p>\n<p style=\"text-align: justify;\"><b>Dac\u0103 face\u0163i parte dintr-o institu\u0163ie afiliat\u0103 EDUROAM \u0219i ave\u0163i un cont \u00een cadrul acesteia, v\u0103 pute\u0163i conecta la re\u0163eaua wireless a Universit\u0103\u0163ii Alexandru Ioan Cuza sau v\u0103 pute\u0163i crea o conexiune PPPoE cu utilizatorul \u015fi parola de\u0163inute. <\/b><br \/><strong><br \/>Observa\u021bie:<\/strong> Utilizatorii care au deja un cont \u0219i o parol\u0103 de acces \u00een re\u021bea vor trece direct la <b>pasul II.<\/b><\/p>\n<p style=\"text-align: justify;\"><span style=\"color: #ff00ff;\"><strong>Pasul I<\/strong><\/span><\/p>\n<ul>\n<li style=\"text-align: justify;\">\u00cen acest moment, la deschiderea oric\u0103rei pagini web, ve\u021bi fi redirec\u021biona\u021bi c\u0103tre <a href=\"https:\/\/register.uaic.ro\/\" target=\"_blank\" rel=\"noopener\">pagina de \u00eenregistrare<\/a> pentru crearea contului de acces la Internet;<\/li>\n<li>trebuie s\u0103 completa\u021bi formularul specific categoriei din care face\u021bi parte:\n<ul>\n<li style=\"list-style-type: none;\">\n<ul>\n<li style=\"list-style-type: none;\">\n<ul>\n<li><a href=\"https:\/\/register.uaic.ro\/prof-register\/\">formular pentru angaja\u021bi;<\/a><\/li>\n<li><a href=\"https:\/\/register.uaic.ro\/stud-register\/index.php\">formular studen\u021bi;<\/a><\/li>\n<li><a href=\"https:\/\/register.uaic.ro\/guest-register\/index.php\">formular oaspe\u021bi.<\/a><\/li>\n<\/ul>\n<\/li>\n<\/ul>\n<\/li>\n<\/ul>\n<\/li>\n<\/ul>\n<p style=\"text-align: justify;\"><span style=\"color: #ff0000;\">Aten\u021bie !!! Complet\u00e2nd formularul de \u00eenregistrare, declara\u021bi c\u0103 sunte\u021bi de acord cu <a style=\"color: #ff0000;\" href=\"https:\/\/dcd.uaic.ro\/?page_id=3342\" target=\"_blank\" rel=\"noopener\">Politica de Securitate<\/a> \u0219i <a style=\"color: #ff0000;\" href=\"https:\/\/dcd.uaic.ro\/?page_id=3342\" target=\"_blank\" rel=\"noopener\">Planul de Securitate<\/a> ale Universit\u0103\u021bii &#8220;Alexandru Ioan Cuza&#8221;.<\/span><\/p>\n<ul>\n<li style=\"text-align: justify;\">Dup\u0103 completarea formularului, pute\u021bi verifica existen\u021ba \u0219i afla denumirea contului creat (\u00een general este de forma prenume.nume) acces\u00e2nd <a href=\"https:\/\/register.uaic.ro\/stare-cont\/\" target=\"_blank\" rel=\"noopener\">pagina de verificare a acestuia;<\/a><\/li>\n<li style=\"text-align: justify;\">Dac\u0103 la verificarea datelor au fost depistate discrepan\u021be \u00eentre datele introduse de dumneavoastr\u0103 \u00een formularul de \u00eenregistrare \u0219i cele din baza de date a Universit\u0103\u021bii &#8220;Alexandru Ioan Cuza&#8221;, contul dumneavoastr\u0103 nu va fi creat.<\/li>\n<\/ul>\n<blockquote>\n<p style=\"text-align: justify;\">Sistemul de autentificare face direfen\u021ba \u00eentre literele mari \u0219i cele mici.<br \/>Dac\u0103 la \u00eenregistrare a\u021bi completat formularul cu majuscule (folosind Shift sau Caps Lock) parola va fi introdus\u0103 \u00een acela\u0219i mod!!<\/p>\n<\/blockquote>\n<p><strong>Dup\u0103 ce datele au fost prelucrate \u0219i a\u021bi ob\u021binut numele de utilizator (\u00een general, acesta este de forma prenume.nume), pute\u021bi trece la setarea conexiunii PPPoE, astfel:<\/strong><\/p>\n<p><span style=\"color: #ff00ff;\"><strong>Pasul II<\/strong><\/span><\/p>\n<p>\u00a0<\/p>\n<figure class=\"wp-block-embed is-type-rich is-provider-embed-handler wp-block-embed-embed-handler\"><\/figure>\n<p><!-- \/wp:embed --><\/p>\t\t\t\t\t\t\t\t<\/div>\n\t\t\t\t<\/div>\n\t\t\t\t\t<\/div>\n\t\t<\/div>\n\t\t\t\t\t<\/div>\n\t\t<\/section>\n\t\t\t\t<section class=\"elementor-section elementor-top-section elementor-element elementor-element-d7a36cc elementor-section-boxed elementor-section-height-default elementor-section-height-default\" data-id=\"d7a36cc\" data-element_type=\"section\">\n\t\t\t\t\t\t<div class=\"elementor-container elementor-column-gap-default\">\n\t\t\t\t\t<div class=\"elementor-column elementor-col-100 elementor-top-column elementor-element elementor-element-53ac0bc\" data-id=\"53ac0bc\" data-element_type=\"column\">\n\t\t\t<div class=\"elementor-widget-wrap elementor-element-populated\">\n\t\t\t\t\t\t<div class=\"elementor-element elementor-element-3ab64c8 elementor-widget elementor-widget-video\" data-id=\"3ab64c8\" data-element_type=\"widget\" data-settings=\"{&quot;video_type&quot;:&quot;hosted&quot;,&quot;controls&quot;:&quot;yes&quot;}\" data-widget_type=\"video.default\">\n\t\t\t\t<div class=\"elementor-widget-container\">\n\t\t\t\t\t\t\t<div class=\"e-hosted-video elementor-wrapper elementor-open-inline\">\n\t\t\t\t\t<video class=\"elementor-video\" src=\"https:\/\/dcd.uaic.ro\/wp-content\/uploads\/2022\/11\/PPPoE-studenti.mp4\" controls=\"\" preload=\"metadata\" controlsList=\"nodownload\"><\/video>\n\t\t\t\t<\/div>\n\t\t\t\t\t\t<\/div>\n\t\t\t\t<\/div>\n\t\t\t\t\t<\/div>\n\t\t<\/div>\n\t\t\t\t\t<\/div>\n\t\t<\/section>\n\t\t\t\t<\/div>\n\t\t<div class=\"gsp_post_data\" data-post_type=\"page\" data-cat=\"\" data-modified=\"120\" data-title=\"Windows 11\" data-home=\"https:\/\/dcd.uaic.ro\"><\/div>","protected":false},"excerpt":{"rendered":"<p>Tutorialul este realizat pentru Windows 11, men\u021bion\u0103m c\u0103 pentru celelalte versiuni ale sistemului de operare Windows, pa\u0219ii vor fi urma\u021bi prin analogie. Pentru a putea seta conexiunea PPPoE, calculatorul dumneavoastr\u0103 trebuie s\u0103 fie dotat cu un adaptor ethernet (&#8220;placa de re\u021bea&#8221;), driverele corespunz\u0103toare acestuia s\u0103 fie instalate corect, \u00een Control Panel -&gt; Network Connections interfa\u021ba [&hellip;]<\/p>\n","protected":false},"author":1,"featured_media":0,"parent":1005,"menu_order":0,"comment_status":"closed","ping_status":"closed","template":"","meta":{"footnotes":""},"class_list":["post-4116","page","type-page","status-publish","hentry"],"_links":{"self":[{"href":"https:\/\/dcd.uaic.ro\/index.php?rest_route=\/wp\/v2\/pages\/4116","targetHints":{"allow":["GET"]}}],"collection":[{"href":"https:\/\/dcd.uaic.ro\/index.php?rest_route=\/wp\/v2\/pages"}],"about":[{"href":"https:\/\/dcd.uaic.ro\/index.php?rest_route=\/wp\/v2\/types\/page"}],"author":[{"embeddable":true,"href":"https:\/\/dcd.uaic.ro\/index.php?rest_route=\/wp\/v2\/users\/1"}],"replies":[{"embeddable":true,"href":"https:\/\/dcd.uaic.ro\/index.php?rest_route=%2Fwp%2Fv2%2Fcomments&post=4116"}],"version-history":[{"count":9,"href":"https:\/\/dcd.uaic.ro\/index.php?rest_route=\/wp\/v2\/pages\/4116\/revisions"}],"predecessor-version":[{"id":6256,"href":"https:\/\/dcd.uaic.ro\/index.php?rest_route=\/wp\/v2\/pages\/4116\/revisions\/6256"}],"up":[{"embeddable":true,"href":"https:\/\/dcd.uaic.ro\/index.php?rest_route=\/wp\/v2\/pages\/1005"}],"wp:attachment":[{"href":"https:\/\/dcd.uaic.ro\/index.php?rest_route=%2Fwp%2Fv2%2Fmedia&parent=4116"}],"curies":[{"name":"wp","href":"https:\/\/api.w.org\/{rel}","templated":true}]}}