{"id":4132,"date":"2022-11-14T13:39:03","date_gmt":"2022-11-14T11:39:03","guid":{"rendered":"https:\/\/dcd.uaic.ro\/?page_id=4132"},"modified":"2026-01-19T14:47:30","modified_gmt":"2026-01-19T12:47:30","slug":"elementor-4132","status":"publish","type":"page","link":"https:\/\/dcd.uaic.ro\/?page_id=4132","title":{"rendered":"MacOS Eduroam"},"content":{"rendered":"\t\t<div data-elementor-type=\"wp-page\" data-elementor-id=\"4132\" class=\"elementor elementor-4132\">\n\t\t\t\t\t\t<section class=\"elementor-section elementor-top-section elementor-element elementor-element-47f8480 elementor-section-boxed elementor-section-height-default elementor-section-height-default\" data-id=\"47f8480\" data-element_type=\"section\">\n\t\t\t\t\t\t<div class=\"elementor-container elementor-column-gap-default\">\n\t\t\t\t\t<div class=\"elementor-column elementor-col-100 elementor-top-column elementor-element elementor-element-e5622bc\" data-id=\"e5622bc\" data-element_type=\"column\">\n\t\t\t<div class=\"elementor-widget-wrap elementor-element-populated\">\n\t\t\t\t\t\t<div class=\"elementor-element elementor-element-7019efd elementor-widget elementor-widget-text-editor\" data-id=\"7019efd\" data-element_type=\"widget\" data-widget_type=\"text-editor.default\">\n\t\t\t\t<div class=\"elementor-widget-container\">\n\t\t\t\t\t\t\t\t\t<h3 style=\"text-align: center;\"><span style=\"color: #225158;\"><span style=\"color: #000000;\">Procedura de conectare la re\u021beaua wireless<\/span> <span style=\"color: #ff0000;\">eduroam<\/span><\/span><\/h3><h3 style=\"text-align: center;\"><span style=\"color: #225158;\"><span style=\"color: #000000;\">folosind macOS<\/span><br \/><\/span><\/h3><p style=\"text-align: justify;\"><b>Dac\u0103 face\u0163i parte dintr-o institu\u0163ie afiliat\u0103 EDUROAM \u0219i ave\u0163i un cont \u00een cadrul acesteia, v\u0103 pute\u0163i conecta la re\u0163eaua wireless a Universit\u0103\u0163ii &#8220;Alexandru Ioan Cuza&#8221; sau v\u0103 pute\u0163i crea o conexiune PPPoE cu utilizatorul \u015fi parola de\u0163inute. <\/b><br \/><strong><br \/>Observa\u021bie:<\/strong> Utilizatorii care au deja un cont \u0219i o parol\u0103 de acces \u00een re\u021bea vor trece direct la <b>pasul II.<\/b><\/p><p style=\"text-align: justify;\"><span style=\"color: #ff00ff;\"><strong>Pasul I<\/strong><\/span><\/p><ul><li>trebuie s\u0103 completa\u021bi formularul specific categoriei din care face\u021bi parte:<ul><li><a href=\"https:\/\/register.uaic.ro\/prof-register\/index.php\">formular pentru angaja\u021bi<\/a>;<\/li><li><a href=\"https:\/\/register.uaic.ro\/stud-register\/index.php\">formular studen\u021bi<\/a>;<\/li><li><a href=\"https:\/\/register.uaic.ro\/guest-register\/index.php\">formular oaspe\u021bi<\/a>.<\/li><\/ul><\/li><\/ul><p style=\"text-align: justify;\"><span style=\"color: #ff0000;\">Aten\u021bie !!! Complet\u00e2nd formularul de \u00eenregistrare, declara\u021bi c\u0103 sunte\u021bi de acord cu <a style=\"color: #ff0000;\" href=\"https:\/\/dcd.uaic.ro\/?page_id=3342\" target=\"_blank\" rel=\"noopener\">Politica de Securitate<\/a> \u0219i <a style=\"color: #ff0000;\" href=\"https:\/\/dcd.uaic.ro\/?page_id=3342\" target=\"_blank\" rel=\"noopener\">Planul de Securitate<\/a> ale Universit\u0103\u021bii &#8220;Alexandru Ioan Cuza&#8221;.<\/span><\/p><p><strong>Dup\u0103 ce datele au fost prelucrate \u0219i a\u021bi ob\u021binut numele de utilizator (\u00een general, acesta este de forma prenume.nume), pute\u021bi trece la setarea conexiunii wireless, astfel:<\/strong><\/p><p style=\"text-align: justify;\"><span style=\"color: #ff00ff;\"><strong>Pasul II<\/strong><\/span><\/p><ul><li>Scana\u021bi si instala\u021bi profilul din codul QR:<\/li><\/ul><p><img fetchpriority=\"high\" decoding=\"async\" class=\"alignnone size-medium wp-image-5039\" src=\"https:\/\/dcd.uaic.ro\/wp-content\/uploads\/2024\/10\/qr-eduroam-300x300.jpg\" alt=\"\" width=\"300\" height=\"300\" srcset=\"https:\/\/dcd.uaic.ro\/wp-content\/uploads\/2024\/10\/qr-eduroam-300x300.jpg 300w, https:\/\/dcd.uaic.ro\/wp-content\/uploads\/2024\/10\/qr-eduroam-150x150.jpg 150w, https:\/\/dcd.uaic.ro\/wp-content\/uploads\/2024\/10\/qr-eduroam.jpg 588w\" sizes=\"(max-width: 300px) 100vw, 300px\" \/><\/p><ul><li>sau accesa\u021bi \u0219i instala\u021bi profilul din urm\u0103torul link:<\/li><\/ul><p style=\"padding-left: 40px;\"><strong><a href=\"https:\/\/cat.eduroam.org\/?idp=7089&amp;profile=12920\">https:\/\/cat.eduroam.org\/?idp=7089&amp;profile=12920<\/a><\/strong><\/p><ul><li><span style=\"color: #993366;\"><b>Urma\u021bi tutorialul.<\/b><\/span><\/li><\/ul>\t\t\t\t\t\t\t\t<\/div>\n\t\t\t\t<\/div>\n\t\t\t\t\t<\/div>\n\t\t<\/div>\n\t\t\t\t\t<\/div>\n\t\t<\/section>\n\t\t\t\t<section class=\"elementor-section elementor-top-section elementor-element elementor-element-d77228f elementor-section-boxed elementor-section-height-default elementor-section-height-default\" data-id=\"d77228f\" data-element_type=\"section\">\n\t\t\t\t\t\t<div class=\"elementor-container elementor-column-gap-default\">\n\t\t\t\t\t<div class=\"elementor-column elementor-col-100 elementor-top-column elementor-element elementor-element-fea8b77\" data-id=\"fea8b77\" data-element_type=\"column\">\n\t\t\t<div class=\"elementor-widget-wrap elementor-element-populated\">\n\t\t\t\t\t\t<div class=\"elementor-element elementor-element-8ed3915 elementor-widget elementor-widget-video\" data-id=\"8ed3915\" data-element_type=\"widget\" data-settings=\"{&quot;video_type&quot;:&quot;hosted&quot;,&quot;start&quot;:1,&quot;controls&quot;:&quot;yes&quot;}\" data-widget_type=\"video.default\">\n\t\t\t\t<div class=\"elementor-widget-container\">\n\t\t\t\t\t\t\t<div class=\"e-hosted-video elementor-wrapper elementor-open-inline\">\n\t\t\t\t\t<video class=\"elementor-video\" src=\"https:\/\/dcd.uaic.ro\/wp-content\/uploads\/2023\/02\/macos-wireless.mp4#t=1\" controls=\"\" preload=\"metadata\" controlsList=\"nodownload\" poster=\"https:\/\/dcd-new.uaic.ro\/wp-content\/uploads\/2023\/02\/Screenshot-2023-02-28-at-14.27.46.png\"><\/video>\n\t\t\t\t<\/div>\n\t\t\t\t\t\t<\/div>\n\t\t\t\t<\/div>\n\t\t\t\t\t<\/div>\n\t\t<\/div>\n\t\t\t\t\t<\/div>\n\t\t<\/section>\n\t\t\t\t<\/div>\n\t\t<div class=\"gsp_post_data\" data-post_type=\"page\" data-cat=\"\" data-modified=\"120\" data-title=\"MacOS Eduroam\" data-home=\"https:\/\/dcd.uaic.ro\"><\/div>","protected":false},"excerpt":{"rendered":"<p>Procedura de conectare la re\u021beaua wireless eduroam folosind macOS Dac\u0103 face\u0163i parte dintr-o institu\u0163ie afiliat\u0103 EDUROAM \u0219i ave\u0163i un cont \u00een cadrul acesteia, v\u0103 pute\u0163i conecta la re\u0163eaua wireless a Universit\u0103\u0163ii &#8220;Alexandru Ioan Cuza&#8221; sau v\u0103 pute\u0163i crea o conexiune PPPoE cu utilizatorul \u015fi parola de\u0163inute. Observa\u021bie: Utilizatorii care au deja un cont \u0219i o [&hellip;]<\/p>\n","protected":false},"author":1,"featured_media":0,"parent":1003,"menu_order":0,"comment_status":"closed","ping_status":"closed","template":"","meta":{"footnotes":""},"class_list":["post-4132","page","type-page","status-publish","hentry"],"_links":{"self":[{"href":"https:\/\/dcd.uaic.ro\/index.php?rest_route=\/wp\/v2\/pages\/4132","targetHints":{"allow":["GET"]}}],"collection":[{"href":"https:\/\/dcd.uaic.ro\/index.php?rest_route=\/wp\/v2\/pages"}],"about":[{"href":"https:\/\/dcd.uaic.ro\/index.php?rest_route=\/wp\/v2\/types\/page"}],"author":[{"embeddable":true,"href":"https:\/\/dcd.uaic.ro\/index.php?rest_route=\/wp\/v2\/users\/1"}],"replies":[{"embeddable":true,"href":"https:\/\/dcd.uaic.ro\/index.php?rest_route=%2Fwp%2Fv2%2Fcomments&post=4132"}],"version-history":[{"count":72,"href":"https:\/\/dcd.uaic.ro\/index.php?rest_route=\/wp\/v2\/pages\/4132\/revisions"}],"predecessor-version":[{"id":6439,"href":"https:\/\/dcd.uaic.ro\/index.php?rest_route=\/wp\/v2\/pages\/4132\/revisions\/6439"}],"up":[{"embeddable":true,"href":"https:\/\/dcd.uaic.ro\/index.php?rest_route=\/wp\/v2\/pages\/1003"}],"wp:attachment":[{"href":"https:\/\/dcd.uaic.ro\/index.php?rest_route=%2Fwp%2Fv2%2Fmedia&parent=4132"}],"curies":[{"name":"wp","href":"https:\/\/api.w.org\/{rel}","templated":true}]}}