{"id":4157,"date":"2023-01-10T10:35:54","date_gmt":"2023-01-10T08:35:54","guid":{"rendered":"https:\/\/dcd.uaic.ro\/?page_id=4157"},"modified":"2026-01-19T14:48:15","modified_gmt":"2026-01-19T12:48:15","slug":"pppoe-macos","status":"publish","type":"page","link":"https:\/\/dcd.uaic.ro\/?page_id=4157","title":{"rendered":"PPPoE MacOS"},"content":{"rendered":"\t\t<div data-elementor-type=\"wp-page\" data-elementor-id=\"4157\" class=\"elementor elementor-4157\">\n\t\t\t\t\t\t<section class=\"elementor-section elementor-top-section elementor-element elementor-element-3dc8190 elementor-section-boxed elementor-section-height-default elementor-section-height-default\" data-id=\"3dc8190\" data-element_type=\"section\">\n\t\t\t\t\t\t<div class=\"elementor-container elementor-column-gap-default\">\n\t\t\t\t\t<div class=\"elementor-column elementor-col-100 elementor-top-column elementor-element elementor-element-40b82fa\" data-id=\"40b82fa\" data-element_type=\"column\">\n\t\t\t<div class=\"elementor-widget-wrap elementor-element-populated\">\n\t\t\t\t\t\t<div class=\"elementor-element elementor-element-877aead elementor-widget elementor-widget-text-editor\" data-id=\"877aead\" data-element_type=\"widget\" data-widget_type=\"text-editor.default\">\n\t\t\t\t<div class=\"elementor-widget-container\">\n\t\t\t\t\t\t\t\t\t<blockquote><p><strong>Tutorialul este realizat pentru macOS Monterey v 12.6, men\u021bion\u0103m c\u0103 pentru celelalte versiuni ale sistemului de operare macOS, pa\u0219ii vor fi urma\u021bi prin analogie.<\/strong><\/p><\/blockquote><p>Pentru a putea seta conexiunea PPPoE, calculatorul dumneavoastr\u0103 trebuie s\u0103 fie dotat cu un adaptor ethernet (&#8220;placa de re\u021bea&#8221;), driverele corespunz\u0103toare acestuia s\u0103 fie instalate corect, \u00een System Preferences -&gt; Network\u00a0 interfa\u021ba s\u0103 fie enable, iar adresa IP sa fie ob\u021binut\u0103 folosind protocolul <a href=\"http:\/\/en.wikipedia.org\/wiki\/Dhcp\">DHCP<\/a>.<\/p><p style=\"text-align: justify;\"><span style=\"font-weight: bold;\">Dac\u0103 face\u0163i parte dintr-o institu\u0163ie afiliat\u0103 EDUROAM \u0219i ave\u0163i un cont \u00een cadrul acesteia, v\u0103 pute\u0163i conecta la re\u0163eaua wireless a Universit\u0103\u0163ii &#8220;Alexandru Ioan Cuza&#8221; sau v\u0103 pute\u0163i crea o conexiune PPPoE cu utilizatorul \u015fi parola de\u0163inute.<\/span><br \/><strong><br \/>Observa\u021bie:<\/strong>\u00a0Utilizatorii care au deja un cont \u0219i o parol\u0103 de acces \u00een re\u021bea vor trece direct la\u00a0<span style=\"font-weight: bold;\">pasul II.<\/span><\/p><p style=\"text-align: justify;\"><strong>Pasul I<\/strong><\/p><ul><li style=\"text-align: justify;\">\u00cen acest moment, la deschiderea oric\u0103rei pagini web, ve\u021bi fi redirec\u021biona\u021bi c\u0103tre <a href=\"https:\/\/register.uaic.ro\/\" target=\"_blank\" rel=\"noopener\">pagina de \u00eenregistrare<\/a> pentru crearea contului de acces la Internet;<\/li><li>trebuie s\u0103 completa\u021bi formularul specific categoriei din care face\u021bi parte:<ul><li><a href=\"https:\/\/register.uaic.ro\/prof-register\/\">formular pentru angaja\u021bi;<\/a><\/li><li><a href=\"https:\/\/register.uaic.ro\/stud-register\/index.php\">formular studen\u021bi;<\/a><\/li><li><a href=\"https:\/\/register.uaic.ro\/guest-register\/index.php\">formular oaspe\u021bi.<\/a><\/li><\/ul><\/li><\/ul><p style=\"text-align: justify;\">Aten\u021bie !!! Complet\u00e2nd formularul de \u00eenregistrare, declara\u021bi c\u0103 sunte\u021bi de acord cu\u00a0<a style=\"color: #ff0000;\" href=\"https:\/\/dcd.uaic.ro\/?page_id=3342\" target=\"_blank\" rel=\"noopener\">Politica de Securitate<\/a>\u00a0\u0219i\u00a0<a style=\"color: #ff0000;\" href=\"https:\/\/dcd.uaic.ro\/?page_id=3342\" target=\"_blank\" rel=\"noopener\">Planul de Securitate<\/a>\u00a0ale Universit\u0103\u021bii &#8220;Alexandru Ioan Cuza&#8221;.<\/p><ul><li style=\"text-align: justify;\">Dup\u0103 completarea formularului, pute\u021bi verifica existen\u021ba \u0219i afla denumirea contului creat (\u00een general este de forma prenume.nume), acces\u00e2nd <a href=\"https:\/\/register.uaic.ro\/stare-cont\/\" target=\"_blank\" rel=\"noopener\">pagina de verificare a acestuia;<\/a><\/li><li style=\"text-align: justify;\">Dac\u0103 la verificarea datelor au fost depistate discrepan\u021be \u00eentre datele introduse de dumneavoastr\u0103 \u00een formularul de \u00eenregistrare \u0219i cele din baza de date a Universit\u0103\u021bii &#8220;Alexandru Ioan Cuza&#8221;, contul dumneavoastr\u0103 nu va fi creat.<\/li><\/ul><blockquote><p style=\"text-align: justify;\">Sistemul de autentificare face direfen\u021ba \u00eentre literele mari \u0219i cele mici.<br \/>Dac\u0103 la \u00eenregistrare a\u021bi completat formularul cu majuscule (folosind Shift sau Caps Lock) parola va fi introdus\u0103 \u00een acela\u0219i mod!!<\/p><\/blockquote><p><strong>Dup\u0103 ce datele au fost prelucrate \u0219i a\u021bi ob\u021binut numele de utilizator (\u00een general, acesta este de forma prenume.nume), pute\u021bi trece la setarea conexiunii PPPoE, astfel:<\/strong><\/p><p><strong>\u00a0<\/strong><\/p><p><strong>Pasul II<\/strong><\/p>\t\t\t\t\t\t\t\t<\/div>\n\t\t\t\t<\/div>\n\t\t\t\t\t<\/div>\n\t\t<\/div>\n\t\t\t\t\t<\/div>\n\t\t<\/section>\n\t\t\t\t<section class=\"elementor-section elementor-top-section elementor-element elementor-element-8caff42 elementor-section-boxed elementor-section-height-default elementor-section-height-default\" data-id=\"8caff42\" data-element_type=\"section\">\n\t\t\t\t\t\t<div class=\"elementor-container elementor-column-gap-default\">\n\t\t\t\t\t<div class=\"elementor-column elementor-col-100 elementor-top-column elementor-element elementor-element-5bf521d\" data-id=\"5bf521d\" data-element_type=\"column\">\n\t\t\t<div class=\"elementor-widget-wrap elementor-element-populated\">\n\t\t\t\t\t\t<div class=\"elementor-element elementor-element-71d4644 elementor-widget elementor-widget-video\" data-id=\"71d4644\" data-element_type=\"widget\" data-settings=\"{&quot;video_type&quot;:&quot;hosted&quot;,&quot;mute&quot;:&quot;yes&quot;,&quot;controls&quot;:&quot;yes&quot;}\" data-widget_type=\"video.default\">\n\t\t\t\t<div class=\"elementor-widget-container\">\n\t\t\t\t\t\t\t<div class=\"e-hosted-video elementor-wrapper elementor-open-inline\">\n\t\t\t\t\t<video class=\"elementor-video\" src=\"https:\/\/dcd.uaic.ro\/wp-content\/uploads\/2023\/01\/Apple-PPPoE.mov\" controls=\"\" preload=\"metadata\" muted=\"muted\" controlsList=\"nodownload\"><\/video>\n\t\t\t\t<\/div>\n\t\t\t\t\t\t<\/div>\n\t\t\t\t<\/div>\n\t\t\t\t\t<\/div>\n\t\t<\/div>\n\t\t\t\t\t<\/div>\n\t\t<\/section>\n\t\t\t\t<\/div>\n\t\t<div class=\"gsp_post_data\" data-post_type=\"page\" data-cat=\"\" data-modified=\"120\" data-title=\"PPPoE MacOS\" data-home=\"https:\/\/dcd.uaic.ro\"><\/div>","protected":false},"excerpt":{"rendered":"<p>Tutorialul este realizat pentru macOS Monterey v 12.6, men\u021bion\u0103m c\u0103 pentru celelalte versiuni ale sistemului de operare macOS, pa\u0219ii vor fi urma\u021bi prin analogie. Pentru a putea seta conexiunea PPPoE, calculatorul dumneavoastr\u0103 trebuie s\u0103 fie dotat cu un adaptor ethernet (&#8220;placa de re\u021bea&#8221;), driverele corespunz\u0103toare acestuia s\u0103 fie instalate corect, \u00een System Preferences -&gt; Network\u00a0 [&hellip;]<\/p>\n","protected":false},"author":2,"featured_media":0,"parent":0,"menu_order":0,"comment_status":"closed","ping_status":"closed","template":"","meta":{"footnotes":""},"class_list":["post-4157","page","type-page","status-publish","hentry"],"_links":{"self":[{"href":"https:\/\/dcd.uaic.ro\/index.php?rest_route=\/wp\/v2\/pages\/4157","targetHints":{"allow":["GET"]}}],"collection":[{"href":"https:\/\/dcd.uaic.ro\/index.php?rest_route=\/wp\/v2\/pages"}],"about":[{"href":"https:\/\/dcd.uaic.ro\/index.php?rest_route=\/wp\/v2\/types\/page"}],"author":[{"embeddable":true,"href":"https:\/\/dcd.uaic.ro\/index.php?rest_route=\/wp\/v2\/users\/2"}],"replies":[{"embeddable":true,"href":"https:\/\/dcd.uaic.ro\/index.php?rest_route=%2Fwp%2Fv2%2Fcomments&post=4157"}],"version-history":[{"count":24,"href":"https:\/\/dcd.uaic.ro\/index.php?rest_route=\/wp\/v2\/pages\/4157\/revisions"}],"predecessor-version":[{"id":6442,"href":"https:\/\/dcd.uaic.ro\/index.php?rest_route=\/wp\/v2\/pages\/4157\/revisions\/6442"}],"wp:attachment":[{"href":"https:\/\/dcd.uaic.ro\/index.php?rest_route=%2Fwp%2Fv2%2Fmedia&parent=4157"}],"curies":[{"name":"wp","href":"https:\/\/api.w.org\/{rel}","templated":true}]}}