{"id":582,"date":"2010-10-06T12:42:26","date_gmt":"2010-10-06T09:42:26","guid":{"rendered":"http:\/\/dcd.uaic.ro\/?page_id=582"},"modified":"2025-11-13T13:31:26","modified_gmt":"2025-11-13T11:31:26","slug":"conectivitate","status":"publish","type":"page","link":"https:\/\/dcd.uaic.ro\/?page_id=582","title":{"rendered":"Conectivitate"},"content":{"rendered":"<p style=\"text-align: justify;\">D.C.D.I nu ofer\u0103 servicii de conectare la re\u0163eaua Internet. Accesul la re\u0163eaua Internet pentru institu\u0163ii educa\u0163ionale \u015fi non-profit este furnizat de c\u0103tre <a href=\"http:\/\/www.iasi.roedu.net\/\" target=\"_blank\" rel=\"noopener\"> Sucursala\u00a0Ia\u015fi a RoEduNet<\/a>.<\/p>\n<p style=\"text-align: justify;\">D.C.D.I ofer\u0103 servicii de conectare la re\u0163eaua de comunica\u0163ii de date a Universit\u0103\u0163ii &#8220;Alexandru Ioan Cuza&#8221; Ia\u015fi numai pentru facult\u0103\u0163ile\/departamentele\/serviciile acesteia. Re\u0163eaua Universit\u0103\u0163ii &#8220;Alexandru Ioan Cuza&#8221; Ia\u015fi este conectat\u0103 la nodul de comunica\u0163ii al RoEduNet, Sucursala Ia\u015fi, tot traficul de date (inclusiv conectivitate Internet) \u00een afara re\u0163elei proprii fiind asigurat prin re\u0163eaua RoEduNet.<\/p>\n<p style=\"text-align: justify;\"><strong>Conexiuni la re\u0163eaua local\u0103<\/strong><\/p>\n<p style=\"text-align: justify;\">Pentru to\u0163i utilizatorii din cadrul Universit\u0103\u0163ii &#8220;Alexandru Ioan Cuza&#8221;, Ia\u015fi, D.C.D.I furnizeaz\u0103 o conexiune Ethernet la re\u0163eaua local\u0103, principalele corpuri ale Universit\u0103\u021bii &#8220;Alexandru Ioan Cuza&#8221; au \u0219i conexiune Wireless. Re\u0163eaua administrat\u0103 deserve\u015fte toate facult\u0103\u0163ile, serviciile administrative \u015fi c\u0103minele studen\u0163e\u015fti.<\/p>\n<p style=\"text-align: justify;\">Principalele cl\u0103diri ale Universit\u0103\u0163ii sunt conectate prin fibr\u0103 optic\u0103. \u00cen interiorul cl\u0103dirilor, <a href=\"http:\/\/dcd.uaic.ro\/?page_id=925\">infrastructura de comunica\u0163ii<\/a> este construit\u0103 utiliz\u00e2nd cablu UTP categoria 5, 5e, 6, 7. Interconectarea re\u0163elelor locale este asigurat\u0103 prin 3 routere de mare vitez\u0103 \u0219i aproximativ 320 de switch-uri.<\/p>\n<p><!--- WEB-PROFESSIONAL-SITE-CONTENT:end ---><\/p>\n<div class=\"gsp_post_data\" data-post_type=\"page\" data-cat=\"\" data-modified=\"120\" data-title=\"Conectivitate\" data-home=\"https:\/\/dcd.uaic.ro\"><\/div>","protected":false},"excerpt":{"rendered":"<p>D.C.D.I nu ofer\u0103 servicii de conectare la re\u0163eaua Internet. Accesul la re\u0163eaua Internet pentru institu\u0163ii educa\u0163ionale \u015fi non-profit este furnizat de c\u0103tre Sucursala\u00a0Ia\u015fi a RoEduNet. D.C.D.I ofer\u0103 servicii de conectare la re\u0163eaua de comunica\u0163ii de date a Universit\u0103\u0163ii &#8220;Alexandru Ioan Cuza&#8221; Ia\u015fi numai pentru facult\u0103\u0163ile\/departamentele\/serviciile acesteia. Re\u0163eaua Universit\u0103\u0163ii &#8220;Alexandru Ioan Cuza&#8221; Ia\u015fi este conectat\u0103 la [&hellip;]<\/p>\n","protected":false},"author":1,"featured_media":0,"parent":113,"menu_order":1,"comment_status":"closed","ping_status":"closed","template":"","meta":{"footnotes":""},"class_list":["post-582","page","type-page","status-publish","hentry"],"_links":{"self":[{"href":"https:\/\/dcd.uaic.ro\/index.php?rest_route=\/wp\/v2\/pages\/582","targetHints":{"allow":["GET"]}}],"collection":[{"href":"https:\/\/dcd.uaic.ro\/index.php?rest_route=\/wp\/v2\/pages"}],"about":[{"href":"https:\/\/dcd.uaic.ro\/index.php?rest_route=\/wp\/v2\/types\/page"}],"author":[{"embeddable":true,"href":"https:\/\/dcd.uaic.ro\/index.php?rest_route=\/wp\/v2\/users\/1"}],"replies":[{"embeddable":true,"href":"https:\/\/dcd.uaic.ro\/index.php?rest_route=%2Fwp%2Fv2%2Fcomments&post=582"}],"version-history":[{"count":1,"href":"https:\/\/dcd.uaic.ro\/index.php?rest_route=\/wp\/v2\/pages\/582\/revisions"}],"predecessor-version":[{"id":6350,"href":"https:\/\/dcd.uaic.ro\/index.php?rest_route=\/wp\/v2\/pages\/582\/revisions\/6350"}],"up":[{"embeddable":true,"href":"https:\/\/dcd.uaic.ro\/index.php?rest_route=\/wp\/v2\/pages\/113"}],"wp:attachment":[{"href":"https:\/\/dcd.uaic.ro\/index.php?rest_route=%2Fwp%2Fv2%2Fmedia&parent=582"}],"curies":[{"name":"wp","href":"https:\/\/api.w.org\/{rel}","templated":true}]}}