{"id":623,"date":"2010-10-06T13:20:22","date_gmt":"2010-10-06T10:20:22","guid":{"rendered":"http:\/\/dcd.uaic.ro\/?page_id=623"},"modified":"2022-10-25T09:56:24","modified_gmt":"2022-10-25T07:56:24","slug":"mx","status":"publish","type":"page","link":"https:\/\/dcd.uaic.ro\/?page_id=623","title":{"rendered":"MX"},"content":{"rendered":"\t\t<div data-elementor-type=\"wp-page\" data-elementor-id=\"623\" class=\"elementor elementor-623\">\n\t\t\t\t\t\t<section class=\"elementor-section elementor-top-section elementor-element elementor-element-6da02d6e elementor-section-boxed elementor-section-height-default elementor-section-height-default\" data-id=\"6da02d6e\" data-element_type=\"section\">\n\t\t\t\t\t\t<div class=\"elementor-container elementor-column-gap-default\">\n\t\t\t\t\t<div class=\"elementor-column elementor-col-100 elementor-top-column elementor-element elementor-element-100bd2c2\" data-id=\"100bd2c2\" data-element_type=\"column\">\n\t\t\t<div class=\"elementor-widget-wrap elementor-element-populated\">\n\t\t\t\t\t\t<div class=\"elementor-element elementor-element-680fdcb3 elementor-widget elementor-widget-text-editor\" data-id=\"680fdcb3\" data-element_type=\"widget\" data-widget_type=\"text-editor.default\">\n\t\t\t\t<div class=\"elementor-widget-container\">\n\t\t\t\t\t\t\t\t\t<p style=\"text-align: left;\"><strong>Mail Exchange<\/strong><\/p>\n\n<dl>\n \t<dt><\/dt>\n<\/dl>\n<ul>\n \t<li><span style=\"color: #ff0000;\"><strong><span style=\"color: #0000ff;\">Ce este mail exchange?<\/span><\/strong><\/span><\/li>\n<\/ul>\n<dl>\n \t<dt><\/dt>\n \t<dd>\n<div style=\"text-align: justify;\">&#8220;Mail exchange&#8221; este un alt nume pentru ma\u015fina a c\u0103rei func\u0163ie principal\u0103 este primirea \u015fi trimiterea mesajelor de po\u015ft\u0103 electronic\u0103 (email). Cunoscut\u0103 sub numele de &#8220;mailhost&#8221; (host de mail), &#8220;mailhub&#8221; (hub de mail) sau chiar &#8220;postoffice&#8221; (oficiu po\u015ftal), aceast\u0103 ma\u015fin\u0103 are de obicei o &#8220;ascultare&#8221; pe portul 25, pe serverul de mail (aplica\u0163ie scris\u0103 special pentru distribuirea fi\u015fierelor) pentru a primi mesajele &#8220;incoming&#8221; (care sosesc) de po\u015ft\u0103 electronic\u0103.<\/div><\/dd>\n<\/dl>\n<ul>\n \t<li><span style=\"color: #0000ff;\"><strong> Ce este Agentul de Trimitere a mesajelor de po\u015ft\u0103 electronic\u0103 ?<\/strong><\/span><\/li>\n<\/ul>\n<ul>\n \t<li><span style=\"color: #0000ff;\"><strong> Cum sunt distribuite mesajele de email?<\/strong><\/span><\/li>\n<\/ul>\n<dl>\n \t<dd>\n<div style=\"text-align: justify;>Un Agent de Trimitere a mesajelor de po\u015ft\u0103 electronic\u0103 este o aplica\u0163ie &#8220;po\u015fta\u015f&#8221; care se uit\u0103 la adres\u0103 \u015fi o las\u0103 \u00een cutia po\u015ftal\u0103 local\u0103 a utilizatorului sau o arunc\u0103 \u00eenapoi \u00een &#8220;vagon&#8221; pentru distribuire \u00een alt\u0103 parte. Cu alte cuvinte, Agentul de Trimitere a mesajelor de po\u015ft\u0103 electronic\u0103 cite\u015fte header-ul (capul) \u015fi decide dac\u0103 este nevoie ca aceste mesaje s\u0103 fie puse \u00een cutia po\u015ftal\u0103 de pe propria ma\u015fin\u0103 sau retrimis\u0103 \u00een Internet la o ma\u015fin\u0103 la distan\u0163\u0103 (&#8220;remote&#8221; machine).<\/div><\/dd>\n \t<dd><\/dd>\n \t<dt><\/dt>\n<\/dl>\n<ul>\n \t<li><strong><span style=\"color: #0000ff;\">Ce este o \u00eenregistrare MX?<\/span><\/strong><\/li>\n<\/ul>\n<dl>\n \t<dt><\/dt>\n \t<dd>\n<div style=\"text-align: justify;>&#8211; Identific\u0103 unde se vor trimite mail-urile pentru un anumit domeniu. Astfel, este posibil ca s\u0103 fie contactat direct serverul destina\u0163ie pentru a rezolva mesajele de po\u015ft\u0103 electronic\u0103 primite c\u0103ut\u00e2nd adresa fizic\u0103 IP a serverului destina\u0163ie printr-o interogare DNS cu o \u00eenregistrare MX (Mail eXchange) corespondent\u0103 domeniului c\u0103utat.<\/div><\/dd>\n \t<dd><\/dd>\n \t<dd>\n<div style=\"text-align: justify;>O \u00eenregistrare MX va redirec\u0163iona mesajele de po\u015ft\u0103 electronic\u0103 trimise oric\u0103rui utilizator de pe o ma\u015fin\u0103 unui mailhost (host de mail) desemnat. Spune Agentului de Trimitere a mesajelor de po\u015ft\u0103 electronic\u0103 unde s\u0103 ruteze (trimit\u0103) mesajele de po\u015ft\u0103 electronic\u0103.<\/div><\/dd>\n \t<dd><\/dd>\n \t<dd>\n<div style=\"text-align: justify;>\u00cenregistr\u0103rile Mx sunt mult mai importante dec\u00e2t sunetele. Ele permit ca toate mail-urile pentru un domeniu s\u0103 fie rutate (trimise) c\u0103tre un host (&#8220;gazd\u0103&#8221;). Aces lucru este extreme de util &#8211; reduce \u00eenc\u0103rcarea pe host-urile interne deoarece nu trebuie s\u0103 ruteze mesajele care vin, \u015fi permite ca mail-urile dvs. s\u0103 fie trimise la orice adres\u0103 din domeniul dvs., chiar dac\u0103 acea adres\u0103 particular\u0103 nu are un calculator asociat ei. De exemplu, dac\u0103 avem un server de mail ce ruleaz\u0103 pe o ma\u015fin\u0103 fictiv\u0103, mail.uaic.ro \u015fi dorim, pentru comoditate, ca adresa de email s\u0103 fie <a href=\"mailto:user@uaic.ro\">user@uaic.ro<\/a> \u00een loc de <a href=\"mailto:user@mail.uaic.ro\">user@mail.uaic.ro<\/a>, acest lucru este realizat de \u00eenregistrarea de mai jos:<\/div><\/dd>\n \t<dd><\/dd>\n \t<dd>\n<div>uaic.ro IN MX 10 mail.uaic.ro.<\/div><\/dd>\n \t<dd><\/dd>\n \t<dd>\n<div style=\"text-align: justify;>Coloana din st\u00e2nga (uaic.ro) semnific\u0103 adresa pe care dorim s-o utiliz\u0103m ca adres\u0103 email. Urm\u0103toarele dou\u0103 intr\u0103ri au fost explicate complet (am\u0103nun\u0163it) \u00een \u00eenregistr\u0103rile anterioare. Urm\u0103toarea coloan\u0103, nr-ul 10, este diferit de format-ul normal al \u00eenregistr\u0103rii DNS. Indic\u0103 prioritatea. Adesea, sistemele mai largi vor avea servere de mail de backup, posibil mai mult de unul singur. Evident, ve\u0163i dori numai mail-uri primite de backup-uri, dac\u0103 se \u00eent\u00e2mpl\u0103 ceva r\u0103u cu serverul de mail primar. Se poate indica acest lucru \u00een \u00eenregistr\u0103rile MX. Un nr. mai mic \u00een \u00eenregistrarea MX \u00eenseamn\u0103 o prioritate mai mare \u015fi mail-ul va fi trimis server-ului cu cel mai mic nr. Dac\u0103 se \u00eent\u00e2mpl\u0103 ca acest server s\u0103 nu poat\u0103 fi atins (s\u0103 nu se poat\u0103 ajunge la el), calculatorul ce trimite mesaje de po\u015ft\u0103 electronic\u0103 va \u00eencerca cu orice alt server din tabelele DNS, \u00een ordinea priorit\u0103\u0163ii. Putem avea c\u00e2te \u00eenregistr\u0103ri MX dorim. Este de asemenea bine s\u0103 includem o \u00eenregistrare MX chiar dac\u0103 mail-urile se trimit direct unei ma\u015fini cu o \u00eenregistrare A. Unele programe de trimitere a mail-urilor se uit\u0103 doar dup\u0103 \u00eenregistrari MX. Dac\u0103 avem un domeniu unde utilizatorii au propriile ma\u015fini pe care ruleaz\u0103 clien\u0163i de mail, mail-urile pot fi trimise direct fiec\u0103rei ma\u015fini. Dec\u00e2t s\u0103 facem dezordine \u00een intrarea DNS, mai bine ad\u0103ug\u0103m o \u00eenregistrare MX ca urm\u0103toarea:<\/div><\/dd>\n \t<dd><\/dd>\n \t<dd>\n<div>*.uaic.ro IN MX 10 mail.uaic.ro<\/div><\/dd>\n \t<dd><\/dd>\n \t<dd>\n<div style=\"text-align: justify;>Acest lucru va trimite orice mail de pe sta\u0163iile de lucru individuale din domeniul uaic.ro prin serverul mail.uaic.ro.<\/div><\/dd>\n \t<dt><\/dt>\n<\/dl>\n<ul>\n \t<li><span style=\"color: #0000ff;\"><strong>Ce este o \u00eenregistrare MX \u201cat\u00e2rnat\u0103\u201d?<\/strong> <\/span><\/li>\n<\/ul>\n<dl>\n \t<dd>\n<div style=\"text-align: justify;>O \u00eenregistrare MX poate exista pentru un host care nu este sau nu mai este \u00eenregistrat. De exemplu, dac\u0103 persoanele s-au obi\u015fnuit s\u0103 trimit\u0103 mesaje de po\u015ft\u0103 electronic\u0103 la <a href=\"mailto:user@mailx.uaic.ro\">user@mailx.uaic.ro<\/a> \u015fi hostul mailx nu mai exist\u0103, user-ul mai poate primi mail la vechea adres\u0103 dac\u0103 re\u0163inem o \u00eenregistrare MX pentru mailx care redirecteaz\u0103 mail-urile la noua sa adres\u0103. Recomand\u0103m ca aceast\u0103 op\u0163iune s\u0103 fie utilizat\u0103 &#8220;cu economie&#8221; deoarece s-ar putea s\u0103 creeze confuzii utilizatorilor care nu au \u00een\u0163eles cum mai pot fi trimise mail-uri c\u0103tre un host ce nu mai exist\u0103.<\/div><\/dd>\n \t<dt><\/dt>\n<\/dl>\n<ul>\n \t<li><strong><span style=\"color: #0000ff;\"> Ce este un domeniu de \u00eenregistr\u0103ri MX?<\/span><\/strong><\/li>\n<\/ul>\n<dl>\n \t<dd>\n<div style=\"text-align: justify;>O \u00eenregistrare MX de domeniu va redirecta mail-urile trimise lui <a href=\"mailto:user@mail.uaic.ro\">user@mail.uaic.ro<\/a> c\u0103tre un &#8220;mailhost&#8221; desemnat. \u00cenregistrarea MX este ata\u015fat\u0103 numai numelui de domeniu (mail.uaic.ro). Dac\u0103 exist\u0103 un host cu acela\u015fi nume ca acel al domeniului, este creat\u0103 o \u00eenregistrare MX &#8220;at\u00e2rnat\u0103&#8221; care nu este ata\u015fat\u0103 nici unui host existent. Altfel, mail-ul direc\u0163ionat c\u0103tre numele de domeniu este redirectat c\u0103tre &#8220;mail exchange-ul&#8221; definit \u00een \u00eenregistrarea MX. Acest lucru nu afecteaz\u0103 mail-urile trimise direct hosturilor individuale din domeniu. De exemplu, dac\u0103 exist\u0103 un domeniu MX pentru uaic.ro cu un &#8220;mail exchange&#8221;, mail.uaic.ro, atunci un mail c\u0103tre <a href=\"mailto:user@uaic.ro\">user@uaic.ro<\/a> va fi trimis la <a href=\"mailto:user@mail.uaic.ro\">user@mail.uaic.ro<\/a> .<\/div><\/dd>\n<\/dl>\n<ul>\n \t<li><strong><span style=\"color: #0000ff;\">Ce este un domeniu-larg de \u00eenregistr\u0103ri MX?<\/span><\/strong><\/li>\n<\/ul>\n<dl>\n \t<dd>\n<div style=\"text-align: justify;>Un domeniu-larg de \u00eenregistr\u0103ri MX se ata\u015feaz\u0103 la fiecare host \u00eenregistrat din domeniu. Acest lucru permite ca mail-urile s\u0103 fie trimise c\u0103tre un &#8220;mailhost&#8221; central atunci c\u00e2nd hosturile configurate incorect pot direc\u0163iona mail-ul &#8220;reply&#8221; \u00eenapoi c\u0103tre ma\u015fina local\u0103. Unii administratori descurajeaz\u0103 utilizarea serviciului &#8220;incoming sendmail&#8221; (mesaje care vin) pe ma\u015finile individuale deoarece aceasta a fost o metod\u0103 veche de compromitere a sistemului. \u00cen mod frecvent, sendmail-ul este &#8220;turned off&#8221; (scos din uz) pe ma\u015finile individuale \u015fi mail-urile sunt redirectate \u00eenapoi c\u0103tre un mailhost central mai securizat. Deoarece e posibil ca utilizatorii s\u0103 fi publicat o versiune local\u0103 a adresei lor de email, este important ca email-urile s\u0103 fie redirectate pentru a preveni \u00eentreruperea serviciului de po\u015ft\u0103 electronic\u0103.<\/div><\/dd>\n<\/dl>\n<ul>\n \t<li><strong><span style=\"color: #0000ff;\">Link-uri utile:<\/span><\/strong><span style=\"color: #0000ff;\">\n<\/span><\/li>\n<\/ul>\n<dl>\n \t<dd>\n<ul>\n \t<li><a href=\"http:\/\/en.wikipedia.org\/wiki\/Email\" target=\"_blank\" rel=\"noopener\">http:\/\/en.wikipedia.org\/wiki\/Email<\/a><\/li>\n<\/ul>\n<\/dd>\n<\/dl>\t\t\t\t\t\t\t\t<\/div>\n\t\t\t\t<\/div>\n\t\t\t\t\t<\/div>\n\t\t<\/div>\n\t\t\t\t\t<\/div>\n\t\t<\/section>\n\t\t\t\t<\/div>\n\t\t<div class=\"gsp_post_data\" data-post_type=\"page\" data-cat=\"\" data-modified=\"120\" data-title=\"MX\" data-home=\"https:\/\/dcd.uaic.ro\"><\/div>","protected":false},"excerpt":{"rendered":"<p>Mail Exchange Ce este mail exchange? &#8220;Mail exchange&#8221; este un alt nume pentru ma\u015fina a c\u0103rei func\u0163ie principal\u0103 este primirea \u015fi trimiterea mesajelor de po\u015ft\u0103 electronic\u0103 (email). Cunoscut\u0103 sub numele de &#8220;mailhost&#8221; (host de mail), &#8220;mailhub&#8221; (hub de mail) sau chiar &#8220;postoffice&#8221; (oficiu po\u015ftal), aceast\u0103 ma\u015fin\u0103 are de obicei o &#8220;ascultare&#8221; pe portul 25, pe [&hellip;]<\/p>\n","protected":false},"author":1,"featured_media":0,"parent":113,"menu_order":3,"comment_status":"closed","ping_status":"closed","template":"","meta":{"footnotes":""},"class_list":["post-623","page","type-page","status-publish","hentry"],"_links":{"self":[{"href":"https:\/\/dcd.uaic.ro\/index.php?rest_route=\/wp\/v2\/pages\/623","targetHints":{"allow":["GET"]}}],"collection":[{"href":"https:\/\/dcd.uaic.ro\/index.php?rest_route=\/wp\/v2\/pages"}],"about":[{"href":"https:\/\/dcd.uaic.ro\/index.php?rest_route=\/wp\/v2\/types\/page"}],"author":[{"embeddable":true,"href":"https:\/\/dcd.uaic.ro\/index.php?rest_route=\/wp\/v2\/users\/1"}],"replies":[{"embeddable":true,"href":"https:\/\/dcd.uaic.ro\/index.php?rest_route=%2Fwp%2Fv2%2Fcomments&post=623"}],"version-history":[{"count":0,"href":"https:\/\/dcd.uaic.ro\/index.php?rest_route=\/wp\/v2\/pages\/623\/revisions"}],"up":[{"embeddable":true,"href":"https:\/\/dcd.uaic.ro\/index.php?rest_route=\/wp\/v2\/pages\/113"}],"wp:attachment":[{"href":"https:\/\/dcd.uaic.ro\/index.php?rest_route=%2Fwp%2Fv2%2Fmedia&parent=623"}],"curies":[{"name":"wp","href":"https:\/\/api.w.org\/{rel}","templated":true}]}}