{"id":633,"date":"2010-10-06T13:25:34","date_gmt":"2010-10-06T10:25:34","guid":{"rendered":"http:\/\/dcd.uaic.ro\/?page_id=633"},"modified":"2022-10-25T11:06:19","modified_gmt":"2022-10-25T09:06:19","slug":"ftp","status":"publish","type":"page","link":"https:\/\/dcd.uaic.ro\/?page_id=633","title":{"rendered":"FTP"},"content":{"rendered":"\t\t<div data-elementor-type=\"wp-page\" data-elementor-id=\"633\" class=\"elementor elementor-633\">\n\t\t\t\t\t\t<section class=\"elementor-section elementor-top-section elementor-element elementor-element-57875a7a elementor-section-boxed elementor-section-height-default elementor-section-height-default\" data-id=\"57875a7a\" data-element_type=\"section\">\n\t\t\t\t\t\t<div class=\"elementor-container elementor-column-gap-default\">\n\t\t\t\t\t<div class=\"elementor-column elementor-col-100 elementor-top-column elementor-element elementor-element-375ecf5c\" data-id=\"375ecf5c\" data-element_type=\"column\">\n\t\t\t<div class=\"elementor-widget-wrap elementor-element-populated\">\n\t\t\t\t\t\t<div class=\"elementor-element elementor-element-27bec3d4 elementor-widget elementor-widget-text-editor\" data-id=\"27bec3d4\" data-element_type=\"widget\" data-widget_type=\"text-editor.default\">\n\t\t\t\t<div class=\"elementor-widget-container\">\n\t\t\t\t\t\t\t\t\t<p style=\"text-align: center;\"><strong>File Transfer Protocol (Protocol de Transfer de Fi\u015fiere)<\/strong><\/p>\n<p style=\"text-align: center;\"><strong>\u00a0<\/strong><\/p>\n\n<ul>\n \t<li><span style=\"color: #ff0000;\"><strong><span style=\"color: #0000ff;\">Generalit\u0103\u0163i\/Defini\u0163ii<\/span> <\/strong><\/span><\/li>\n<\/ul>\n<dl>\n \t<dd>\n<div style=\" text-align: justify;\">Internetul atrage mul\u0163i utilizatori pentru c\u0103 le ofer\u0103 posibilitatea de a consulta o varietate de programe, documenta\u0163ii, \u015ftiri \u015fi alte tipuri de resurse. Pentru a intra \u00een posesia fi\u015fierelor ce con\u0163in informa\u0163iile, to\u0163i ace\u015fti utilizatori folosesc programe bazate pe protocolul FTP, responsabile de transportul celor mai mari cantit\u0103\u0163i de date pe re\u0163ea. File Transfer Protocol (FTP) este serviciul care d\u0103 posibilitatea utilizatorilor de a transfera fi\u015fiere de la un calculator aflat \u00een Internet, care se nume\u015fte remote host, pe calculatorul local.\nFTP este cea mai folosit\u0103 metod\u0103 pentru transferul fi\u015fierelor, indiferent de tipul \u015fi dimensiunea acestora, de la un computer la altul, prin intermediul Internetului.<\/div><\/dd>\n<\/dl>\n<ul>\n \t<li><span style=\"color: #0000ff;\"><strong>Cum func\u0163ioneaz\u0103?<\/strong> <\/span><\/li>\n<\/ul>\n<dl>\n \t<dd>\n<div style=\" text-align: justify;\">FTP se folose\u015fte atunci c\u00e2nd:<\/div>\n<div style=\" text-align: justify;\">\n<ol>\n \t<li>se transfer\u0103 (<em>upload<\/em> ) pentru prima dat\u0103 fi\u015fierele unui sit la o gazd\u0103 web:\n<ul>\n \t<li>dac\u0103 vre\u0163i s\u0103 transfera\u0163i fi\u015fiere din calculatorul dvs. pe server trebuie s\u0103 face\u0163i <em>upload<\/em>, select\u00e2nd bine-n\u0163eles directorul \u00een care se g\u0103sesc fi\u015fierele. Fi\u015fierele sunt apoi copiate dintr-un director \u00een altul. Procedura este asem\u0103n\u0103toare cu copierea unor fi\u015fiere dintr-un director \u00een altul, pe un calculator.<\/li>\n<\/ul>\n<\/li>\n \t<li>se \u00eenlocuie\u015fte un fi\u015fier sau o imagine.<\/li>\n \t<li>se \u00eencarc\u0103 (<em>download<\/em> ) fi\u015fiere de pe un alt computer:\n<ul>\n \t<li>dac\u0103 v\u0103 intereseaz\u0103 anumite fi\u015fiere de pe serverul gazd\u0103 pute\u0163i alege op\u0163iunea <em>download<\/em> pentru a le putea transfera \u00eentr-un anumit director de pe calculatorul propriu.<\/li>\n<\/ul>\n<\/li>\n \t<li>se permite accesul unei alte persoane pentru a \u00eenc\u0103rca un fi\u015fier dintr-un anumit site.<\/li>\n<\/ol>\n<\/div><\/dd>\n \t<dd>\n<div style=\" text-align: justify;\">FTP transfer\u0103 fi\u015fiere text sau binar \u00eentre un server \u015fi un client FTP.<\/div><\/dd>\n \t<dd><\/dd>\n \t<dd>\n<div style=\" text-align: justify;\">Pentru a transfera un fi\u015fier de la un server FTP sau remote host, e nevoie de un program numit client FTP. Acestea sunt de dou\u0103 tipuri: cu interfa\u0163\u0103 grafic\u0103, sub Windows, OS2 etc., sau \u00een mod text, cu linie de comand\u0103, sub DOS, Unix etc. Utilizatorii FTP cu interfa\u0163\u0103 grafic\u0103 u\u015fureaz\u0103 munca, toate opera\u0163iile decurg\u00e2nd analog cu cele folosite pentru transferul de fi\u015fiere pe acela\u015fi calculator, dintr-un director \u00een altul.<\/div><\/dd>\n<\/dl>\n<ul>\n \t<li><strong><span style=\"color: #0000ff;\">Exemple: <\/span><\/strong><\/li>\n<\/ul>\n<dl>\n \t<dd>\n<div style=\" text-align: justify;\">\n\nUtilizatorii \u00een mod text folosesc comenzi standard, gen DOS. Dup\u0103 ce se realizeaz\u0103 conectarea la serverul dorit cu comanda <em>open nume_server<\/em> (ex: open <em><strong>ftp.uaic.ro<\/strong><\/em>), serverul va r\u0103spunde cu un mesaj de identificare ce con\u0163ine denumirea \u015fi tipul sistemului de operare pe care ruleaz\u0103. Apoi serverul cere utilizatorului s\u0103 introduc\u0103 un nume de utilizator (user) \u015fi o parol\u0103. Dac\u0103 serverul este unul public va permite accesul folosind ca nume de utilizator <em>anonymous<\/em> iar ca parol\u0103 adresa de po\u015ft\u0103 electronic\u0103. \u00cen continuare se vor folosi comenzi asem\u0103n\u0103toare cu cele DOS sau Unix, depinz\u00e2nd de sistemul de operare al serverului. Pentru a afla detalii legate de o comand\u0103, se tasteaz\u0103 \u00een cadrul aplica\u0163iei FTP <em>help<\/em> \u015fi apoi <em>help comanda<\/em>, unde <em>comanda<\/em> este comanda despre care se doresc informa\u0163ii.\n\n<\/div><\/dd>\n<\/dl>\n<ul>\n \t<li><span style=\"color: #0000ff;\"><strong> Leg\u0103turi:<\/strong><\/span><\/li>\n<\/ul>\n<dl>\n \t<dd>\n<ul>\n \t<li><a href=\"http:\/\/en.wikipedia.org\/wiki\/File_Transfer_Protocol\" target=\"_blank\" rel=\"noopener\">http:\/\/en.wikipedia.org\/wiki\/File_Transfer_Protocol<\/a><\/li>\n<\/ul>\n<\/dd>\n<\/dl>\n<!--- WEB-PROFESSIONAL-SITE-CONTENT:end --->\t\t\t\t\t\t\t\t<\/div>\n\t\t\t\t<\/div>\n\t\t\t\t\t<\/div>\n\t\t<\/div>\n\t\t\t\t\t<\/div>\n\t\t<\/section>\n\t\t\t\t<\/div>\n\t\t<div class=\"gsp_post_data\" data-post_type=\"page\" data-cat=\"\" data-modified=\"120\" data-title=\"FTP\" data-home=\"https:\/\/dcd.uaic.ro\"><\/div>","protected":false},"excerpt":{"rendered":"<p>File Transfer Protocol (Protocol de Transfer de Fi\u015fiere) \u00a0 Generalit\u0103\u0163i\/Defini\u0163ii Internetul atrage mul\u0163i utilizatori pentru c\u0103 le ofer\u0103 posibilitatea de a consulta o varietate de programe, documenta\u0163ii, \u015ftiri \u015fi alte tipuri de resurse. Pentru a intra \u00een posesia fi\u015fierelor ce con\u0163in informa\u0163iile, to\u0163i ace\u015fti utilizatori folosesc programe bazate pe protocolul FTP, responsabile de transportul celor [&hellip;]<\/p>\n","protected":false},"author":1,"featured_media":0,"parent":113,"menu_order":4,"comment_status":"closed","ping_status":"closed","template":"","meta":{"footnotes":""},"class_list":["post-633","page","type-page","status-publish","hentry"],"_links":{"self":[{"href":"https:\/\/dcd.uaic.ro\/index.php?rest_route=\/wp\/v2\/pages\/633","targetHints":{"allow":["GET"]}}],"collection":[{"href":"https:\/\/dcd.uaic.ro\/index.php?rest_route=\/wp\/v2\/pages"}],"about":[{"href":"https:\/\/dcd.uaic.ro\/index.php?rest_route=\/wp\/v2\/types\/page"}],"author":[{"embeddable":true,"href":"https:\/\/dcd.uaic.ro\/index.php?rest_route=\/wp\/v2\/users\/1"}],"replies":[{"embeddable":true,"href":"https:\/\/dcd.uaic.ro\/index.php?rest_route=%2Fwp%2Fv2%2Fcomments&post=633"}],"version-history":[{"count":0,"href":"https:\/\/dcd.uaic.ro\/index.php?rest_route=\/wp\/v2\/pages\/633\/revisions"}],"up":[{"embeddable":true,"href":"https:\/\/dcd.uaic.ro\/index.php?rest_route=\/wp\/v2\/pages\/113"}],"wp:attachment":[{"href":"https:\/\/dcd.uaic.ro\/index.php?rest_route=%2Fwp%2Fv2%2Fmedia&parent=633"}],"curies":[{"name":"wp","href":"https:\/\/api.w.org\/{rel}","templated":true}]}}