{"id":705,"date":"2010-10-06T14:51:49","date_gmt":"2010-10-06T11:51:49","guid":{"rendered":"http:\/\/dcd.uaic.ro\/?page_id=705"},"modified":"2025-11-13T12:01:50","modified_gmt":"2025-11-13T10:01:50","slug":"parola","status":"publish","type":"page","link":"https:\/\/dcd.uaic.ro\/?page_id=705","title":{"rendered":"Parola"},"content":{"rendered":"\t\t<div data-elementor-type=\"wp-page\" data-elementor-id=\"705\" class=\"elementor elementor-705\">\n\t\t\t\t\t\t<section class=\"elementor-section elementor-top-section elementor-element elementor-element-266f6a41 elementor-section-boxed elementor-section-height-default elementor-section-height-default\" data-id=\"266f6a41\" data-element_type=\"section\">\n\t\t\t\t\t\t<div class=\"elementor-container elementor-column-gap-default\">\n\t\t\t\t\t<div class=\"elementor-column elementor-col-100 elementor-top-column elementor-element elementor-element-40f3c1b6\" data-id=\"40f3c1b6\" data-element_type=\"column\">\n\t\t\t<div class=\"elementor-widget-wrap elementor-element-populated\">\n\t\t\t\t\t\t<div class=\"elementor-element elementor-element-c25055a elementor-align-center elementor-button-warning elementor-widget elementor-widget-button\" data-id=\"c25055a\" data-element_type=\"widget\" data-widget_type=\"button.default\">\n\t\t\t\t<div class=\"elementor-widget-container\">\n\t\t\t\t\t\t\t\t\t<div class=\"elementor-button-wrapper\">\n\t\t\t\t\t<a class=\"elementor-button elementor-button-link elementor-size-sm\" href=\"https:\/\/register.uaic.ro\/password\/\" target=\"_blank\">\n\t\t\t\t\t\t<span class=\"elementor-button-content-wrapper\">\n\t\t\t\t\t\t<span class=\"elementor-button-icon\">\n\t\t\t\t<i aria-hidden=\"true\" class=\"fas fa-exclamation-triangle\"><\/i>\t\t\t<\/span>\n\t\t\t\t\t\t\t\t\t<span class=\"elementor-button-text\">Schimbare parol\u0103<\/span>\n\t\t\t\t\t<\/span>\n\t\t\t\t\t<\/a>\n\t\t\t\t<\/div>\n\t\t\t\t\t\t\t\t<\/div>\n\t\t\t\t<\/div>\n\t\t\t\t<div class=\"elementor-element elementor-element-7f384028 elementor-widget elementor-widget-text-editor\" data-id=\"7f384028\" data-element_type=\"widget\" data-widget_type=\"text-editor.default\">\n\t\t\t\t<div class=\"elementor-widget-container\">\n\t\t\t\t\t\t\t\t\t<blockquote><p><span style=\"color: #003300;\"><strong>Schimbarea parolei pe serverul mail.uaic.ro<\/strong><\/span><\/p><p style=\"text-align: justify;\"><span style=\"color: #003300;\">Pe serverul mail.uaic.ro parola oric\u0103rui cont expir\u0103 dup\u0103 90 de zile. De aceea, este necesar\u0103 schimbarea ei atunci c\u00e2nd expir\u0103 sau ori de c\u00e2te ori b\u0103nui\u0163i c\u0103 a fost vazut\u0103 de c\u0103tre altcineva. \u00cen situa\u0163ia \u00een care crede\u0163i c\u0103 s-a \u00eent\u00e2mplat ceva cu contul dvs. este indicat s\u0103 schimba\u021bi parola \u0219i s\u0103 ne contacta\u0163i la adresa <a style=\"color: #003300;\" href=\"mailto:sysadmin@uaic.ro\">sysadmin@uaic.ro<\/a>.<\/span><\/p><p style=\"text-align: justify;\"><span style=\"color: #003300;\">Cu 7 zile \u00eenainte de expirarea parolei fiecare utilizator prime\u0219te\u00a0 un e-mail de la<\/span> <a href=\"mailto:root@mailx.uaic.ro\">sysadmin@uaic.ro<\/a> <span style=\"color: #003300;\">cu subiectul:<\/span> <strong><span style=\"color: #ff0000;\">[IMPORTANT] V\u0103 expir\u0103 parola pe serverul mail.uaic.ro<\/span>.<\/strong><\/p><p style=\"text-align: justify;\"><span style=\"color: #003300;\">Pentru schimbarea parolei pute\u021bi opta pentru dou\u0103 variante:<\/span><\/p><ul><li><span style=\"color: #003300;\">utiliz\u00e2nd parola veche;<\/span><\/li><li><span style=\"color: #003300;\">gener\u00e2nd un PIN cu ajutorul c\u0103ruia o pute\u021bi schimba.<\/span><\/li><\/ul><\/blockquote><p style=\"text-align: justify;\"><span style=\"color: #0000ff;\"><span style=\"color: #ff0000;\"> <strong>IMPORTANT:<\/strong><\/span> <strong>Parola nou\u0103 trebuie s\u0103 aib\u0103 cel pu\u0163in 8 caractere (obligatoriu cifre \u015fi litere, o majuscul\u0103 \u0219i un caracter special) \u015fi s\u0103 nu fie un cuv\u00e2nt ce poate fi g\u0103sit \u00een dic\u0163ionarul limbii rom\u00e2ne sau al unei alte limbi de circula\u0163ie interna\u0163ional\u0103.<\/strong><\/span><\/p><p><strong>\u00a0<\/strong><\/p><p style=\"text-align: center;\"><span style=\"font-family: Arial; font-size: medium; color: #000000;\">Instruc\u0163iuni pentru parol\u0103 utilizator<\/span><\/p><p style=\"text-align: justify;\"><span style=\"color: #000000;\"><em><span style=\"font-family: Arial;\">Importan\u0163a parolelor \u015fi necesitatea protej\u0103rii lor<\/span> <\/em><\/span><\/p><p style=\"text-align: justify;\"><span style=\"color: #000000;\">Parola reprezint\u0103 cheia (punctul de intrare) c\u0103tre resursele Universit\u0103\u0163ii \u201cAlexandru Ioan Cuza\u201d \u015fi furnizeaz\u0103 acces la serverele de mail \u0219i re\u0163ea. Un hacker poate compromite un sistem cu o parol\u0103 slab\u0103.<\/span><br \/><span style=\"color: #000000;\">\u00centrebuin\u0163area gre\u015fit\u0103 sau parolele furate pot duce la accesarea informa\u0163iilor\u00a0 personale de c\u0103tre intru\u015fi (hackeri). De aceea, trebuie s\u0103 v\u0103 proteja\u0163i parolele, s\u0103 construi\u0163i parole complexe (care s\u0103 reziste la atac) \u015fi s\u0103 schimba\u0163i parola\u00a0 \u00een mod frecvent. <strong>G\u00e2ndi\u0163i-v\u0103 de dou\u0103 ori \u00eenainte de a utiliza o parol\u0103 slab\u0103!<\/strong><\/span><\/p><p style=\"text-align: justify;\"><span style=\"color: #000000;\">\u00cen r\u00e2ndurile de mai jos sunt prezentate c\u00e2teva date despre cum se poate proteja o parol\u0103, de ce trebuie luat \u00een considerare ca o parol\u0103 s\u0103 fie complex\u0103 \u0219i sunt descrise\u00a0 c\u00e2teva exemple de parole slabe \u015fi parole complexe, precum \u015fi moduri posibile de construc\u0163ie.<\/span><\/p><p style=\"text-align: justify;\"><span style=\"color: #000000;\"><strong> Important!<\/strong> Nu utiliza\u0163i parolele din exemplele de mai jos, ci doar considera\u0163i-le modele demne de urmat.<\/span><\/p><p style=\"text-align: justify;\"><span style=\"color: #000000;\"><em><span style=\"font-family: Arial;\">Sfaturi pentru protejarea parolei<\/span><\/em><\/span><\/p><div style=\"text-align: justify;\"><p style=\"text-align: justify;\"><span style=\"color: #000000;\"><strong>Furtul parolei poate fi posibil dac\u0103<\/strong>:<\/span><\/p><ul><li><span style=\"color: #000000;\">O persoan\u0103 v\u0103 aude \u00een momentul \u00een care spune\u021bi parola cuiva \u00een care ave\u0163i \u00eencredere;<\/span><\/li><li><span style=\"color: #000000;\">Cineva prive\u015fte peste um\u0103rul dvs. sau este al\u0103turi de dvs. \u00een momentul \u00een care scrie\u021bi parola;<\/span><\/li><li><span style=\"color: #000000;\">Nu se p\u0103streaz\u0103 parola \u00eentr-un loc sigur, ci se afi\u015feaz\u0103 pe o noti\u0163\u0103 lipit\u0103 pe o parte a monitorului sau se \u021bine o copie a parolei sub tastatur\u0103 sau \u00eentr-un sertar al biroului.<\/span><\/li><\/ul><p><span style=\"color: #000000;\"><strong>Parola dvs. este numai a dvs.!<\/strong> N-o dezv\u0103lui\u0163i nim\u0103nui, inclusiv \u015fefilor, personalului administrativ (de asisten\u0163\u0103) sau personalului IT.<\/span><\/p><ul><li><span style=\"color: #000000;\"><strong>Nu scrie\u0163i parolele dvs.!<\/strong> Nu a\u0163i scrie PIN-ul de pe cardul dvs., nu-i a\u015fa?<\/span><\/li><li><span style=\"color: #000000;\"><strong>Nu<\/strong> spune\u0163i parola cu voce tare, <strong>Nu<\/strong> trimite\u0163i e-mail cu parola dvs. unui coleg, <strong>Nu<\/strong> oferi\u0163i indicii\/sugestii despre cum ar putea ar\u0103ta parola dvs.!<\/span><\/li><\/ul><p style=\"text-align: justify;\"><span style=\"color: #000000;\"><em><span style=\"font-family: Arial;\">Parole slabe \/ Parole complexe<\/span><\/em><\/span><\/p><p style=\"text-align: justify;\"><span style=\"color: #000000;\"><strong>Parolele slabe<\/strong> sunt comune pentru c\u0103:<\/span><\/p><ul type=\"square\"><li><span style=\"color: #000000;\">Sunt u\u015for de \u0163inut minte pentru utilizatori;<\/span><\/li><li><span style=\"color: #000000;\">Includ informa\u0163ie personal\u0103 despre utilizator;<\/span><\/li><li><span style=\"color: #000000;\">Con\u021bin cuvinte cunoscute ce pot fi g\u0103site \u00een multe dic\u0163ionare de parole ale hackerilor;<\/span><\/li><li><span style=\"color: #000000;\">Con\u0163in secven\u0163e de caractere sau de numere sau substitu\u0163ii litere-la-numere, precum E pentru 3 sau O pentru 0.<\/span><\/li><\/ul><p><span style=\"color: #000000;\"><strong>Parole complexe:<\/strong><\/span><\/p><ul type=\"square\"><li><span style=\"color: #000000;\">Sunt de 6 caractere sau mai lungi;<\/span><\/li><li><span style=\"color: #000000;\">Nu trebuie s\u0103 con\u0163in\u0103 o parte din numele utilizatorului sau username;<\/span><\/li><li><span style=\"color: #000000;\">Nu trebuie folosit un termen u\u015for de ghicit de c\u0103tre cineva familiar cu dvs;<\/span><\/li><li><span style=\"color: #000000;\">Nu trebuie s\u0103 con\u0163in\u0103 nicio informa\u0163ie personal\u0103, spre exemplu, numele so\u021bului\/so\u0163iei sau numele unei str\u0103zi;<\/span><\/li><li><span style=\"color: #000000;\">Nu trebuie s\u0103 con\u0163in\u0103 numere de identificare personal\u0103, precum num\u0103rul de telefon, data na\u015fterii, sau o parte din codul numeric personal;<\/span><\/li><li><span style=\"color: #000000;\">Con\u0163in caractere din 3 din cele 4 clase de caractere.<\/span><\/li><\/ul><p><span style=\"color: #000000;\"><strong>Cele 4 clase de caractere sunt:<\/strong><\/span><\/p><ul type=\"square\"><li><span style=\"color: #000000;\">Litere mari din alfabetul englezesc (A,B,C\u2026);<\/span><\/li><li><span style=\"color: #000000;\">Litere mici din alfabetul englezesc (a,b,c,\u2026);<\/span><\/li><li><span style=\"color: #000000;\">Numere arabice (1,2,3,\u2026);<\/span><\/li><li><span style=\"color: #000000;\">Caractere speciale (!, *, $, sau alte semne de punctua\u0163ie).<\/span><\/li><\/ul><p><span style=\"color: #000000;\"><strong><em><span style=\"font-family: Arial;\">Exemple de parole proaste (slabe):<\/span> <\/em><\/strong><\/span><\/p><ul type=\"square\"><li><span style=\"color: #000000;\">Echipe sportive sau termeni: Steaua<\/span><\/li><li><span style=\"color: #000000;\">Secven\u0163e de numere: *12345*<\/span><\/li><li><span style=\"color: #000000;\">\u015eir cu o liter\u0103: AAAAA<\/span><\/li><li><span style=\"color: #000000;\">Secven\u0163\u0103 de litere mari \u015fi mici amestecate: AbcdEFgh<\/span><\/li><li><span style=\"color: #000000;\">Nume de companii: Compaq<\/span><\/li><li><span style=\"color: #000000;\">Secven\u0163e de caractere de la tastatur\u0103: QwERty sau AsdFgh<\/span><\/li><li><span style=\"color: #000000;\">Varia\u0163ii pe o tem\u0103 sunt tot parole slabe:<\/span><br \/><table border=\"0\" width=\"70%\" cellspacing=\"0\" cellpadding=\"0\"><tbody><tr><td valign=\"top\" width=\"30%\"><p><span style=\"color: #000000;\">Parola original\u0103:<\/span><\/p><ul><li><span style=\"color: #000000;\">John<\/span><\/li><li><span style=\"color: #000000;\">TechRepublic<\/span><\/li><li><span style=\"color: #000000;\">Tigru<\/span><\/li><li><span style=\"color: #000000;\">Login<\/span><\/li><li><span style=\"color: #000000;\">Password<\/span><\/li><\/ul><\/td><td><p><span style=\"color: #000000;\">Parola modificat\u0103:<\/span><\/p><ul><li><span style=\"color: #000000;\">John23<\/span><\/li><li><span style=\"color: #000000;\">1TechRepublic1<\/span><\/li><li><span style=\"color: #000000;\">Urgit<\/span><\/li><li><span style=\"color: #000000;\">Log-in<\/span><\/li><li><span style=\"color: #000000;\">Evita\u0163i mereu acest cuv\u00e2nt sau unul similar.<\/span><\/li><\/ul><\/td><\/tr><\/tbody><\/table><\/li><\/ul><p style=\"text-align: justify;\"><span style=\"color: #000000;\"><em>Modalit\u0103\u0163i de construc\u0163ie a parolelor complexe:<\/em><\/span><\/p><ul type=\"square\"><li style=\"list-style-type: none;\"><ul type=\"square\"><li><span style=\"color: #000000;\">Putem transforma exemplele de parole slabe de mai sus, \u00een unele ce con\u021bin parole complexe:<\/span><br \/><table border=\"0\" width=\"50%\" cellspacing=\"0\" cellpadding=\"0\"><tbody><tr><td valign=\"top\" width=\"50%\"><p><span style=\"color: #000000;\">Parola original\u0103:<\/span><\/p><ul><li><span style=\"color: #000000;\">Steaua<\/span><\/li><li><span style=\"color: #000000;\">Compaq<\/span><\/li><li><span style=\"color: #000000;\">QwERty<\/span><\/li><li><span style=\"color: #000000;\">John23<\/span><\/li><li><span style=\"color: #000000;\">1TechRepublic1<\/span><\/li><\/ul><\/td><td><p><span style=\"color: #000000;\">Noua parol\u0103:<\/span><\/p><ul><li><span style=\"color: #000000;\">S*6eA5a<\/span><\/li><li><span style=\"color: #000000;\">Com&amp;p7q<\/span><\/li><li><span style=\"color: #000000;\">Y7#RQ^e<\/span><\/li><li><span style=\"color: #000000;\">48Hn2%<\/span><\/li><li><span style=\"color: #000000;\">T3CH&amp;R3pU8Lic<\/span><\/li><\/ul><\/td><\/tr><\/tbody><\/table><\/li><\/ul><\/li><\/ul><ul type=\"square\"><li><div><p style=\"text-align: justify;\"><span style=\"color: #000000;\">G\u00e2ndi\u0163i-v\u0103 la un eveniment important (semnificativ) din via\u0163a dvs. De exemplu: &#8220;Am absolvit facultatea \u00een 2001&#8221;. Apoi, lua\u0163i prima liter\u0103 din fiecare cuv\u00e2nt pentru a forma parola. Din propozi\u0163ia de mai sus, parola format\u0103 este: &#8220;aafi2001&#8221;. Acum, pute\u0163i face parola mai complex\u0103. De exemplu, &#8220;A2fI201&#8221; include 3 din cele 4 clase de caractere disponibile, \u015fi deci este o parol\u0103 complex\u0103.<\/span><\/p><p><span style=\"color: #000000;\">\u00cen cazul \u00een care dori\u021bi s\u0103 fie mult mai greu de identificat, trebuie s\u0103 construi\u0163i o parol\u0103 din ultima liter\u0103 din fiecare cuv\u00e2nt al propozi\u0163iei. Ad\u0103uga\u0163i o alt\u0103 clas\u0103 de caractere pentru o mai bun\u0103 protec\u0163ie. De exemplu, separa\u0163i caracterele parolei din exemplul anterior cu un simbol \u015fi ob\u0163ine\u0163i: \u201cA2f%I201\u201d.<\/span><\/p><\/div><\/li><\/ul><p style=\"text-align: justify;\"><span style=\"color: #000000;\"><em><span style=\"font-family: Arial;\">Concluzii<\/span> <\/em><\/span><\/p><ul type=\"square\"><li><span style=\"color: #000000;\">Parola este cheia c\u0103tre resursele Universit\u0103\u0163ii &#8220;Alexandru Ioan Cuza&#8221;, Ia\u015fi;<\/span><\/li><li><span style=\"color: #000000;\">Parola complex\u0103 poate proteja contul dvs.;<\/span><\/li><li><span style=\"color: #000000;\">Construi\u0163i parole complexe care nu sunt evidente pentru persoanele familiare cu dvs.;<\/span><\/li><li><span style=\"color: #000000;\">Schimba\u0163i-v\u0103 parola \u00een mod frecvent.<\/span><\/li><\/ul><blockquote><p style=\"text-align: justify;\"><span style=\"color: #000080;\"><strong><em>NOT\u0102:<\/em> Schimbarea parolei dvs. de c\u0103tre angaja\u021bii D.C.D.I se va face numai \u00een cazuri excep\u0163ionale, aceasta expir\u0103 la ora 12.00AM a fiec\u0103rei zile. Aceast\u0103 m\u0103sur\u0103 a fost luat\u0103 deoarece din contul administratorului se poate folosi o parol\u0103 simpl\u0103.<\/strong><\/span><\/p><\/blockquote><\/div>\t\t\t\t\t\t\t\t<\/div>\n\t\t\t\t<\/div>\n\t\t\t\t\t<\/div>\n\t\t<\/div>\n\t\t\t\t\t<\/div>\n\t\t<\/section>\n\t\t\t\t<\/div>\n\t\t<div class=\"gsp_post_data\" data-post_type=\"page\" data-cat=\"\" data-modified=\"120\" data-title=\"Parola\" data-home=\"https:\/\/dcd.uaic.ro\"><\/div>","protected":false},"excerpt":{"rendered":"<p>Schimbare parol\u0103 Schimbarea parolei pe serverul mail.uaic.ro Pe serverul mail.uaic.ro parola oric\u0103rui cont expir\u0103 dup\u0103 90 de zile. De aceea, este necesar\u0103 schimbarea ei atunci c\u00e2nd expir\u0103 sau ori de c\u00e2te ori b\u0103nui\u0163i c\u0103 a fost vazut\u0103 de c\u0103tre altcineva. \u00cen situa\u0163ia \u00een care crede\u0163i c\u0103 s-a \u00eent\u00e2mplat ceva cu contul dvs. este indicat s\u0103 [&hellip;]<\/p>\n","protected":false},"author":1,"featured_media":0,"parent":116,"menu_order":2,"comment_status":"closed","ping_status":"closed","template":"","meta":{"footnotes":""},"class_list":["post-705","page","type-page","status-publish","hentry"],"_links":{"self":[{"href":"https:\/\/dcd.uaic.ro\/index.php?rest_route=\/wp\/v2\/pages\/705","targetHints":{"allow":["GET"]}}],"collection":[{"href":"https:\/\/dcd.uaic.ro\/index.php?rest_route=\/wp\/v2\/pages"}],"about":[{"href":"https:\/\/dcd.uaic.ro\/index.php?rest_route=\/wp\/v2\/types\/page"}],"author":[{"embeddable":true,"href":"https:\/\/dcd.uaic.ro\/index.php?rest_route=\/wp\/v2\/users\/1"}],"replies":[{"embeddable":true,"href":"https:\/\/dcd.uaic.ro\/index.php?rest_route=%2Fwp%2Fv2%2Fcomments&post=705"}],"version-history":[{"count":33,"href":"https:\/\/dcd.uaic.ro\/index.php?rest_route=\/wp\/v2\/pages\/705\/revisions"}],"predecessor-version":[{"id":6303,"href":"https:\/\/dcd.uaic.ro\/index.php?rest_route=\/wp\/v2\/pages\/705\/revisions\/6303"}],"up":[{"embeddable":true,"href":"https:\/\/dcd.uaic.ro\/index.php?rest_route=\/wp\/v2\/pages\/116"}],"wp:attachment":[{"href":"https:\/\/dcd.uaic.ro\/index.php?rest_route=%2Fwp%2Fv2%2Fmedia&parent=705"}],"curies":[{"name":"wp","href":"https:\/\/api.w.org\/{rel}","templated":true}]}}