{"id":714,"date":"2010-10-06T15:00:00","date_gmt":"2010-10-06T12:00:00","guid":{"rendered":"http:\/\/dcd.uaic.ro\/?page_id=714"},"modified":"2025-11-13T13:23:23","modified_gmt":"2025-11-13T11:23:23","slug":"telefonie-voip","status":"publish","type":"page","link":"https:\/\/dcd.uaic.ro\/?page_id=714","title":{"rendered":"Telefonie VoIP"},"content":{"rendered":"\t\t<div data-elementor-type=\"wp-page\" data-elementor-id=\"714\" class=\"elementor elementor-714\">\n\t\t\t\t\t\t<section class=\"elementor-section elementor-top-section elementor-element elementor-element-57550a16 elementor-section-boxed elementor-section-height-default elementor-section-height-default\" data-id=\"57550a16\" data-element_type=\"section\">\n\t\t\t\t\t\t<div class=\"elementor-container elementor-column-gap-default\">\n\t\t\t\t\t<div class=\"elementor-column elementor-col-100 elementor-top-column elementor-element elementor-element-598c7c6c\" data-id=\"598c7c6c\" data-element_type=\"column\">\n\t\t\t<div class=\"elementor-widget-wrap elementor-element-populated\">\n\t\t\t\t\t\t<div class=\"elementor-element elementor-element-442fc277 elementor-widget elementor-widget-text-editor\" data-id=\"442fc277\" data-element_type=\"widget\" data-widget_type=\"text-editor.default\">\n\t\t\t\t<div class=\"elementor-widget-container\">\n\t\t\t\t\t\t\t\t\t<p style=\"text-align: justify;\">Telefonia VoIP permite utilizatorului s\u0103 efectueze apeluri telefonice c\u0103tre orice telefon &#8211; software, mobil sau fix prin folosirea tehnologiei voce peste IP (VoIP &#8211; Voice over IP).<\/p><p style=\"text-align: justify;\">Sistemul de telefonie VoIP a fost instalat \u00een Universitate, este opera\u021bional \u0219i permite extinderea sistemului telefonic al Universit\u0103\u021bii cu un num\u0103r de posturi care este limitat doar de dimensiunea re\u021belei de date.<\/p><p>Numerota\u021bia pentru telefoanele VoIP se asigur\u0103 f\u0103r\u0103 reprezentare \u00een re\u021beaua na\u021bional\u0103 de telefonie, dar e asigurat\u0103 cu toate serviciile de acces \u00een sistemul na\u021bional \u0219i interna\u021bional de telefonie (\u00een func\u021bie de categoria postului telefonic &#8211; aprobat\u0103 de c\u0103tre conducerea Universit\u0103\u021bii).<\/p><p>Accesul din sistemul na\u021bional de telefonie \u00een re\u021beaua Universit\u0103\u021bii pentru numerele f\u0103r\u0103 reprezentare extern\u0103 se face \u00een sistem DISA prin apelarea din exterior a num\u0103rului 0232-201102, dup\u0103 care se formeaz\u0103 num\u0103rul de interior format din patru cifre.<\/p><p style=\"text-align: justify;\"><strong>Exemplu<\/strong> (pentru telefonul cu num\u0103rul de interior 2xxx (f\u0103r\u0103 reprezentare \u00een sistemul na\u021bional)):<\/p><ol><li style=\"text-align: justify;\">pentru acces \u00een re\u021beaua na\u021bional\u0103 se foloseste acela\u0219i sistem ca \u0219i pentru un telefon analogic sau digital conectat la centrala telefonic\u0103, adic\u0103 apelul se face prin prefixarea cu cifra 0 a num\u0103rului na\u021bional (inclusiv prefix na\u021bional sau interna\u021bional, dup\u0103 caz);<\/li><li style=\"text-align: justify;\">pentru accesul la acest num\u0103r din re\u021beaua na\u021bional\u0103 sau interna\u021bional\u0103 se formeaz\u0103 num\u0103rul +40 232 201102 (0232201102 din Rom\u00e2nia), dupa st\u0103bilirea circuitului r\u0103spunde sistemul de mesagerie al centralei VoIP care cere introducerea num\u0103rului de interior, \u00een exemplul nostru num\u0103rul 2xxx (\u00een sistem DTMF). Astfel se stabile\u0219te conexiunea cu telefonul de interior.<\/li><\/ol>\t\t\t\t\t\t\t\t<\/div>\n\t\t\t\t<\/div>\n\t\t\t\t\t<\/div>\n\t\t<\/div>\n\t\t\t\t\t<\/div>\n\t\t<\/section>\n\t\t\t\t<\/div>\n\t\t<div class=\"gsp_post_data\" data-post_type=\"page\" data-cat=\"\" data-modified=\"120\" data-title=\"Telefonie VoIP\" data-home=\"https:\/\/dcd.uaic.ro\"><\/div>","protected":false},"excerpt":{"rendered":"<p>Telefonia VoIP permite utilizatorului s\u0103 efectueze apeluri telefonice c\u0103tre orice telefon &#8211; software, mobil sau fix prin folosirea tehnologiei voce peste IP (VoIP &#8211; Voice over IP). Sistemul de telefonie VoIP a fost instalat \u00een Universitate, este opera\u021bional \u0219i permite extinderea sistemului telefonic al Universit\u0103\u021bii cu un num\u0103r de posturi care este limitat doar de [&hellip;]<\/p>\n","protected":false},"author":1,"featured_media":0,"parent":118,"menu_order":1,"comment_status":"closed","ping_status":"closed","template":"","meta":{"footnotes":""},"class_list":["post-714","page","type-page","status-publish","hentry"],"_links":{"self":[{"href":"https:\/\/dcd.uaic.ro\/index.php?rest_route=\/wp\/v2\/pages\/714","targetHints":{"allow":["GET"]}}],"collection":[{"href":"https:\/\/dcd.uaic.ro\/index.php?rest_route=\/wp\/v2\/pages"}],"about":[{"href":"https:\/\/dcd.uaic.ro\/index.php?rest_route=\/wp\/v2\/types\/page"}],"author":[{"embeddable":true,"href":"https:\/\/dcd.uaic.ro\/index.php?rest_route=\/wp\/v2\/users\/1"}],"replies":[{"embeddable":true,"href":"https:\/\/dcd.uaic.ro\/index.php?rest_route=%2Fwp%2Fv2%2Fcomments&post=714"}],"version-history":[{"count":3,"href":"https:\/\/dcd.uaic.ro\/index.php?rest_route=\/wp\/v2\/pages\/714\/revisions"}],"predecessor-version":[{"id":6345,"href":"https:\/\/dcd.uaic.ro\/index.php?rest_route=\/wp\/v2\/pages\/714\/revisions\/6345"}],"up":[{"embeddable":true,"href":"https:\/\/dcd.uaic.ro\/index.php?rest_route=\/wp\/v2\/pages\/118"}],"wp:attachment":[{"href":"https:\/\/dcd.uaic.ro\/index.php?rest_route=%2Fwp%2Fv2%2Fmedia&parent=714"}],"curies":[{"name":"wp","href":"https:\/\/api.w.org\/{rel}","templated":true}]}}