{"id":719,"date":"2010-10-06T15:03:22","date_gmt":"2010-10-06T12:03:22","guid":{"rendered":"http:\/\/dcd.uaic.ro\/?page_id=719"},"modified":"2022-10-31T12:17:10","modified_gmt":"2022-10-31T10:17:10","slug":"ipv6","status":"publish","type":"page","link":"https:\/\/dcd.uaic.ro\/?page_id=719","title":{"rendered":"IPv6"},"content":{"rendered":"\t\t<div data-elementor-type=\"wp-page\" data-elementor-id=\"719\" class=\"elementor elementor-719\">\n\t\t\t\t\t\t<section class=\"elementor-section elementor-top-section elementor-element elementor-element-2c3b592c elementor-section-boxed elementor-section-height-default elementor-section-height-default\" data-id=\"2c3b592c\" data-element_type=\"section\">\n\t\t\t\t\t\t<div class=\"elementor-container elementor-column-gap-default\">\n\t\t\t\t\t<div class=\"elementor-column elementor-col-100 elementor-top-column elementor-element elementor-element-4f5dfee2\" data-id=\"4f5dfee2\" data-element_type=\"column\">\n\t\t\t<div class=\"elementor-widget-wrap elementor-element-populated\">\n\t\t\t\t\t\t<div class=\"elementor-element elementor-element-16a8240b elementor-widget elementor-widget-text-editor\" data-id=\"16a8240b\" data-element_type=\"widget\" data-widget_type=\"text-editor.default\">\n\t\t\t\t<div class=\"elementor-widget-container\">\n\t\t\t\t\t\t\t\t\t<p style=\"text-align: center;\"><strong>IP versiunea 6<\/strong><\/p>\n\n<dl>\n \t<dt><span style=\"color: #ff0000;\"><strong>\u00a0<span style=\"color: #0000ff;\">Generalit\u0103\u0163i\/Defini\u0163ii<\/span>\n<\/strong><\/span><\/dt>\n \t<dd>\n<div style=\"text-align: justify;\"><em>IP versiunea 6 sau IP Next Generation (IPng)<\/em> este noua versiune a <em>Protocolului Internet (IP)<\/em>. Acesta substituie \u00een mod progresiv versiunea IPv4 a protoculului IP responsabil \u00een momentul de fa\u0163\u0103 \u00een interconexiunile dintre routere \u015fi a miilor de re\u0163ele conectate la aceste componente de baz\u0103 a re\u0163elei internet actuale.\n<strong>IPv6<\/strong> a fost proiectat \u00een mod primar pentru a <em>extinde actuala problem\u0103 a spa\u0163iului de adrese<\/em> care devine insuficient \u015fi pentru acomodarea cre\u015fterii \u00een num\u0103r a re\u0163elelor pe glob prin cei 128 bi\u0163i lungime \u00een reprezentare care multiplic\u0103 poten\u0163ialul internet cu un factor de 2<sup>96<\/sup>.\nAcesta implic\u0103 o nou\u0103 structur\u0103 de adresare, noi tipuri de aplica\u0163ii, etc.\n2^{128}-1: 340282366920938463463374607431768211455 sta\u0163ii de <strong>IPv6<\/strong>!\n2^{128}-1: ffff:ffff:ffff:ffff:ffff:ffff:ffff:ffff (\u00een hexa)<\/div><\/dd>\n \t<dd><\/dd>\n \t<dd>\n<div><strong> C\u00e2teva din specifica\u0163iile \u00eembun\u0103t\u0103\u0163ite de IPv6: <\/strong><\/div><\/dd>\n \t<dt><\/dt>\n \t<dd>\n<ul>\n \t<li>Configurare &#8220;plug-and-play&#8221;.<\/li>\n \t<li>Routare\/manipulare mai eficient\u0103.<\/li>\n \t<li>Identificare prin &#8220;flow label&#8221; a unei conexiuni.<\/li>\n \t<li>Mecanism de securitate.<\/li>\n \t<li>Mobilitate.<\/li>\n \t<li>Posibilitatea unei tranzi\u0163ii optime de la IPv4 la <strong>IPv6<\/strong>.<\/li>\n<\/ul>\n<\/dd>\n \t<dd><\/dd>\n \t<dd>\n<div style=\"text-align: justify;\">\n\nAt\u00e2ta timp c\u00e2t stivele de protocoale <strong>IPv6<\/strong> \u015fi IPv4 nu pot interopera \u00een mod direct, au fost introduse standarde de compatibilit\u0103\u0163i \u00eentre IPv4 \u015fi <strong>IPv6<\/strong> care se realizeaz\u0103 prin posibilitatea de &#8220;tunel\u0103ri&#8221; a unui protocol \u00een cel\u0103lalt astfel \u00eenc\u00e2t <strong>IPv6<\/strong> s\u0103 poat\u0103 fi transportat de exemplu prin re\u0163eaua IPv4.\n\n\n<\/div><\/dd>\n \t<dd><\/dd>\n \t<dd><\/dd>\n \t<dt><span style=\"color: #0000ff;\">\n<strong><br \/>Inova\u0163ii<\/strong><\/span><\/dt>\n \t<dt><\/dt>\n \t<dd>\n<div style=\"text-align: justify;\">Cre\u015fterea neprev\u0103zut\u0103 a solicit\u0103rilor de conectare la Internet a impus c\u0103utarea unor noi solu\u0163ii pentru standardul de protocoale IPv4, \u00een primul r\u00e2nd pentru l\u0103rgirea capacit\u0103\u0163ii alocate pentru adrese \u015fi a cre\u015fterii nivelului de securizare a datelor vehiculate. Cu IPv6 problemele cheie ale adreselor, managementului pentru adrese \u015fi suportului pentru comunica\u0163ii multimedia sunt rezolvate.<\/div><\/dd>\n \t<dd>\n<div style=\"text-align: justify;\">Dezvoltarea rapid\u0103 a re\u0163elei Internet a condus la necesitatea reorganiz\u0103rii sistemului de adrese IP. Cei 32 bi\u0163i rezerva\u0163i pentru adrese la standardul IPv4 s-au dovedit insuficien\u0163i pentru asigurarea cererii de adrese alocate, \u00een special pentru utilizatorii mobili. Dup\u0103 numai 3 ani de la stabilirea direc\u0163iilor prioritare \u00een care se trebuia ac\u0163ionat, a ap\u0103rut IPv6, versiunea &#8220;next generation&#8221; a standardului pentru IP.<\/div><\/dd>\n \t<dd>\n<div style=\"text-align: justify;\">\n\nPrincipalele inova\u0163ii de care beneficiaz\u0103 pachetul de protocoale IPv6 sunt:\n<ul>\n \t<li>extinderea spa\u0163iului alocat pentru adrese;<\/li>\n \t<li>posibilitatea de autoconfigurare a unui host TCP\/IP \u00eentr-o adres\u0103 IP;<\/li>\n \t<li>suport pentru multimedia \u015fi aplica\u0163ii \u00een timp real;<\/li>\n \t<li>cre\u015fterea gradului de securizare a datelor (autentificarea, incriptarea \u015fi asigurarea integrit\u0103\u0163ii datelor care, aplicate la nivel de kernel, pot asigura securitatea \u00eentregului sistem, a aplica\u0163iilor care ruleaz\u0103 \u00een cadrul acestuia \u015fi a pachetelor de date transmise).<\/li>\n<\/ul>\n<\/div><\/dd>\n \t<dd>\n<div style=\"text-align: justify;\">Prin extinderea dimensiunii adreselor cu un factor de ordinul 4, de la 32 la 128 bi\u0163i, se ofer\u0103 un num\u0103r imens de adrese disponibile. \u00cen acela\u015fi timp, cre\u015fterea spa\u0163iului de adrese conduce, \u00een mod firesc, la implementarea unor proceduri de autoconfigurare. Structura de adrese de la IPv6 prevede o migrare u\u015foar\u0103 \u015fi gradat\u0103 c\u0103tre re\u0163elele bazate pe standardul IPv4. \u00centr-o prim\u0103 etap\u0103 se prevede transmisia datelor pe vechea infrastructur\u0103, prin \u00eencapsularea \u00een pachete compatibile IPv4, \u00eentre routere existente deja \u00een re\u0163ea. Pe m\u0103sura dezvolt\u0103rii tehnologice, noile routere IPv6 le vor \u00eenlocui pe cele din infrastructura actual\u0103.<\/div>\n<div style=\"text-align: justify;\">\n\n&nbsp;\n\n<\/div><\/dd>\n \t<dt><strong><span style=\"color: #0000ff;\">Avantajele suplimentare pe care le introduce IPv6 sunt:<\/span><\/strong><\/dt>\n \t<dd>\n<div style=\"text-align: justify;\">\n<ul>\n \t<li>Op\u0163iunile sunt specificate \u00eentr-o extensie a header-ului care este examinat\u0103 numai la destina\u0163ie, ceea ce conduce la cre\u015fterea performan\u0163ei globale a re\u0163elei.<\/li>\n \t<li style=\"text-align: justify;\">Introducerea adreselor anycast asigur\u0103 posibilitatea de a trimite un mesaj celei mai apropiate din ma\u015finile gateway posibile \u00een ideea c\u0103 oricare din ele poate s\u0103 rezolve \u00eenaintarea (forwarding) pachetelor mai departe \u00een re\u0163ea. Mesajele anycast pot fi folosite pentru actualizarea tabelelor de rutare de-a lungul liniilor de comunica\u0163ie.<\/li>\n \t<li style=\"text-align: justify;\">Pachetele pot fi identificate ca apar\u0163in\u00e2nd unui &#8220;flux de transmisie&#8221; particular astfel \u00eenc\u00e2t pachetele care sunt p\u0103r\u0163i ale unei prezent\u0103ri multimedia, de pild\u0103, care trebuie s\u0103 ajung\u0103 la destina\u0163ie \u00een timp real pot beneficia de un indicator QoS mult \u00eembun\u0103t\u0103\u0163it.<\/li>\n \t<li style=\"text-align: justify;\">Header-ul IPv6 include acum extensii ce permit unui pachet s\u0103 specifice un mecanism de autentificare \u00een leg\u0103tur\u0103 cu provenien\u0163a sa, pentru asigurarea integrit\u0103\u0163ii datelor \u015fi pentru asigurarea confiden\u0163ialit\u0103\u0163ii.<\/li>\n<\/ul>\n<\/div><\/dd>\n \t<dt><\/dt>\n \t<dd>\n<div style=\"text-align: justify;\">IPv6 \u00eencearc\u0103 s\u0103 fac\u0103 mai u\u015foar\u0103 construirea de routere mai rapide. El nu are de actualizat sume de control \u00een header pentru routere, nu are fragmentare \u00een routere, nu are op\u0163iuni \u00een header-ul principal IPv6 \u015fi are o dimensiune a cuv\u00e2ntului de 64 de bi\u0163i.\nDin nefericire adresele de lungimi mai mari (128 bi\u0163i) dau mai mult de lucru routerelor, ceea ce poate anula multe din avantajele sale fa\u0163\u0103 de IPv4. IPv6 ac\u0163ioneaz\u0103 \u00eentr-un anumit fel ca un update de caracteristici la IPv4.\nAsta \u00eenseamn\u0103 c\u0103 exist\u0103 un num\u0103r de lucruri ce pot fi prezente op\u0163ional \u00eentr-o implementare IPv4 \u00eens\u0103 ele sunt obligatorii \u00eentr-o implementare IPv6.\nCa exemplu amintim suportul pentru multicasting, configurarea automat\u0103 a host-ului, path MTU (Maximum Transmission Unit) discovery, \u015fi func\u0163ii de securitate IP. \u00cen IPv4 toate caracteristicile enumerate sunt op\u0163ionale. \u00cen IPv6 putem fi \u00eens\u0103 siguri c\u0103 toate implement\u0103rile echivalente vor fi puse la dispozi\u0163ia utilizatorului.\nAsta nu \u00eenseamn\u0103 c\u0103, dac\u0103 nu sunt necesare, ele trebuie \u015fi s\u0103 fie utilizate, adic\u0103 dac\u0103 implementarea este obligatoriu s\u0103 o aib\u0103, utilizatorul are op\u0163iunea s-o utilizeze sau nu \u00een func\u0163ie de necesit\u0103\u0163i).<\/div><\/dd>\n \t<dt><strong><span style=\"color: #0000ff;\"><br \/>Diferen\u0163e \u00eentre IPv6 \u015fi IPv4<\/span><\/strong><\/dt>\n \t<dd>\n<div style=\"text-align: justify;\">Adresele sunt extinse de la un format de 32 de bi\u0163i (4 octe\u0163i) la 128 de bi\u0163i (16 octe\u0163i) ceea ce face ca num\u0103rul posibil al dispozitivelor care pot fi conectate s\u0103 fie practic nelimitat.\nHeader-ul IPv6 este de lungime fix\u0103, iar op\u0163iunile sunt manevrate prin header-e \u00eenl\u0103n\u0163uite. Op\u0163iunile sunt separate \u00een trei categorii: hop-by-hop, destination &#8220;type 1&#8221; \u015fi destination &#8220;type 2&#8221;. Aceasta permite routerelor s\u0103 determine ce op\u0163iuni trebuie s\u0103 caute, \u015fi ce nu.\nFragmentarea a fost mutat\u0103 din header-ul de baz\u0103 \u00een IPv4 la un header \u00eenl\u0103n\u0163uit. Fragmentarea este acum numai de tip cap\u0103t-la-cap\u0103t, niciodat\u0103 intermediar\u0103. Routerele nu vor trebui niciodat\u0103 s\u0103 fragmenteze pachetele IPv6.<\/div><\/dd>\n \t<dt><\/dt>\n \t<dd>\n<div style=\"text-align: justify;\">IPv6 are un c\u00e2mp rezervat unei &#8220;etichete de flux&#8221; (flow label) care poate ajuta unele aplica\u0163ii QoS, implementate IPv6, s\u0103 aib\u0103 suport multicasting, securitate IP \u015fi Path MTU Discovery.\nNeighbor Discovery \u00een IPv6 \u00eenlocuie\u015fte ARP \u00een IPv4. ND ar trebui s\u0103 lucreze asupra tuturor link-urilor ce ofer\u0103 suport IPv6, spre deosebire de ARP, ce era de fapt o familie de protocoale u\u015for diferite specifice unor tipuri de link-uri \u015fi topologii particulare.<\/div><\/dd>\n \t<dt><\/dt>\n \t<dd>\n<div style=\"text-align: justify;\">ND folose\u015fte tehnologii multicast iar ARP broadcast, ceea ce va elimina problemele de tip &#8220;broadcast storms&#8221; \u015fi va permite utilizarea unor dispozitive bridge inteligente \u00eentre re\u0163ele pentru a separa oarecum traficul ND.<\/div><\/dd>\n \t<dt><\/dt>\n \t<dd>\n<div style=\"text-align: justify;\">ND opereaz\u0103 peste IPv6, ceea ce \u00eenseamn\u0103 c\u0103 poate fi utilizat \u015fi cu IPsec (IP Security) pentru a asigura caracteristici de securitate ca autentificarea \u015fi\/sau confiden\u0163ialitatea pentru comunica\u0163iile locale.<\/div><\/dd>\n \t<dt><\/dt>\n \t<dd><\/dd>\n \t<dd><\/dd>\n \t<dt><span style=\"color: #0000ff;\"><br \/><strong>Leg\u0103turi:<\/strong><\/span><\/dt>\n \t<dt><\/dt>\n \t<dd>\n<ul>\n \t<li><a title=\"http:\/\/en.wikipedia.org\/wiki\/IPv6\" href=\"http:\/\/en.wikipedia.org\/wiki\/IPv6\" target=\"_blank\" rel=\"noopener\">http:\/\/en.wikipedia.org\/wiki\/IPv6<\/a><\/li>\n \t<li><a href=\"http:\/\/ro.wikipedia.org\/wiki\/IPv6\" target=\"_blank\" rel=\"noopener\">http:\/\/ro.wikipedia.org\/wiki\/IPv6<\/a><\/li>\n \t<li><a href=\"http:\/\/ipv6.com\/\" target=\"_blank\" rel=\"noopener\">http:\/\/ipv6.com<\/a><\/li>\n<\/ul>\n&nbsp;<\/dd>\n<\/dl>\t\t\t\t\t\t\t\t<\/div>\n\t\t\t\t<\/div>\n\t\t\t\t\t<\/div>\n\t\t<\/div>\n\t\t\t\t\t<\/div>\n\t\t<\/section>\n\t\t\t\t<\/div>\n\t\t<div class=\"gsp_post_data\" data-post_type=\"page\" data-cat=\"\" data-modified=\"120\" data-title=\"IPv6\" data-home=\"https:\/\/dcd.uaic.ro\"><\/div>","protected":false},"excerpt":{"rendered":"<p>IP versiunea 6 \u00a0Generalit\u0103\u0163i\/Defini\u0163ii IP versiunea 6 sau IP Next Generation (IPng) este noua versiune a Protocolului Internet (IP). Acesta substituie \u00een mod progresiv versiunea IPv4 a protoculului IP responsabil \u00een momentul de fa\u0163\u0103 \u00een interconexiunile dintre routere \u015fi a miilor de re\u0163ele conectate la aceste componente de baz\u0103 a re\u0163elei internet actuale. IPv6 a [&hellip;]<\/p>\n","protected":false},"author":1,"featured_media":0,"parent":121,"menu_order":1,"comment_status":"closed","ping_status":"closed","template":"","meta":{"footnotes":""},"class_list":["post-719","page","type-page","status-publish","hentry"],"_links":{"self":[{"href":"https:\/\/dcd.uaic.ro\/index.php?rest_route=\/wp\/v2\/pages\/719","targetHints":{"allow":["GET"]}}],"collection":[{"href":"https:\/\/dcd.uaic.ro\/index.php?rest_route=\/wp\/v2\/pages"}],"about":[{"href":"https:\/\/dcd.uaic.ro\/index.php?rest_route=\/wp\/v2\/types\/page"}],"author":[{"embeddable":true,"href":"https:\/\/dcd.uaic.ro\/index.php?rest_route=\/wp\/v2\/users\/1"}],"replies":[{"embeddable":true,"href":"https:\/\/dcd.uaic.ro\/index.php?rest_route=%2Fwp%2Fv2%2Fcomments&post=719"}],"version-history":[{"count":0,"href":"https:\/\/dcd.uaic.ro\/index.php?rest_route=\/wp\/v2\/pages\/719\/revisions"}],"up":[{"embeddable":true,"href":"https:\/\/dcd.uaic.ro\/index.php?rest_route=\/wp\/v2\/pages\/121"}],"wp:attachment":[{"href":"https:\/\/dcd.uaic.ro\/index.php?rest_route=%2Fwp%2Fv2%2Fmedia&parent=719"}],"curies":[{"name":"wp","href":"https:\/\/api.w.org\/{rel}","templated":true}]}}