{"id":729,"date":"2010-10-06T15:14:40","date_gmt":"2010-10-06T12:14:40","guid":{"rendered":"http:\/\/dcd.uaic.ro\/?page_id=729"},"modified":"2022-11-01T14:55:15","modified_gmt":"2022-11-01T12:55:15","slug":"conferinte","status":"publish","type":"page","link":"https:\/\/dcd.uaic.ro\/?page_id=729","title":{"rendered":"Conferin\u0163e"},"content":{"rendered":"\t\t<div data-elementor-type=\"wp-page\" data-elementor-id=\"729\" class=\"elementor elementor-729\">\n\t\t\t\t\t\t<section class=\"elementor-section elementor-top-section elementor-element elementor-element-1e4f472d elementor-section-boxed elementor-section-height-default elementor-section-height-default\" data-id=\"1e4f472d\" data-element_type=\"section\">\n\t\t\t\t\t\t<div class=\"elementor-container elementor-column-gap-default\">\n\t\t\t\t\t<div class=\"elementor-column elementor-col-100 elementor-top-column elementor-element elementor-element-32d32c77\" data-id=\"32d32c77\" data-element_type=\"column\">\n\t\t\t<div class=\"elementor-widget-wrap elementor-element-populated\">\n\t\t\t\t\t\t<div class=\"elementor-element elementor-element-6591d0b0 elementor-widget elementor-widget-text-editor\" data-id=\"6591d0b0\" data-element_type=\"widget\" data-widget_type=\"text-editor.default\">\n\t\t\t\t<div class=\"elementor-widget-container\">\n\t\t\t\t\t\t\t\t\t<p style=\"text-align: justify;\">\u00cen zilele noastre, activit\u0103\u0163ile de educa\u0163ie \u015fi cercetare moderne sunt dependente de o infrastructur\u0103 de comunica\u0163ii de mare vitez\u0103 \u015fi de re\u0163ele de calculatoare bazate pe cea mai nou\u0103 tehnologie. Design-ul (proiectarea), implementarea \u015fi administrarea unor astfel de re\u0163ele, \u00eempreun\u0103 cu dezvoltarea de noi domenii de aplica\u0163ii nu sunt posibile f\u0103r\u0103 o bun\u0103 cunoa\u015ftere a domeniului re\u0163ele de calculatoare.<\/p>\n<p style=\"text-align: justify;\">Ce-a de-a doua edi\u0163ie a Conferin\u0163ei anuale RoEduNet, organizat\u0103 \u00een Ia\u015fi de Sucursala Ia\u015fi a RoEduNet \u015fi Universitatea &#8220;Alexandru Ioan Cuza&#8221;, Ia\u015fi, sub egida Ministerului Educa\u0163iei \u015fi Cercet\u0103rii, cu sprijinul partenerilor \u015fi <a href=\"http:\/\/conference.iasi.roedu.net\/default.php?t=site&amp;pgid=10&amp;lang=EN\" target=\"_blank\" rel=\"noopener\">sponsorilor<\/a>, a oferit oportunitatea schimbului de informa\u0163ii \u00een domeniul re\u0163ele de calculatoare: aspecte tehnice \u015fi strategice, subiecte legate de comunicare \u015fi aplicarea lor \u00een educa\u0163ie \u015fi cercetare.<\/p>\n<p style=\"text-align: justify;\">Ca \u015fi la prima edi\u0163ie organizat\u0103 de c\u0103tre RoEduNet Cluj, acest eveniment a oferit un cadru propice pentru reunirea mai multor personalit\u0103\u0163i marcante din domeniile tehnologiei informa\u0163iei \u015fi comunica\u0163iei digitale \u015fi a permis schimburi de idei \u015fi experien\u0163e, importante pentru noi \u015fi pentru to\u0163i participan\u0163ii.<\/p>\n<p style=\"text-align: justify;\">A 10 edi\u021bie a Conferentei Interna\u021bionale RoEduNet a coincis&nbsp; cu o alt\u0103 aniversare important\u0103 pentru activitatea de educa\u021bie \u0219i cercetare \u00een tehnologia re\u021belelor de calculatoare, 20 de ani de la prima&nbsp; conexiune din Rom\u00e2nia cu re\u021beaua de educa\u021bie \u0219i cercetare din Europa.<\/p>\n<p style=\"text-align: justify;\">Aceast\u0103 conferin\u021b\u0103 a avut un caracter interna\u021bional, peste 45 de lucrari din 7 \u021b\u0103ri&nbsp; au fost prezentate&nbsp; pe parcursul sesiunilor, acoperind o varitate de aspecte, pornind de la <em>New and Alternative Technologies<\/em> \u0219i termin\u00e2nd cu&nbsp; <em>Social Aspects of Networking Environment Today<\/em>.<\/p>\n<p style=\"text-align: justify;\">\u00cen zilele noastre, activit\u0103\u021bile moderne de educa\u021bie \u0219i cercetare depind puternic de o infrastructur\u0103 de comunica\u021bii de mare vitez\u0103 \u0219i de re\u021bele de calculatoare bazate pe cea mai nou\u0103 tehnologie.&nbsp;Proiectarea, implementarea, gestionarea unor astfel de re\u021bele, \u00eempreun\u0103 cu dezvoltarea de noi domenii de aplica\u021bie nu sunt posibile f\u0103r\u0103 o bun\u0103 cunoa\u0219tere a re\u021belelor de ultim\u0103 genera\u021bie.<\/p>\n<p style=\"text-align: justify;\">Cea de-a XXI-a edi\u021bie a Conferin\u021bei anuale a Agen\u021biei ARNIEC\/RoEduNet (&nbsp;<a href=\"https:\/\/translate.google.com\/website?sl=en&amp;tl=ro&amp;hl=ro&amp;client=webapp&amp;u=http:\/\/www.roedu.net\/\">Re\u021beaua Educa\u021bional\u0103 Rom\u00e2n\u0103<\/a>&nbsp;) a fost organizat\u0103 cu ajutorul Universit\u0103\u021bii \u201e&nbsp;<a href=\"https:\/\/translate.google.com\/website?sl=en&amp;tl=ro&amp;hl=ro&amp;client=webapp&amp;u=http:\/\/www.uaic.ro\">Alexandru Ioan Cuza\u201d din Ia\u0219i<\/a>&nbsp;,&nbsp;&nbsp;<a href=\"https:\/\/translate.google.com\/website?sl=en&amp;tl=ro&amp;hl=ro&amp;client=webapp&amp;u=https:\/\/www.upb.ro\">Universitatea Politehnica Bucure\u0219ti<\/a>&nbsp;,&nbsp;&nbsp;<a href=\"https:\/\/translate.google.com\/website?sl=en&amp;tl=ro&amp;hl=ro&amp;client=webapp&amp;u=https:\/\/www.umfst.ro\/\">Universitatea de Medicin\u0103, Farmacie, \u0218tiin\u021be \u0219i Tehnologie \u201eGeorge Emil Palade\u201d din T\u00e2rgu Mure\u0219<\/a>&nbsp;,&nbsp;<a href=\"https:\/\/translate.google.com\/website?sl=en&amp;tl=ro&amp;hl=ro&amp;client=webapp&amp;u=http:\/\/cmu.edu\">Universitatea Carnegie Mellon<\/a>&nbsp;, Pittsburgh, SUA, and&nbsp;<a href=\"https:\/\/translate.google.com\/website?sl=en&amp;tl=ro&amp;hl=ro&amp;client=webapp&amp;u=https:\/\/www.computer.org\">Capitolul IEEE Computer Society<\/a>&nbsp;Rom\u00e2nia, sub patronajul&nbsp;&nbsp;<a href=\"https:\/\/translate.google.com\/website?sl=en&amp;tl=ro&amp;hl=ro&amp;client=webapp&amp;u=http:\/\/www.edu.ro\/\">Ministerului Educa\u021biei Na\u021bionale \u0219i Cercet\u0103rii \u0218tiin\u021bifice<\/a> &nbsp;din Rom\u00e2nia, a oferit oportunit\u0103\u021bi speciale de schimb de informa\u021bii \u00een re\u021belele de calculatoare: aspecte tehnice \u0219i strategice, probleme de comunicare \u0219i, bine\u00een\u021beles, aplica\u021biile acestora \u00een educa\u021bie \u0219i cercetare.<\/p>\n<p style=\"text-align: justify;\">Datorit\u0103 pandemiei \u0219i a restric\u021biilor impuse, cea&nbsp; &nbsp;de a&nbsp;<em><strong>XXI<\/strong> -a edi\u021bie a Conferin\u021bei RoEduNet, Networking \u00een educa\u021bie \u0219i cercetare<\/em> fost organizat\u0103 online.<\/p>\n<p style=\"text-align: justify;\">\n<\/p><p style=\"text-align: justify;\">Detalii se pot g\u0103si pe site-ul official al <a href=\"https:\/\/events.roedu.net\/event\/5\/\" target=\"_blank\" rel=\"noopener\">Conferin\u0163ei RoEduNet<\/a>.<\/p>\t\t\t\t\t\t\t\t<\/div>\n\t\t\t\t<\/div>\n\t\t\t\t\t<\/div>\n\t\t<\/div>\n\t\t\t\t\t<\/div>\n\t\t<\/section>\n\t\t\t\t<\/div>\n\t\t<div class=\"gsp_post_data\" data-post_type=\"page\" data-cat=\"\" data-modified=\"120\" data-title=\"Conferin\u0163e\" data-home=\"https:\/\/dcd.uaic.ro\"><\/div>","protected":false},"excerpt":{"rendered":"<p>\u00cen zilele noastre, activit\u0103\u0163ile de educa\u0163ie \u015fi cercetare moderne sunt dependente de o infrastructur\u0103 de comunica\u0163ii de mare vitez\u0103 \u015fi de re\u0163ele de calculatoare bazate pe cea mai nou\u0103 tehnologie. Design-ul (proiectarea), implementarea \u015fi administrarea unor astfel de re\u0163ele, \u00eempreun\u0103 cu dezvoltarea de noi domenii de aplica\u0163ii nu sunt posibile f\u0103r\u0103 o bun\u0103 cunoa\u015ftere a [&hellip;]<\/p>\n","protected":false},"author":1,"featured_media":0,"parent":121,"menu_order":3,"comment_status":"closed","ping_status":"closed","template":"","meta":{"footnotes":""},"class_list":["post-729","page","type-page","status-publish","hentry"],"_links":{"self":[{"href":"https:\/\/dcd.uaic.ro\/index.php?rest_route=\/wp\/v2\/pages\/729","targetHints":{"allow":["GET"]}}],"collection":[{"href":"https:\/\/dcd.uaic.ro\/index.php?rest_route=\/wp\/v2\/pages"}],"about":[{"href":"https:\/\/dcd.uaic.ro\/index.php?rest_route=\/wp\/v2\/types\/page"}],"author":[{"embeddable":true,"href":"https:\/\/dcd.uaic.ro\/index.php?rest_route=\/wp\/v2\/users\/1"}],"replies":[{"embeddable":true,"href":"https:\/\/dcd.uaic.ro\/index.php?rest_route=%2Fwp%2Fv2%2Fcomments&post=729"}],"version-history":[{"count":0,"href":"https:\/\/dcd.uaic.ro\/index.php?rest_route=\/wp\/v2\/pages\/729\/revisions"}],"up":[{"embeddable":true,"href":"https:\/\/dcd.uaic.ro\/index.php?rest_route=\/wp\/v2\/pages\/121"}],"wp:attachment":[{"href":"https:\/\/dcd.uaic.ro\/index.php?rest_route=%2Fwp%2Fv2%2Fmedia&parent=729"}],"curies":[{"name":"wp","href":"https:\/\/api.w.org\/{rel}","templated":true}]}}