{"id":925,"date":"2011-01-05T12:07:15","date_gmt":"2011-01-05T09:07:15","guid":{"rendered":"http:\/\/dcd.uaic.ro\/?page_id=925"},"modified":"2025-11-13T11:37:07","modified_gmt":"2025-11-13T09:37:07","slug":"infrastructura","status":"publish","type":"page","link":"https:\/\/dcd.uaic.ro\/?page_id=925","title":{"rendered":"Infrastructur\u0103"},"content":{"rendered":"\t\t<div data-elementor-type=\"wp-page\" data-elementor-id=\"925\" class=\"elementor elementor-925\">\n\t\t\t\t\t\t<section class=\"elementor-section elementor-top-section elementor-element elementor-element-4f681c80 elementor-section-boxed elementor-section-height-default elementor-section-height-default\" data-id=\"4f681c80\" data-element_type=\"section\">\n\t\t\t\t\t\t<div class=\"elementor-container elementor-column-gap-default\">\n\t\t\t\t\t<div class=\"elementor-column elementor-col-100 elementor-top-column elementor-element elementor-element-7af90b2b\" data-id=\"7af90b2b\" data-element_type=\"column\">\n\t\t\t<div class=\"elementor-widget-wrap elementor-element-populated\">\n\t\t\t\t\t\t<div class=\"elementor-element elementor-element-6eefda7c elementor-widget elementor-widget-text-editor\" data-id=\"6eefda7c\" data-element_type=\"widget\" data-widget_type=\"text-editor.default\">\n\t\t\t\t<div class=\"elementor-widget-container\">\n\t\t\t\t\t\t\t\t\t<p style=\"text-align: justify;\">Tehnologiile \u00een schimbare pentru Internet necesit\u0103 o infrastructur\u0103 de comunica\u0163ii date cu performan\u0163e superioare.<\/p>\n<p style=\"text-align: justify;\">Sistemul de comunica\u0163ii al Universit\u0103\u0163ii &#8220;Alexandru Ioan Cuza&#8221;, Ia\u015fi, folose\u015fte o infrastructur\u0103 modern\u0103, comun\u0103 pentru comunica\u0163iile de date \u015fi telefonice, care se bazeaz\u0103 pe un sistem complex de cablare structurat\u0103, bazat pe fibr\u0103 optic\u0103 \u015fi cablu torsadat. Sunt interconectate toate cl\u0103dirile din Copou, inclusiv c\u0103minele studen\u0163e\u015fti sau cantina, folosind un sistem propriu de canale de comunica\u0163ii, precum \u015fi o serie de obiective aflate la distan\u0163\u0103: <a href=\"http:\/\/www.teologie.uaic.ro\/\" target=\"_blank\" rel=\"noopener\">Facultatea de Teologie Ortodox\u0103<\/a>, <a href=\"http:\/\/botanica.uaic.ro\/\">Gr\u0103dina Botanic\u0103, Ia\u015fi<\/a>, Cl\u0103direa RomTelecom a Universit\u0103\u021bii &#8220;Alexandru Ioan Cuza&#8221;, C\u0103minul Akademos, Casa Catargi, Casa Oblu etc. D.C.D. a realizat cablarea complet\u0103 structurat\u0103 date\/voce: corp B, corp C, corp D, c\u0103mine, Casa Catargi.<\/p>\n<p style=\"text-align: justify;\">Re\u0163eaua de comunica\u021bii de date este construit\u0103 folosind echipamente de re\u0163ea Cisco System. Serverele publice ale D.C.D.I folosesc sisteme de operare Open Source, \u00een special Linux. Sistemul de telefonie folose\u015fte o central\u0103 telefonic\u0103 Ericsson Consono MD110 modular\u0103, administrat\u0103 centralizat \u0219i un echipament de calcul pentru telefonia VoIP.<\/p>\n<p style=\"text-align: justify;\"><strong>Conexiuni \u00eentre cl\u0103diri (corpuri) &#8211; interconexiuni:<\/strong><\/p>\n<p style=\"text-align: justify;\">Fiecare cl\u0103dire a Universit\u0103\u0163ii &#8220;Alexandru Ioan Cuza&#8221;, Ia\u015fi,\u00a0 este\u00a0 cablat\u0103 prin fibra optic\u0103.<\/p>\n<p style=\"text-align: justify;\">Unul dintre obiectivele direc\u021biei este dezvoltarea re\u0163elei Universit\u0103\u0163ii &#8220;Alexandru Ioan Cuza&#8221;, printr-o politic\u0103 coerent\u0103 care s\u0103 asigure caracterul flexibil \u015fi deschis al acesteia. D.C.D.I proiecteaz\u0103 \u015fi execut\u0103 re\u0163ele de comunica\u0163ii pentru spa\u0163iile noi.<\/p>\n<p><\/p>\n<div class=\"wp-block-columns is-layout-flex wp-container-core-columns-is-layout-9d6595d7 wp-block-columns-is-layout-flex\">\n<div class=\"wp-block-column\" style=\"flex-basis: 100%;\">\n<p><\/p>\n<div class=\"wp-block-group\"><div class=\"wp-block-group__inner-container is-layout-flow wp-block-group-is-layout-flow\">\n<p><\/p>\n<figure class=\"wp-block-table is-style-regular has-small-font-size\">\n<table class=\"has-white-color has-text-color has-background\" style=\"background-color: #3107e3;\">\n<thead>\n<tr>\n<th style=\"text-align: center;\" colspan=\"3\"><strong>Situa\u0163ia echipamentelor \u00een timp:<\/strong><\/th>\n<\/tr>\n<tr>\n<th>1999<\/th>\n<th>2003<\/th>\n<th>2022<\/th>\n<\/tr>\n<\/thead>\n<tbody>\n<tr>\n<td><strong>Realiz\u0103ri:<\/strong> <br \/><br \/>800 de puncte de acces;<br \/>12 cl\u0103diri conectate cu fibr\u0103 optic\u0103;<br \/>444 numere de telefon;<br \/>15 cl\u0103diri conectate prin cablu de cupru;<br \/>12 cl\u0103diri deservite de telefoane prin linii \u00eenchiriate de voce.<br \/><br \/><strong>Resurse:<\/strong> <br \/><br \/>7 servere;<br \/>8 routere.<\/td>\n<td><strong>Realiz\u0103ri:<\/strong><br \/><br \/>2800 de puncte de acces;<br \/>17 cl\u0103diri conectate cu fibr\u0103 optic\u0103;<br \/>880 numere de telefon;<br \/>15 cl\u0103diri conectate prin cablu de cupru;<br \/>8 cl\u0103diri deservite de telefoane prin linii \u00eenchiriate de voce.<br \/><br \/><strong>Resurse:<\/strong> <br \/><br \/>8 servere;<br \/>8 routere.<\/td>\n<td><br \/><br \/><br \/><strong>Realiz\u0103ri:<\/strong><br \/><br \/>13701 de conexiuni;<br \/>36 cl\u0103diri conectate cu fibr\u0103 optic\u0103;<br \/>aproximativ 1400 circuite de voce<br \/>36 cladiri plus anexe deservite de telefoane<br \/><br \/><br \/><strong>Resurse:<\/strong> <br \/><br \/>329 switch-uri<br \/>2 routere de mare vitez\u0103<br \/>135 puncte acces wireless<br \/>35 de servere<br \/>2 firewall<br \/><br \/><\/td>\n<\/tr>\n<\/tbody>\n<tfoot style=\"text-align: center;\">\n<tr>\n<td>1999<\/td>\n<td>2003<\/td>\n<td>2022<\/td>\n<\/tr>\n<\/tfoot>\n<\/table>\n<\/figure>\n<p><\/p>\n<\/div><\/div>\n<p><\/p>\n<\/div>\n<p><\/p>\n<\/div>\n<p><!-- \/wp:columns --><\/p>\n<p><!-- wp:info-box\/infos {\"cId\":\"ccd948c3-8586-492b-9ec5-14b77584051c\"} --><\/p>\n<p><!-- wp:info-box\/info {\"cId\":\"1b95a7f7-c9f9-43ab-a366-5828ccee6244\",\"desc\":\"Tehnologiile \u00een schimbare pentru Internet necesit\u0103 o infrastructur\u0103 de comunica\u0163ii date cu performan\u0163e superioare.u003cbru003eSistemul de comunica\u0163ii al Universit\u0103\u0163ii u0022Alexandru Ioan Cuzau0022, Ia\u015fi, folose\u015fte o infrastructur\u0103 modern\u0103, comun\u0103 pentru comunica\u0163iile de date \u015fi telefonice, care se bazeaz\u0103 pe un sistem complex de cablare structurat\u0103, bazat pe fibr\u0103 optic\u0103 \u015fi cablu torsadat. Sunt interconectate toate cl\u0103dirile din Copou, inclusiv c\u0103minele studen\u0163e\u015fti sau\u00a0 cantina, folosind un sistem propriu de canale de comunica\u0163ii, precum \u015fi o serie de obiective aflate la distan\u0163\u0103: u003ca rel=u0022noreferrer noopeneru0022 href=u0022http:\/\/www.teologie.uaic.ro\/u0022 target=u0022_blanku0022u003eFacultatea de Teologie Ortodox\u0103u003c\/au003e, u003ca href=u0022http:\/\/botanica.uaic.ro\/u0022u003eGr\u0103dina Botanic\u0103, Ia\u015fiu003c\/au003e, Cladirea RomTelecom a Universitatii u0022Al. I. Cuzau0022, Caminul Akademos, Casa Catargi, Casa Oblu, etc. D.C.D. a realizat cablarea complet\u0103 structurat\u0103 date\/voce: corp B, corp C, corp D, c\u0103mine, Casa Catargi.u003cbru003eRe\u0163eaua de comunica\u0163ii de date este construit\u0103 folosind echipamente de re\u0163ea Cisco System. Serverele publice ale D.C.D. folosesc sisteme de operare Open Source, \u00een special Linux. Sistemul de telefonie folose\u015fte o central\u0103 telefonic\u0103 Ericsson Consono MD110 modular\u0103, administrat\u0103 centralizat \u0219i un echipament de calcul pentru telefonia VoIP.u003cbru003eu003cstrongu003eConexiuni \u00eentre cl\u0103diri (corpuri) - interconexiuni:u003c\/strongu003eu003cbru003eFiecare cl\u0103dire\u00a0 a Universit\u0103\u0163ii u0022Alexandru Ioan Cuzau0022, Ia\u015fi,\u00a0 este\u00a0 cablat\u0103 prin fibra optic\u0103.u003cbru003eUnul din obiectivele Departamentului de Comunica\u0163ii Digitale este dezvoltarea re\u0163elei Universit\u0103\u0163ii u0022Alexandru Ioan Cuzau0022, printr-o politic\u0103 coerent\u0103 care s\u0103 asigure caracterul flexibil \u015fi deschis al acesteia. D.C.D. proiecteaz\u0103 \u015fi execut\u0103 re\u0163ele de comunica\u0163ii pentru spa\u0163iile noi.u003cbru003eu003cstrongu003eSitua\u0163ia echipamentelor \u00een timp:u003cbru003eu003c\/strongu003eu003cbru003eu003cstrongu003e1999u003c\/strongu003eu003cbru003eu003cstrongu003e2003u003c\/strongu003eu003cbru003eu003cstrongu003e2011u003c\/strongu003eu003cbru003eu003cstrongu003e2015u003c\/strongu003eu003cbru003eu003cstrongu003eRealiz\u0103ri:u003c\/strongu003e 800 de puncte de acces;u003cbru003e12 cl\u0103diri conectate cu fibr\u0103 optic\u0103;u003cbru003e444 numere de telefon;u003cbru003e15 cl\u0103diri conectate prin cablu de cupru;u003cbru003e12 cl\u0103diri deservite de telefoane prin linii \u00eenchiriate de voce.u003cbru003eu003cstrongu003eResurse:u003c\/strongu003e 7 servere;u003cbru003e8 routere.u003cbru003eu003cstrongu003eRealiz\u0103ri:u003c\/strongu003e 2800 de puncte de acces;u003cbru003e17 cl\u0103diri conectate cu fibr\u0103 optic\u0103;u003cbru003e880 numere de telefon;u003cbru003e15 cl\u0103diri conectate prin cablu de cupru;u003cbru003e8 cl\u0103diri deservite de telefoane prin linii \u00eenchiriate de voce.u003cbru003eu003cstrongu003eResurse:u003c\/strongu003e 8 servere;u003cbru003e8 routere.u003cbru003eu003cstrongu003eRealiz\u0103ri:u003c\/strongu003e 9000 de conexiuni;u003cbru003e34 cl\u0103diri conectate cu fibr\u0103 optic\u0103;u003cbru003eaproximativ 1400 circuite de voceu003cbru003e34 cladiri plus anexe deservite de telefoaneu003cbru003eu003cstrongu003eResurse:u003c\/strongu003e 300 switch-uriu003cbru003e2 routere de mare vitez\u0103u003cbru003e45 puncte acces wirelessu003cbru003e20 de servereu003cbru003eu003cstrongu003eRealiz\u0103ri:u003c\/strongu003e 13700 de conexiuni;u003cbru003e36 cl\u0103diri conectate cu fibr\u0103 optic\u0103;u003cbru003eaproximativ 1400 circuite de voceu003cbru003e36 cladiri plus anexe deservite de telefoaneu003cbru003eu003cstrongu003eResurse:u003c\/strongu003e 311 switch-uriu003cbru003e3 routere de mare vitez\u0103u003cbru003e151 puncte acces wirelessu003cbru003e35 de servereu003cbru003e1 firewall\"} \/--><br \/><!-- \/wp:info-box\/infos --><\/p>\t\t\t\t\t\t\t\t<\/div>\n\t\t\t\t<\/div>\n\t\t\t\t\t<\/div>\n\t\t<\/div>\n\t\t\t\t\t<\/div>\n\t\t<\/section>\n\t\t\t\t<\/div>\n\t\t<div class=\"gsp_post_data\" data-post_type=\"page\" data-cat=\"\" data-modified=\"120\" data-title=\"Infrastructur\u0103\" data-home=\"https:\/\/dcd.uaic.ro\"><\/div>","protected":false},"excerpt":{"rendered":"<p>Tehnologiile \u00een schimbare pentru Internet necesit\u0103 o infrastructur\u0103 de comunica\u0163ii date cu performan\u0163e superioare. Sistemul de comunica\u0163ii al Universit\u0103\u0163ii &#8220;Alexandru Ioan Cuza&#8221;, Ia\u015fi, folose\u015fte o infrastructur\u0103 modern\u0103, comun\u0103 pentru comunica\u0163iile de date \u015fi telefonice, care se bazeaz\u0103 pe un sistem complex de cablare structurat\u0103, bazat pe fibr\u0103 optic\u0103 \u015fi cablu torsadat. Sunt interconectate toate cl\u0103dirile [&hellip;]<\/p>\n","protected":false},"author":1,"featured_media":0,"parent":111,"menu_order":6,"comment_status":"closed","ping_status":"closed","template":"","meta":{"footnotes":""},"class_list":["post-925","page","type-page","status-publish","hentry"],"_links":{"self":[{"href":"https:\/\/dcd.uaic.ro\/index.php?rest_route=\/wp\/v2\/pages\/925","targetHints":{"allow":["GET"]}}],"collection":[{"href":"https:\/\/dcd.uaic.ro\/index.php?rest_route=\/wp\/v2\/pages"}],"about":[{"href":"https:\/\/dcd.uaic.ro\/index.php?rest_route=\/wp\/v2\/types\/page"}],"author":[{"embeddable":true,"href":"https:\/\/dcd.uaic.ro\/index.php?rest_route=\/wp\/v2\/users\/1"}],"replies":[{"embeddable":true,"href":"https:\/\/dcd.uaic.ro\/index.php?rest_route=%2Fwp%2Fv2%2Fcomments&post=925"}],"version-history":[{"count":9,"href":"https:\/\/dcd.uaic.ro\/index.php?rest_route=\/wp\/v2\/pages\/925\/revisions"}],"predecessor-version":[{"id":6290,"href":"https:\/\/dcd.uaic.ro\/index.php?rest_route=\/wp\/v2\/pages\/925\/revisions\/6290"}],"up":[{"embeddable":true,"href":"https:\/\/dcd.uaic.ro\/index.php?rest_route=\/wp\/v2\/pages\/111"}],"wp:attachment":[{"href":"https:\/\/dcd.uaic.ro\/index.php?rest_route=%2Fwp%2Fv2%2Fmedia&parent=925"}],"curies":[{"name":"wp","href":"https:\/\/api.w.org\/{rel}","templated":true}]}}