{"id":933,"date":"2011-01-05T12:31:17","date_gmt":"2011-01-05T10:31:17","guid":{"rendered":"http:\/\/dcd.uaic.ro\/?page_id=933"},"modified":"2025-11-13T12:56:17","modified_gmt":"2025-11-13T10:56:17","slug":"outlook-express","status":"publish","type":"page","link":"https:\/\/dcd.uaic.ro\/?page_id=933","title":{"rendered":"Windows 11 Mail"},"content":{"rendered":"\t\t<div data-elementor-type=\"wp-page\" data-elementor-id=\"933\" class=\"elementor elementor-933\">\n\t\t\t\t\t\t<section class=\"elementor-section elementor-top-section elementor-element elementor-element-401c9bef elementor-section-boxed elementor-section-height-default elementor-section-height-default\" data-id=\"401c9bef\" data-element_type=\"section\">\n\t\t\t\t\t\t<div class=\"elementor-container elementor-column-gap-default\">\n\t\t\t\t\t<div class=\"elementor-column elementor-col-100 elementor-top-column elementor-element elementor-element-856d111\" data-id=\"856d111\" data-element_type=\"column\">\n\t\t\t<div class=\"elementor-widget-wrap elementor-element-populated\">\n\t\t\t\t\t\t<div class=\"elementor-element elementor-element-72deb373 elementor-widget elementor-widget-text-editor\" data-id=\"72deb373\" data-element_type=\"widget\" data-widget_type=\"text-editor.default\">\n\t\t\t\t<div class=\"elementor-widget-container\">\n\t\t\t\t\t\t\t\t\t<p>Clientul de e-mail din Windows 11 se g\u0103se\u0219te \u00een partea st\u00e2ng\u0103-jos, \u00een Taskbar. Totodat\u0103, aplica\u021bia de e-mail se poate g\u0103si cu ajutorul func\u021biei Search din Windows 11, c\u0103uta\u021bi &#8220;<span style=\"color: #ff00ff;\"><strong>Mail<\/strong><\/span>&#8220;.<\/p>\n<p><!-- \/wp:paragraph --><\/p>\n<p><!-- wp:paragraph --><\/p>\n<p><span style=\"color: #00ccff;\">Mesajele vor fi preluate automat, prin intermediul protocolului IMAP, de pe serverul de mail al Universit\u0103\u021bii \u201cAlexandru Ioan Cuza\u201d din Ia\u0219i, mail.uaic.ro, pe calculatorul dumneavoastr\u0103.<\/span><\/p>\n<p><!-- \/wp:paragraph --><\/p>\n<p><!-- wp:paragraph --><\/p>\n<div class=\"wp-block-image wp-image-2687 size-large\">\u00a0<span style=\"color: var( --e-global-color-text ); font-family: var( --e-global-typography-text-font-family ), Sans-serif; font-weight: var( --e-global-typography-text-font-weight ); font-style: inherit; text-transform: inherit;\">Pentru a configura aplica\u021bia pute\u021bi urma pa\u0219ii din tutorialul video:<\/span><\/div>\n<p>\u00a0<\/p>\n<p><!-- \/wp:paragraph --><\/p>\t\t\t\t\t\t\t\t<\/div>\n\t\t\t\t<\/div>\n\t\t\t\t<div class=\"elementor-element elementor-element-a898c3d elementor-widget elementor-widget-video\" data-id=\"a898c3d\" data-element_type=\"widget\" data-settings=\"{&quot;video_type&quot;:&quot;hosted&quot;,&quot;loop&quot;:&quot;yes&quot;,&quot;controls&quot;:&quot;yes&quot;}\" data-widget_type=\"video.default\">\n\t\t\t\t<div class=\"elementor-widget-container\">\n\t\t\t\t\t\t\t<div class=\"e-hosted-video elementor-wrapper elementor-open-inline\">\n\t\t\t\t\t<video class=\"elementor-video\" src=\"https:\/\/dcd.uaic.ro\/wp-content\/uploads\/2022\/11\/configurare-automata-utilizator-windows-mail.mp4\" loop=\"\" controls=\"\" preload=\"metadata\" controlsList=\"nodownload\" poster=\"https:\/\/dcd-new.uaic.ro\/wp-content\/uploads\/2022\/11\/windowsmail-A.png\"><\/video>\n\t\t\t\t<\/div>\n\t\t\t\t\t\t<\/div>\n\t\t\t\t<\/div>\n\t\t\t\t<div class=\"elementor-element elementor-element-c489fe1 elementor-widget elementor-widget-text-editor\" data-id=\"c489fe1\" data-element_type=\"widget\" data-widget_type=\"text-editor.default\">\n\t\t\t\t<div class=\"elementor-widget-container\">\n\t\t\t\t\t\t\t\t\t<p>Dup\u0103 accesarea butonului\u00a0<span style=\"color: #ff0000;\">Done<\/span>, clientul de mail va \u00eencepe s\u0103 \u00eencarce mesajele de pe serverul mail.uaic.ro.<\/p>\n<p>\u00cen cazul \u00een care \u00eent\u00e2mpina\u021bi erori pe parcursul ad\u0103ug\u0103rii contului, pute\u021bi configura \u0219i manual acest cont ca \u00een urm\u0103torul tutorial:<\/p>\t\t\t\t\t\t\t\t<\/div>\n\t\t\t\t<\/div>\n\t\t\t\t<div class=\"elementor-element elementor-element-eaa980f elementor-widget elementor-widget-video\" data-id=\"eaa980f\" data-element_type=\"widget\" data-settings=\"{&quot;video_type&quot;:&quot;hosted&quot;,&quot;loop&quot;:&quot;yes&quot;,&quot;controls&quot;:&quot;yes&quot;}\" data-widget_type=\"video.default\">\n\t\t\t\t<div class=\"elementor-widget-container\">\n\t\t\t\t\t\t\t<div class=\"e-hosted-video elementor-wrapper elementor-open-inline\">\n\t\t\t\t\t<video class=\"elementor-video\" src=\"https:\/\/dcd.uaic.ro\/wp-content\/uploads\/2022\/11\/Configurare-manuala-utilizator-Windows-Mail.mp4\" loop=\"\" controls=\"\" preload=\"metadata\" controlsList=\"nodownload\" poster=\"https:\/\/dcd-new.uaic.ro\/wp-content\/uploads\/2022\/11\/windowsmail-M.png\"><\/video>\n\t\t\t\t<\/div>\n\t\t\t\t\t\t<\/div>\n\t\t\t\t<\/div>\n\t\t\t\t\t<\/div>\n\t\t<\/div>\n\t\t\t\t\t<\/div>\n\t\t<\/section>\n\t\t\t\t<\/div>\n\t\t<div class=\"gsp_post_data\" data-post_type=\"page\" data-cat=\"\" data-modified=\"120\" data-title=\"Windows 11 Mail\" data-home=\"https:\/\/dcd.uaic.ro\"><\/div>","protected":false},"excerpt":{"rendered":"<p>Clientul de e-mail din Windows 11 se g\u0103se\u0219te \u00een partea st\u00e2ng\u0103-jos, \u00een Taskbar. Totodat\u0103, aplica\u021bia de e-mail se poate g\u0103si cu ajutorul func\u021biei Search din Windows 11, c\u0103uta\u021bi &#8220;Mail&#8220;. Mesajele vor fi preluate automat, prin intermediul protocolului IMAP, de pe serverul de mail al Universit\u0103\u021bii \u201cAlexandru Ioan Cuza\u201d din Ia\u0219i, mail.uaic.ro, pe calculatorul dumneavoastr\u0103. \u00a0Pentru [&hellip;]<\/p>\n","protected":false},"author":1,"featured_media":0,"parent":3698,"menu_order":1,"comment_status":"closed","ping_status":"closed","template":"","meta":{"footnotes":""},"class_list":["post-933","page","type-page","status-publish","hentry"],"_links":{"self":[{"href":"https:\/\/dcd.uaic.ro\/index.php?rest_route=\/wp\/v2\/pages\/933","targetHints":{"allow":["GET"]}}],"collection":[{"href":"https:\/\/dcd.uaic.ro\/index.php?rest_route=\/wp\/v2\/pages"}],"about":[{"href":"https:\/\/dcd.uaic.ro\/index.php?rest_route=\/wp\/v2\/types\/page"}],"author":[{"embeddable":true,"href":"https:\/\/dcd.uaic.ro\/index.php?rest_route=\/wp\/v2\/users\/1"}],"replies":[{"embeddable":true,"href":"https:\/\/dcd.uaic.ro\/index.php?rest_route=%2Fwp%2Fv2%2Fcomments&post=933"}],"version-history":[{"count":6,"href":"https:\/\/dcd.uaic.ro\/index.php?rest_route=\/wp\/v2\/pages\/933\/revisions"}],"predecessor-version":[{"id":6324,"href":"https:\/\/dcd.uaic.ro\/index.php?rest_route=\/wp\/v2\/pages\/933\/revisions\/6324"}],"up":[{"embeddable":true,"href":"https:\/\/dcd.uaic.ro\/index.php?rest_route=\/wp\/v2\/pages\/3698"}],"wp:attachment":[{"href":"https:\/\/dcd.uaic.ro\/index.php?rest_route=%2Fwp%2Fv2%2Fmedia&parent=933"}],"curies":[{"name":"wp","href":"https:\/\/api.w.org\/{rel}","templated":true}]}}